{"id":9079,"date":"2026-04-26T17:40:03","date_gmt":"2026-04-26T19:40:03","guid":{"rendered":"https:\/\/apotekar-online.rs\/?post_type=product&#038;p=9079"},"modified":"2026-04-26T17:53:11","modified_gmt":"2026-04-26T19:53:11","slug":"gelorevoice-cherry-20-pastila","status":"publish","type":"product","link":"https:\/\/apotekar-online.rs\/hu\/p\/gelorevoice-cherry-20-pastila\/","title":{"rendered":"Gelorevoice Cherry 20 pastila"},"content":{"rendered":"","protected":false},"excerpt":{"rendered":"<p><strong>M\u0171velet:<\/strong><br \/>\nGeloRevoice pastile dokazano brzo vra\u0107aju glas kod promuklosti, te pru\u017eaju efikasnu za\u0161titu nadra\u017eene usne duplje i sluznice \u017edrela.<br \/>\nSpeci\u00e1lis hidrog\u00e9l komplexet tartalmaznak hialuronsavval, amely v\u00e9d\u0151f\u00f3liak\u00e9nt m\u0171k\u00f6dik, \u00e9s befedi az irrit\u00e1lt ny\u00e1lkah\u00e1rty\u00e1t.<br \/>\nA ny\u00e1lkah\u00e1rtya v\u00e9dett marad.<br \/>\nAz \u00e1sv\u00e1nyi anyagok jelenl\u00e9te miatt a pasztill\u00e1k enyhe pezsg\u0151tabletta hat\u00e1s\u00faak.<\/p>\n<p><strong>Fogalmaz\u00e1s:\u00a0<\/strong><br \/>\nnatrijum\u00a0hijaluronat, ksantan, karbomer, manitol, ksilitol, aroma tre\u0161nje i mentola<\/p>\n<p><strong>Alkalmaz\u00e1s m\u00f3dja:<\/strong><br \/>\nNaponta t\u00f6bbsz\u00f6r, 2-3 \u00f3r\u00e1nk\u00e9nt sz\u00fcks\u00e9g szerint vegye be, maximum 6 pasztill\u00e1t.<br \/>\nA pasztill\u00e1k nem alkalmasak 6 \u00e9v alatti gyermekek sz\u00e1m\u00e1ra.<\/p>\n<p><strong>Csomagol\u00e1s:<\/strong>\u00a020 pastila<\/p>","protected":false},"featured_media":9080,"template":"","meta":[],"product_brand":[],"product_cat":[3054],"product_tag":[1709,3295,3294,3296,551,1757],"class_list":{"0":"post-9079","1":"product","2":"type-product","3":"status-publish","4":"has-post-thumbnail","6":"product_cat-akcija","7":"product_tag-betty","8":"product_tag-karbomer","9":"product_tag-ksantan","10":"product_tag-ksilitol","11":"product_tag-mentol","12":"product_tag-tresnja","14":"first","15":"instock","16":"shipping-taxable","17":"purchasable","18":"product-type-simple"},"ams_default_variation_id":0,"ams_product_points_reward":[],"ams_product_discount_percentage":0,"ams_price_to_display":765.9,"ams_acf":[],"jetpack_sharing_enabled":true,"_links":{"self":[{"href":"https:\/\/apotekar-online.rs\/hu\/wp-json\/wp\/v2\/product\/9079","targetHints":{"allow":["GET"]}}],"collection":[{"href":"https:\/\/apotekar-online.rs\/hu\/wp-json\/wp\/v2\/product"}],"about":[{"href":"https:\/\/apotekar-online.rs\/hu\/wp-json\/wp\/v2\/types\/product"}],"wp:featuredmedia":[{"embeddable":true,"href":"https:\/\/apotekar-online.rs\/hu\/wp-json\/wp\/v2\/media\/9080"}],"wp:attachment":[{"href":"https:\/\/apotekar-online.rs\/hu\/wp-json\/wp\/v2\/media?parent=9079"}],"wp:term":[{"taxonomy":"product_brand","embeddable":true,"href":"https:\/\/apotekar-online.rs\/hu\/wp-json\/wp\/v2\/product_brand?post=9079"},{"taxonomy":"product_cat","embeddable":true,"href":"https:\/\/apotekar-online.rs\/hu\/wp-json\/wp\/v2\/product_cat?post=9079"},{"taxonomy":"product_tag","embeddable":true,"href":"https:\/\/apotekar-online.rs\/hu\/wp-json\/wp\/v2\/product_tag?post=9079"}],"curies":[{"name":"wp","href":"https:\/\/api.w.org\/{rel}","templated":true}]}}