{"id":9083,"date":"2026-04-26T18:30:19","date_gmt":"2026-04-26T20:30:19","guid":{"rendered":"https:\/\/apotekar-online.rs\/?post_type=product&#038;p=9083"},"modified":"2026-04-26T18:30:19","modified_gmt":"2026-04-26T20:30:19","slug":"septanazal-za-decu-sprej-10ml","status":"publish","type":"product","link":"https:\/\/apotekar-online.rs\/hu\/p\/septanazal-za-decu-sprej-10ml\/","title":{"rendered":"Septanazal za decu sprej 10ml"},"content":{"rendered":"","protected":false},"excerpt":{"rendered":"<p>Hat\u00f3anyagok:\u00a0<a href=\"https:\/\/medik.rs\/genericki-lekovi\/ksilometazolin-hlorid-627\">Ksilometazolin hlorid<\/a>,\u00a0<a href=\"https:\/\/medik.rs\/genericki-lekovi\/dekspantenol-587\">Dexpanthenol<\/a><\/p>\n<p>&nbsp;<\/p>\n<p>Ovaj lek je sprej za nos.<br \/>\nSeptanazal za decu sadr\u017ei dve aktivne supstance: ksilometazolin (u obliku ksilometazolin-hidrohlorida) i<br \/>\ndekspantenol.<br \/>\nKsilometazolin su\u017eava krvne sudove sluzoko\u017ee nosa, \u0161to dovodi do smanjenja otoka sluzoko\u017ee nosa.<br \/>\nPosledicaovog efekta je smanjen ose\u0107aj zapu\u0161enosti nosa i bolja eliminacija sekreta iz nosa. Dekspantenol je<br \/>\nderivat pantotenske kiseline, vitamina koji ubrzava zarastanje rana i \u0161titi mukozne membrane.<br \/>\nSeptanazal za decu je namenjen za:<br \/>\n&#8211; smanjenje ose\u0107aja zapu\u0161enosti nosa (nazalne dekongestije) tokom zapaljenja sluzoko\u017ee nosa (rinitisa),<br \/>\n&#8211; pobolj\u0161anje zarastanja o\u0161te\u0107enja sluzoko\u017ee,<br \/>\n&#8211; za ubla\u017eavanje nealergijskog tipa zapaljenja sluzoko\u017ee nosa (vazomotornog rinitisa) i<br \/>\n&#8211; le\u010denje ote\u017eenog disanja na nos posle operacije nosa.<br \/>\nSeptanazal za decu je namenjen deci od 6 do 12 godina<\/p>\n<p>&nbsp;<\/p>\n<p>Upozorite lekara ako uzimate druge lekove, imate neku hroni\u010dnu bolest, neki poreme\u0107aj metabolizma,\u00a0preosetljivi ste na lekove ili ste imali alergijske reakcije na neke od njih.<br \/>\nLek Septanazal za decu ne sme se koristiti:<br \/>\n&#8211; ako je dete alergi\u010dno (preosetljivo) na aktivnu supstancu ili na neki drugi sastojak leka Septanazal za decu<br \/>\n&#8211; ako dete ima suvu inflamaciju (zapaljenje) sluzoko\u017ee nosa sa krasticama (rhinitis sicca),<br \/>\n&#8211; ako ste Vi ili ako je Va\u0161e dete imalo hirur\u0161ko otklanjanje pituitarne \u017elezde (hipofize) ili druge hiru\u0161ke\u00a0intervencije na meningeama (ovojnicama mozga),<br \/>\n&#8211; kod beba i dece mla\u0111e od 6 godina.<br \/>\nAko niste sigurni da li se bilo \u0161ta od navedenog odnosi na Va\u0161e dete, razgovarajte sa lekarom ili farmaceutom<br \/>\npre nego \u0161to po\u010dnete da upotrebljavate lek Septanazal za decu<\/p>\n<p>&nbsp;<\/p>\n<p>Proverite sa lekarom ili farmaceutom pre nego \u0161to po\u010dnete da upotrebljavate lek Septanazal za decu:<br \/>\n-ako dete uzima inhibitore monoamino oksidaze (MAO inhibitore) ili druge lekove koji mogu da dovedu do<br \/>\npove\u0107anja krvnog pritiska,<br \/>\n-ako dete ima povi\u0161en intraokularni pritisak, posebno kod glaukoma zatvorenog ugla,<br \/>\n&#8211; ako dete ima te\u0161ko oboljenje srca i krvnih sudova (npr. koronarnu bolest srca, povi\u0161en krvni pritisak\u00a0(hipertenziju),<br \/>\n&#8211; ako dete ima tumor sr\u017ei nadbubre\u017ene \u017elezde (feohromocitom),<br \/>\n&#8211; ako dete ima metaboli\u010dke poreme\u0107aje (npr. pove\u0107anu aktivnost \u0161titne \u017elezde (hipertireoidizam), dijabetes<br \/>\n(\u0161e\u0107ernu bolest),<br \/>\n&#8211; ako dete ima poreme\u0107aj metabolizma koji se naziva porfirija,<br \/>\n&#8211; ako pacijent ima dobro\u0107udno pove\u0107anje prostate (hiperplaziju prostate).<br \/>\nAko niste sigurni da li se bilo \u0161ta od navedenog odnosi na Va\u0161e dete, razgovarajte sa lekarom ili farmaceutom<br \/>\npre nego \u0161to po\u010dnete da upotrebljavate lek Septanazal za decu.<br \/>\nTokom hroni\u010dnog rinitisa, sprej upotrebljavati samo pod nadzorom lekara zbog opasnosti od nastanka atrofije<br \/>\nsluzoko\u017ee nosa. Molimo Vas, razgovarajte sa svojim lekarom ili farmaceutom pre upotrebe ovog leka.<br \/>\nGyermekek<br \/>\nDugotrajnu upotrebu ili uzimanje ve\u0107e doze od predvi\u0111ene treba izbegavati, posebno kod dece.<br \/>\nSeptanazal za decu sadr\u017ei koncentraciju leka koja je namenjena deci od 6 do 12 godina.<br \/>\nPrimena leka kod dece treba da bude pod Va\u0161im nadzorom.<br \/>\nAko niste sigurni da li se bilo \u0161ta od navedenog odnosi na Va\u0161e dete, razgovarajte sa lekarom ili farmaceutom pre<br \/>\nnego \u0161to po\u010dnete da upotrebljavate lek Septanazal za decu.<\/p>\n<p>&nbsp;<\/p>\n<p>Obavestite svog lekara ili farmaceuta ako Va\u0161e dete uzima ili je donedavno uzimalo neki drugi lek,\u00a0uklju\u010duju\u0107i i one koji se nabavljaju bez lekarskog recepta.<br \/>\nIstovremeno uzimanje Septanazala za decu sa pojedinim lekovima koji pobolj\u0161avaju raspolo\u017eenje (inhibitori\u00a0MAO tipa tranilcipromin ili tricikli\u010dnih antidepresiva) kao i sa lekovima koji pove\u0107avaju krvni pritisak mo\u017ee,\u00a0zbog uticaja na kardiovaskularne funkcije, da dovede do pove\u0107anja krvnog pritiska.<\/p>\n<p>&nbsp;<\/p>\n<p>Ovaj lek se mo\u017ee koristiti bez obzira na obroke.<\/p>\n<p>&nbsp;<\/p>\n<p>Miel\u0151tt b\u00e1rmilyen gy\u00f3gyszert elkezdene szedni, konzult\u00e1ljon orvos\u00e1val vagy gy\u00f3gyszer\u00e9sz\u00e9vel.<br \/>\nRecite svom lekaru ako ste trudni, ako nameravate da zatrudnite ili ako dojite.<br \/>\nSeptanazal za decu ne treba da koriste trudnice, jer nema dovoljno podataka o uticaju ovog leka na razvoj\u00a0ploda.<br \/>\nSeptanazal za decu ne treba da koriste dojilje, jer se ne zna da li se ksilometazolin-hidrohlorid izlu\u010duje u\u00a0maj\u010dino mleko.<\/p>\n<p>&nbsp;<\/p>\n<p>Lek Septanazal za decu uzimajte uvek ta\u010dno onako kako Vam je to objasnio Va\u0161 lekar. Ako niste sasvim\u00a0sigurni, proverite sa svojim lekarom ili farmaceutom.<br \/>\nUkoliko lekar ne odredi druga\u010dije, deca od 6 do 12 godina treba da ubrizgaju po jednu dozu leka Septanazal\u00a0za decu u svaku nozdrvu, do tri puta na dan, ako je potrebno, dr\u017ee\u0107i bo\u010dicu uspravno i udi\u0161u\u0107i kroz nos tokom\u00a0ubrizgavanja spreja.<br \/>\nDoza zavisi od individualne osetljivosti i klini\u010dkog odgovora.<br \/>\nUkoliko se dete ne ose\u0107a bolje ili se simptomi pogor\u0161aju nakon 3 dana terapije, molimo Vas obratite se\u00a0lekaru.<br \/>\nNe koristiti Septanazal za decu du\u017ee od 5 dana.<br \/>\nSlede\u0107a primena je mogu\u0107a samo nakon nekoliko dana pauze. Treba uvek konsultovati lekara o trajanju le\u010denja<br \/>\nkod dece.<\/p>\n<p>&nbsp;<\/p>\n<p>Ukoliko Va\u0161e dete uzme vi\u0161e leka nego \u0161to je trebalo, ili ako slu\u010dajno unese ve\u0107e koli\u010dine leka mogu se\u00a0pojaviti slede\u0107a ne\u017eeljena dejstva: su\u017eenje zenica (mioza), pro\u0161irenje zenica (midrijaza), groznica, znojenje,\u00a0bledilo ko\u017ee, plava prebojenost usana (cijanoza), mu\u010dnina, konvulzije, poreme\u0107aji srca i krvnih sudova\u00a0(ubrzan ili usporen sr\u010dani ritam, poreme\u0107aj sr\u010danog ritma, cirkulatorna slabost, zastoj srca, povi\u0161en krvni\u00a0pritisak (hipertenzija), respiratorni poreme\u0107aji (otok plu\u0107a, problemi sa disanjem), i mentalni poreme\u0107aji.<br \/>\nTako\u0111e se kod Va\u0161eg deteta mogu pojaviti: pospanost, sni\u017eenje telesne temperature, usporen sr\u010dani ritam,<br \/>\nsni\u017een krvni pritisak, zastoj disanja i koma.<br \/>\nU tom slu\u010daju odmah se obratite svom lekaru ili idite u najbli\u017eu medicinsku ustanovu. Ponesite sa sobom\u00a0bo\u010dicu s lekom kako bi lekar znao \u0161ta ste koristili.<\/p>\n<p>&nbsp;<\/p>\n<p>Kao svi lekovi, i lek Septanazal za decu mo\u017ee da izazove ne\u017eeljena dejstva, mada se ona ne moraju javiti kod<br \/>\nsvakoga.<br \/>\nA mell\u00e9khat\u00e1sok el\u0151fordul\u00e1si gyakoris\u00e1ga szerint a k\u00f6vetkez\u0151 csoportokba sorolhat\u00f3k:<br \/>\nVeoma \u010desto: javljaju se kod vi\u0161e od 1 na 10 korisnika<br \/>\n\u010cesto: javljaju se kod 1 do 10 na 100 korisnika<br \/>\nPovremeno: javljaju se kod 1 do 10 na 1.000 korisnika<br \/>\nRetko: javljaju se kod 1 do 10 na 10.000 korisnika<br \/>\nVeoma retko: javljaju se kod manje od 1 na 10.000 korisnika<br \/>\nIsmeretlen: a rendelkez\u00e9sre \u00e1ll\u00f3 adatokb\u00f3l nem becs\u00fclhet\u0151 meg<br \/>\nId\u0151szakosan:<br \/>\n&#8211; reakcije preosetljivosti(osip na ko\u017ei, svrab, oticanje ko\u017ee i sluzoko\u017ee).<br \/>\nRitk\u00e1n:<br \/>\n&#8211; ose\u0107aj lupanja srca, ubrzan rad srca, visok krvni pritisak.<br \/>\nVeoma retko:<br \/>\n&#8211; uznemirenost, halucinacije (posebno kod dece), problemi sa spavanjem,<br \/>\n&#8211; glavobolja, zamor,pospanost, sedacija, konvulzije (posebno kod dece),<br \/>\n&#8211; poreme\u0107aji sr\u010danog ritma (aritmija),<br \/>\n&#8211; pove\u0107anje otoka sluzoko\u017ee nosa, krvarenje iz nosa.<br \/>\nNepoznato:<br \/>\n&#8211; peckanje ili suvo\u0107a sluzoko\u017ee nosa, kijanje.<br \/>\nUkoliko neko ne\u017eeljeno dejstvo postane ozbiljno ili primetite neko ne\u017eeljeno dejstvo koje nije navedeno u\u00a0ovom uputstvu, molimo Vas da o tome obavestite svog lekara ili farmaceuta<\/p>","protected":false},"featured_media":9084,"template":"","meta":[],"product_brand":[3270],"product_cat":[3054],"product_tag":[1709],"class_list":{"0":"post-9083","1":"product","2":"type-product","3":"status-publish","4":"has-post-thumbnail","6":"product_brand-krka","7":"product_cat-akcija","8":"product_tag-betty","10":"first","11":"instock","12":"shipping-taxable","13":"product-type-simple"},"ams_default_variation_id":0,"ams_product_points_reward":[],"ams_product_discount_percentage":0,"ams_price_to_display":0,"ams_acf":[],"jetpack_sharing_enabled":true,"_links":{"self":[{"href":"https:\/\/apotekar-online.rs\/hu\/wp-json\/wp\/v2\/product\/9083","targetHints":{"allow":["GET"]}}],"collection":[{"href":"https:\/\/apotekar-online.rs\/hu\/wp-json\/wp\/v2\/product"}],"about":[{"href":"https:\/\/apotekar-online.rs\/hu\/wp-json\/wp\/v2\/types\/product"}],"wp:featuredmedia":[{"embeddable":true,"href":"https:\/\/apotekar-online.rs\/hu\/wp-json\/wp\/v2\/media\/9084"}],"wp:attachment":[{"href":"https:\/\/apotekar-online.rs\/hu\/wp-json\/wp\/v2\/media?parent=9083"}],"wp:term":[{"taxonomy":"product_brand","embeddable":true,"href":"https:\/\/apotekar-online.rs\/hu\/wp-json\/wp\/v2\/product_brand?post=9083"},{"taxonomy":"product_cat","embeddable":true,"href":"https:\/\/apotekar-online.rs\/hu\/wp-json\/wp\/v2\/product_cat?post=9083"},{"taxonomy":"product_tag","embeddable":true,"href":"https:\/\/apotekar-online.rs\/hu\/wp-json\/wp\/v2\/product_tag?post=9083"}],"curies":[{"name":"wp","href":"https:\/\/api.w.org\/{rel}","templated":true}]}}