{"id":9111,"date":"2026-05-03T07:53:05","date_gmt":"2026-05-03T09:53:05","guid":{"rendered":"https:\/\/apotekar-online.rs\/?post_type=product&#038;p=9111"},"modified":"2026-05-03T07:53:05","modified_gmt":"2026-05-03T09:53:05","slug":"oligovit-her-30-kapsule","status":"publish","type":"product","link":"https:\/\/apotekar-online.rs\/hu\/p\/oligovit-her-30-kapsule\/","title":{"rendered":"Oligovit HER, 30 kapsule"},"content":{"rendered":"","protected":false},"excerpt":{"rendered":"<p><strong>OLIGOVIT HER<\/strong>\u00a0je jedinstveni vitaminsko-mineralni kompleks koji sadr\u017ei 19 esencijalnih vitamina i minerala, posebno formulisan za \u017eene. Ovaj dodatak ishrani pru\u017ea visoke doze gvo\u017e\u0111a (Fe), vitamina K2 i vitamina D3, koji su klju\u010dni za odr\u017eavanje zdravlja, vitalnosti, podr\u0161ku obilnih ciklusa kao i prevenciju osteoporoze.<\/p>\n<p>Aktivni oblik folne kiseline dodatno podr\u017eava reproduktivno zdravlje, a jod normalno funckionisanje \u0161titne \u017elezde. Idealna kombinacija ovih nutrijenata podr\u017eava va\u0161e zdravlje i odr\u017eava hormonalni balans, poma\u017eu\u0107i vam da se izborite sa svakodnevnim izazovima, stresom , umorom i infekcijama.<\/p>\n<p class=\"uk-margin-remove\"><strong>Osnovna namena:<\/strong><\/p>\n<div>\n<p>Nutritivna podr\u0161ka \u017eenama kod: izlo\u017eenosti stresu i \/ili intenzivnom psiho-fizi\u010dkom radu, hroni\u010dnog umora i sklonosti infekcijama i kod obilnih ciklusa<\/p>\n<p class=\"uk-margin-remove\"><strong>A term\u00e9k \u00f6sszet\u00e9tele:<\/strong><\/p>\n<div>\n<p>vitamin B1, vitamin B2, niacin, pantotenska kiselina, vitamin B6, vitamin B12, folna kiselina, vitamin A, vitamin C, vitamin D, Vitamin E, vitamin K, biotin, gvo\u017e\u0111e, hrom, jod, mangan, selen, cink<\/p>\n<\/div>\n<\/div>","protected":false},"featured_media":9112,"template":"","meta":[],"product_brand":[3081],"product_cat":[3054],"product_tag":[3220,1709,233,185,279,330,292,293,1871,490,235,307,232,280],"class_list":{"0":"post-9111","1":"product","2":"type-product","3":"status-publish","4":"has-post-thumbnail","6":"product_brand-galenika","7":"product_cat-akcija","8":"product_tag-b2","9":"product_tag-betty","10":"product_tag-biotin","11":"product_tag-cink","12":"product_tag-folna-kiselina","13":"product_tag-gvozde","14":"product_tag-hrom","15":"product_tag-jod","16":"product_tag-mangan","17":"product_tag-niacin","18":"product_tag-selen","19":"product_tag-vitamin-b1","20":"product_tag-vitamin-b6","21":"product_tag-vitamin-k","23":"first","24":"instock","25":"sale","26":"shipping-taxable","27":"purchasable","28":"product-type-simple"},"ams_default_variation_id":0,"ams_product_points_reward":[],"ams_product_discount_percentage":20,"ams_price_to_display":938.4,"ams_acf":[],"jetpack_sharing_enabled":true,"_links":{"self":[{"href":"https:\/\/apotekar-online.rs\/hu\/wp-json\/wp\/v2\/product\/9111","targetHints":{"allow":["GET"]}}],"collection":[{"href":"https:\/\/apotekar-online.rs\/hu\/wp-json\/wp\/v2\/product"}],"about":[{"href":"https:\/\/apotekar-online.rs\/hu\/wp-json\/wp\/v2\/types\/product"}],"wp:featuredmedia":[{"embeddable":true,"href":"https:\/\/apotekar-online.rs\/hu\/wp-json\/wp\/v2\/media\/9112"}],"wp:attachment":[{"href":"https:\/\/apotekar-online.rs\/hu\/wp-json\/wp\/v2\/media?parent=9111"}],"wp:term":[{"taxonomy":"product_brand","embeddable":true,"href":"https:\/\/apotekar-online.rs\/hu\/wp-json\/wp\/v2\/product_brand?post=9111"},{"taxonomy":"product_cat","embeddable":true,"href":"https:\/\/apotekar-online.rs\/hu\/wp-json\/wp\/v2\/product_cat?post=9111"},{"taxonomy":"product_tag","embeddable":true,"href":"https:\/\/apotekar-online.rs\/hu\/wp-json\/wp\/v2\/product_tag?post=9111"}],"curies":[{"name":"wp","href":"https:\/\/api.w.org\/{rel}","templated":true}]}}