{"id":9137,"date":"2026-05-03T16:56:31","date_gmt":"2026-05-03T18:56:31","guid":{"rendered":"https:\/\/apotekar-online.rs\/?post_type=product&#038;p=9137"},"modified":"2026-05-03T16:56:32","modified_gmt":"2026-05-03T18:56:32","slug":"centrum-silver-50-women-od-a-do-z","status":"publish","type":"product","link":"https:\/\/apotekar-online.rs\/hu\/p\/centrum-silver-50-women-od-a-do-z\/","title":{"rendered":"Centrum Silver 50+ Women od A do \u017d"},"content":{"rendered":"","protected":false},"excerpt":{"rendered":"<section class=\"text-token-text-primary w-full focus:outline-none [--shadow-height:45px] has-data-writing-block:pointer-events-none has-data-writing-block:-mt-(--shadow-height) has-data-writing-block:pt-(--shadow-height) [&amp;:has([data-writing-block])&gt;*]:pointer-events-auto [content-visibility:auto] supports-[content-visibility:auto]:[contain-intrinsic-size:auto_100lvh] R6Vx5W_threadScrollVars scroll-mb-[calc(var(--scroll-root-safe-area-inset-bottom,0px)+var(--thread-response-height))] scroll-mt-[calc(var(--header-height)+min(200px,max(70px,20svh)))]\" dir=\"auto\" data-turn-id=\"request-WEB:f1d07c54-7917-4663-860c-6a691da4fcec-1\" data-testid=\"conversation-turn-4\" data-scroll-anchor=\"false\" data-turn=\"assistant\">\n<div class=\"text-base my-auto mx-auto pb-10 [--thread-content-margin:var(--thread-content-margin-xs,calc(var(--spacing)*4))] @w-sm\/main:[--thread-content-margin:var(--thread-content-margin-sm,calc(var(--spacing)*6))] @w-lg\/main:[--thread-content-margin:var(--thread-content-margin-lg,calc(var(--spacing)*16))] px-(--thread-content-margin)\">\n<div class=\"[--thread-content-max-width:40rem] @w-lg\/main:[--thread-content-max-width:48rem] mx-auto max-w-(--thread-content-max-width) flex-1 group\/turn-messages focus-visible:outline-hidden relative flex w-full min-w-0 flex-col agent-turn\">\n<div class=\"flex max-w-full flex-col gap-4 grow\">\n<div class=\"min-h-8 text-message relative flex w-full flex-col items-end gap-2 text-start break-words whitespace-normal outline-none keyboard-focused:focus-ring [.text-message+&amp;]:mt-1\" dir=\"auto\" tabindex=\"0\" data-message-author-role=\"assistant\" data-message-id=\"8b6ab540-5664-4212-b13a-94c6d74e487e\" data-message-model-slug=\"gpt-5-3\" data-turn-start-message=\"true\">\n<div class=\"flex w-full flex-col gap-1 empty:hidden\">\n<div class=\"markdown prose dark:prose-invert w-full wrap-break-word light markdown-new-styling\">\n<p data-start=\"68\" data-end=\"119\"><strong data-start=\"68\" data-end=\"119\">Centrum Silver Women 50+ \u2013 multivitamin za \u017eene<\/strong><\/p>\n<p data-start=\"121\" data-end=\"290\">Centrum Silver Women je posebno formulisan multivitaminski dodatak ishrani namenjen \u017eenama starijim od 50 godina, koji podr\u017eava svakodnevne nutritivne potrebe organizma.<\/p>\n<p data-start=\"292\" data-end=\"538\">Sadr\u017ei vitamine B grupe (B1, B2, B6 i B12) koji doprinose normalnom energetskom metabolizmu i smanjenju umora, kao i kalcijum koji je neophodan za odr\u017eavanje zdravih i \u010dvrstih kostiju. Vitamin B6 dodatno doprinosi regulaciji hormonske aktivnosti.<\/p>\n<p data-start=\"540\" data-end=\"635\">Idealan je kao svakodnevna podr\u0161ka vitalnosti, energiji i op\u0161tem zdravlju \u017eena u zrelijem dobu.<\/p>\n<p data-start=\"637\" data-end=\"748\"><strong data-start=\"637\" data-end=\"667\">Doziranje i na\u010din upotrebe<\/strong><br data-start=\"667\" data-end=\"670\" \/>Preporu\u010duje se uzimanje 1 tablete dnevno, uz \u010da\u0161u vode, najbolje tokom obroka.<\/p>\n<p data-start=\"750\" data-end=\"852\" data-is-last-node=\"\" data-is-only-node=\"\"><strong data-start=\"750\" data-end=\"763\">Napomena:<\/strong><br data-start=\"763\" data-end=\"766\" \/>Dodatak ishrani nije zamena za raznovrsnu i uravnote\u017eenu ishranu i zdrav na\u010din \u017eivota.<\/p>\n<\/div>\n<\/div>\n<\/div>\n<\/div>\n<div class=\"z-0 flex min-h-[46px] justify-start\"><\/div>\n<div class=\"mt-3 w-full empty:hidden\">\n<div class=\"text-center\"><\/div>\n<\/div>\n<\/div>\n<\/div>\n<\/section>\n<div class=\"pointer-events-none -mt-px h-px translate-y-[calc(var(--scroll-root-safe-area-inset-bottom)-14*var(--spacing))]\" aria-hidden=\"true\"><\/div>\n","protected":false},"featured_media":9138,"template":"","meta":[],"product_brand":[3215],"product_cat":[3054,78,85],"product_tag":[179,304],"class_list":{"0":"post-9137","1":"product","2":"type-product","3":"status-publish","4":"has-post-thumbnail","6":"product_brand-centrum","7":"product_cat-akcija","8":"product_cat-vitamini-i-minerali","9":"product_cat-zdravlje-zena","10":"product_tag-imunitet","11":"product_tag-vitamini","13":"first","14":"instock","15":"sale","16":"shipping-taxable","17":"purchasable","18":"product-type-simple"},"ams_default_variation_id":0,"ams_product_points_reward":[],"ams_product_discount_percentage":31.72,"ams_price_to_display":990,"ams_acf":[],"jetpack_sharing_enabled":true,"_links":{"self":[{"href":"https:\/\/apotekar-online.rs\/hu\/wp-json\/wp\/v2\/product\/9137","targetHints":{"allow":["GET"]}}],"collection":[{"href":"https:\/\/apotekar-online.rs\/hu\/wp-json\/wp\/v2\/product"}],"about":[{"href":"https:\/\/apotekar-online.rs\/hu\/wp-json\/wp\/v2\/types\/product"}],"wp:featuredmedia":[{"embeddable":true,"href":"https:\/\/apotekar-online.rs\/hu\/wp-json\/wp\/v2\/media\/9138"}],"wp:attachment":[{"href":"https:\/\/apotekar-online.rs\/hu\/wp-json\/wp\/v2\/media?parent=9137"}],"wp:term":[{"taxonomy":"product_brand","embeddable":true,"href":"https:\/\/apotekar-online.rs\/hu\/wp-json\/wp\/v2\/product_brand?post=9137"},{"taxonomy":"product_cat","embeddable":true,"href":"https:\/\/apotekar-online.rs\/hu\/wp-json\/wp\/v2\/product_cat?post=9137"},{"taxonomy":"product_tag","embeddable":true,"href":"https:\/\/apotekar-online.rs\/hu\/wp-json\/wp\/v2\/product_tag?post=9137"}],"curies":[{"name":"wp","href":"https:\/\/api.w.org\/{rel}","templated":true}]}}