{"id":9139,"date":"2026-05-03T17:12:26","date_gmt":"2026-05-03T19:12:26","guid":{"rendered":"https:\/\/apotekar-online.rs\/?post_type=product&#038;p=9139"},"modified":"2026-05-04T07:21:51","modified_gmt":"2026-05-04T09:21:51","slug":"centrum-immunity-zova-30-mekih-gel-kapsula-2","status":"publish","type":"product","link":"https:\/\/apotekar-online.rs\/hu\/p\/centrum-immunity-zova-30-mekih-gel-kapsula-2\/","title":{"rendered":"Centrum Immunity Zova, 30 mekih gel kapsula"},"content":{"rendered":"","protected":false},"excerpt":{"rendered":"<section class=\"text-token-text-primary w-full focus:outline-none [--shadow-height:45px] has-data-writing-block:pointer-events-none has-data-writing-block:-mt-(--shadow-height) has-data-writing-block:pt-(--shadow-height) [&amp;:has([data-writing-block])&gt;*]:pointer-events-auto [content-visibility:auto] supports-[content-visibility:auto]:[contain-intrinsic-size:auto_100lvh] R6Vx5W_threadScrollVars scroll-mb-[calc(var(--scroll-root-safe-area-inset-bottom,0px)+var(--thread-response-height))] scroll-mt-[calc(var(--header-height)+min(200px,max(70px,20svh)))]\" dir=\"auto\" data-turn-id=\"request-WEB:f1d07c54-7917-4663-860c-6a691da4fcec-4\" data-testid=\"conversation-turn-10\" data-scroll-anchor=\"false\" data-turn=\"assistant\">\n<div class=\"text-base my-auto mx-auto pb-10 [--thread-content-margin:var(--thread-content-margin-xs,calc(var(--spacing)*4))] @w-sm\/main:[--thread-content-margin:var(--thread-content-margin-sm,calc(var(--spacing)*6))] @w-lg\/main:[--thread-content-margin:var(--thread-content-margin-lg,calc(var(--spacing)*16))] px-(--thread-content-margin)\">\n<div class=\"[--thread-content-max-width:40rem] @w-lg\/main:[--thread-content-max-width:48rem] mx-auto max-w-(--thread-content-max-width) flex-1 group\/turn-messages focus-visible:outline-hidden relative flex w-full min-w-0 flex-col agent-turn\">\n<div class=\"flex max-w-full flex-col gap-4 grow\">\n<div class=\"min-h-8 text-message relative flex w-full flex-col items-end gap-2 text-start break-words whitespace-normal outline-none keyboard-focused:focus-ring [.text-message+&amp;]:mt-1\" dir=\"auto\" tabindex=\"0\" data-message-author-role=\"assistant\" data-message-id=\"0e3d2645-b232-4350-ab48-0fa0438f996c\" data-message-model-slug=\"gpt-5-3\" data-turn-start-message=\"true\">\n<div class=\"flex w-full flex-col gap-1 empty:hidden\">\n<div class=\"markdown prose dark:prose-invert w-full wrap-break-word light markdown-new-styling\">\n<p data-start=\"66\" data-end=\"119\"><strong data-start=\"66\" data-end=\"119\">Dodatak ishrani sa zovom, vitaminima i mineralima<\/strong><\/p>\n<p data-start=\"121\" data-end=\"266\">Dodatak ishrani sa ekstraktom ploda zove (<em data-start=\"163\" data-end=\"179\">Sambucus nigra<\/em>), oboga\u0107en vitaminima i mineralima, namenjen podr\u0161ci imunolo\u0161kom sistemu kod odraslih.<\/p>\n<p data-start=\"268\" data-end=\"453\">Sadr\u017ei vitamin C, vitamin D i cink koji doprinose normalnom funkcionisanju imunog sistema. Formulacija je dodatno oboga\u0107ena selenom koji doprinosi za\u0161titi \u0107elija od oksidativnog stresa.<\/p>\n<p data-start=\"455\" data-end=\"582\">Ekstrakt ploda zove tradicionalno se koristi kao podr\u0161ka organizmu, posebno u periodima pove\u0107ane potrebe za ja\u010danjem imuniteta.<\/p>\n<p data-start=\"589\" data-end=\"691\"><strong data-start=\"589\" data-end=\"619\">Doziranje i na\u010din upotrebe<\/strong><br data-start=\"619\" data-end=\"622\" \/>Uzeti 2 kapsule dnevno, uz \u010da\u0161u vode. Preparat je namenjen odraslima.<\/p>\n<p data-start=\"698\" data-end=\"1029\"><strong data-start=\"698\" data-end=\"709\">Sastav:<\/strong><br data-start=\"709\" data-end=\"712\" \/>L-askorbinska kiselina (vitamin C), \u017eelatin (gove\u0111i), u\u010dvr\u0161\u0107iva\u010d: E422, zgu\u0161njiva\u010d: E901, suvi ekstrakt ploda zove (<em data-start=\"828\" data-end=\"844\">Sambucus nigra<\/em>), DL-alfa-tokoferol-acetat (vitamin E), emulgator: E322, antioksidans: E307, L-selenometionin (selen), cink-oksid, retinil-palmitat (vitamin A), holekalciferol (vitamin D), boja: E172.<\/p>\n<p data-start=\"1036\" data-end=\"1138\" data-is-last-node=\"\" data-is-only-node=\"\"><strong data-start=\"1036\" data-end=\"1049\">Napomena:<\/strong><br data-start=\"1049\" data-end=\"1052\" \/>Dodatak ishrani nije zamena za raznovrsnu i uravnote\u017eenu ishranu i zdrav na\u010din \u017eivota.<\/p>\n<\/div>\n<\/div>\n<\/div>\n<\/div>\n<div class=\"z-0 flex min-h-[46px] justify-start\"><\/div>\n<div class=\"mt-3 w-full empty:hidden\">\n<div class=\"text-center\"><\/div>\n<\/div>\n<\/div>\n<\/div>\n<\/section>\n<div class=\"pointer-events-none -mt-px h-px translate-y-[calc(var(--scroll-root-safe-area-inset-bottom)-14*var(--spacing))]\" aria-hidden=\"true\"><\/div>\n","protected":false},"featured_media":9140,"template":"","meta":[],"product_brand":[3215],"product_cat":[3054,77,78,84,85],"product_tag":[179,3321,246,182],"class_list":{"0":"post-9139","1":"product","2":"type-product","3":"status-publish","4":"has-post-thumbnail","6":"product_brand-centrum","7":"product_cat-akcija","8":"product_cat-imunitet","9":"product_cat-vitamini-i-minerali","10":"product_cat-zdravlje-muskaraca","11":"product_cat-zdravlje-zena","12":"product_tag-imunitet","13":"product_tag-ma","14":"product_tag-vitamin-d","15":"product_tag-zova","17":"first","18":"instock","19":"sale","20":"shipping-taxable","21":"purchasable","22":"product-type-simple"},"ams_default_variation_id":0,"ams_product_points_reward":[],"ams_product_discount_percentage":44.08,"ams_price_to_display":950,"ams_acf":[],"jetpack_sharing_enabled":true,"_links":{"self":[{"href":"https:\/\/apotekar-online.rs\/hu\/wp-json\/wp\/v2\/product\/9139","targetHints":{"allow":["GET"]}}],"collection":[{"href":"https:\/\/apotekar-online.rs\/hu\/wp-json\/wp\/v2\/product"}],"about":[{"href":"https:\/\/apotekar-online.rs\/hu\/wp-json\/wp\/v2\/types\/product"}],"wp:featuredmedia":[{"embeddable":true,"href":"https:\/\/apotekar-online.rs\/hu\/wp-json\/wp\/v2\/media\/9140"}],"wp:attachment":[{"href":"https:\/\/apotekar-online.rs\/hu\/wp-json\/wp\/v2\/media?parent=9139"}],"wp:term":[{"taxonomy":"product_brand","embeddable":true,"href":"https:\/\/apotekar-online.rs\/hu\/wp-json\/wp\/v2\/product_brand?post=9139"},{"taxonomy":"product_cat","embeddable":true,"href":"https:\/\/apotekar-online.rs\/hu\/wp-json\/wp\/v2\/product_cat?post=9139"},{"taxonomy":"product_tag","embeddable":true,"href":"https:\/\/apotekar-online.rs\/hu\/wp-json\/wp\/v2\/product_tag?post=9139"}],"curies":[{"name":"wp","href":"https:\/\/api.w.org\/{rel}","templated":true}]}}