{"id":9191,"date":"2026-05-04T13:47:57","date_gmt":"2026-05-04T15:47:57","guid":{"rendered":"https:\/\/apotekar-online.rs\/?post_type=product&#038;p=9191"},"modified":"2026-05-04T13:47:57","modified_gmt":"2026-05-04T15:47:57","slug":"dietpharm-makulin-pro-nerve-a30","status":"publish","type":"product","link":"https:\/\/apotekar-online.rs\/hu\/p\/dietpharm-makulin-pro-nerve-a30\/","title":{"rendered":"Dietpharm Makulin Pro Nerve A30"},"content":{"rendered":"","protected":false},"excerpt":{"rendered":"<p>Pronerve je dodatak ishrani sa sna\u017enom kombinacijom antioksidansa, oligoelemenata, cinka i vitamina B6, za zdravlje i za\u0161titu struktura oka, posebno za za\u0161titu o\u010dnog \u017eivca.<\/p>\n<p><b>Alkalmaz\u00e1s m\u00f3dja:<\/b>Uzima se 1 kapsula na dan, uz obrok.<\/p>\n<p><b>Fogalmaz\u00e1s:<\/b>U jednoj kapsuli:Suvi ekstrakt lista zelenog \u010daja (Camellia sinensis)\u00a0 136mg, (-)-epigalokatehin-3-galat 68mg,Suvi ekstrakt kore primorskog bora (Pinus pinaster) sa minimalno 95% proantocijanidina\u00a0 53mg,Suvi ekstrakt ploda borovnice (Vaccinium myrtillus) sa minimalno 36% antocijanina 40mg,Vitamin B6 (piridoksin hidrohlorid) 1,4mg,Cink (cink citrat) 5mg<\/p>\n<p><b>Csomagol\u00e1s:<\/b>Kutija<\/p>\n<p><b>Koli\u010dina:<\/b>30 kapszula<\/p>\n<p><b>Gy\u00e1rt\u00f3:<\/b>Dietpharm<\/p>","protected":false},"featured_media":9192,"template":"","meta":[],"product_brand":[3079],"product_cat":[3054],"product_tag":[185,3324,232,1030],"class_list":{"0":"post-9191","1":"product","2":"type-product","3":"status-publish","4":"has-post-thumbnail","6":"product_brand-dietpharm","7":"product_cat-akcija","8":"product_tag-cink","9":"product_tag-plod-borovnice","10":"product_tag-vitamin-b6","11":"product_tag-zeleni-caj","13":"first","14":"instock","15":"shipping-taxable","16":"product-type-simple"},"ams_default_variation_id":0,"ams_product_points_reward":[],"ams_product_discount_percentage":0,"ams_price_to_display":0,"ams_acf":[],"jetpack_sharing_enabled":true,"_links":{"self":[{"href":"https:\/\/apotekar-online.rs\/hu\/wp-json\/wp\/v2\/product\/9191","targetHints":{"allow":["GET"]}}],"collection":[{"href":"https:\/\/apotekar-online.rs\/hu\/wp-json\/wp\/v2\/product"}],"about":[{"href":"https:\/\/apotekar-online.rs\/hu\/wp-json\/wp\/v2\/types\/product"}],"wp:featuredmedia":[{"embeddable":true,"href":"https:\/\/apotekar-online.rs\/hu\/wp-json\/wp\/v2\/media\/9192"}],"wp:attachment":[{"href":"https:\/\/apotekar-online.rs\/hu\/wp-json\/wp\/v2\/media?parent=9191"}],"wp:term":[{"taxonomy":"product_brand","embeddable":true,"href":"https:\/\/apotekar-online.rs\/hu\/wp-json\/wp\/v2\/product_brand?post=9191"},{"taxonomy":"product_cat","embeddable":true,"href":"https:\/\/apotekar-online.rs\/hu\/wp-json\/wp\/v2\/product_cat?post=9191"},{"taxonomy":"product_tag","embeddable":true,"href":"https:\/\/apotekar-online.rs\/hu\/wp-json\/wp\/v2\/product_tag?post=9191"}],"curies":[{"name":"wp","href":"https:\/\/api.w.org\/{rel}","templated":true}]}}