{"id":950,"date":"2022-07-12T09:57:00","date_gmt":"2022-07-12T09:57:00","guid":{"rendered":"https:\/\/apotekar-online.rs\/product\/dietpharm-immuno-shark-30-kapsula\/"},"modified":"2026-03-05T08:23:31","modified_gmt":"2026-03-05T10:23:31","slug":"dietpharm-immuno-capa-30-kapszula","status":"publish","type":"product","link":"https:\/\/apotekar-online.rs\/hu\/p\/dietpharm-immuno-shark-30-kapsula\/","title":{"rendered":"Dietpharm Immuno Shark 30 kapszula"},"content":{"rendered":"","protected":false},"excerpt":{"rendered":"<h2><\/h2>\n<p>Immunmodul\u00e1l\u00f3 \u00e9s immunstimul\u00e1l\u00f3 hat\u00e1st mutat.<br \/>\nImmunmodul\u00e1l\u00f3 hat\u00e1s\u00e1nak k\u00f6sz\u00f6nhet\u0151en fenntartja az immunrendszer egyens\u00faly\u00e1t annak t\u00falzott stimul\u00e1l\u00e1sa n\u00e9lk\u00fcl. Ez azt jelenti, hogy cs\u00f6kkent immunrendszeri aktivit\u00e1s\u00fa \u00e1llapotokban az immunv\u00e1lasz fokoz\u00f3dik, m\u00edg a t\u00falzott immunv\u00e1lasz \u00e1llapot\u00e1ban az immunaktivit\u00e1s cs\u00f6kken.<br \/>\nImmunstimul\u00e1l\u00f3 hat\u00e1s\u00e1nak k\u00f6sz\u00f6nhet\u0151en serkenti a v\u00e9dekez\u0151 sejtek k\u00e9pz\u0151d\u00e9s\u00e9t az immunrendszer mindk\u00e9t komponens\u00e9re, a humor\u00e1lis \u00e9s a sejtes immunit\u00e1sra hatva, ez\u00e1ltal fokozza a szervezet immunv\u00e1lasz\u00e1t.<br \/>\nHa a szervezet nem rendelkezik elegend\u0151 v\u00e9dekez\u0151 sejttel, amelyek felel\u0151sek a bakt\u00e9riumok \u00e9s v\u00edrusok elt\u00e1vol\u00edt\u00e1s\u00e1\u00e9rt, nagyobb az es\u00e9ly a betegs\u00e9g kialakul\u00e1s\u00e1ra.<br \/>\nAntioxid\u00e1ns hat\u00e1st fejt ki, megv\u00e9di a szervezetet a stressz, az anyagcsere-v\u00e1ltoz\u00e1sok \u00e9s a helytelen t\u00e1pl\u00e1lkoz\u00e1s k\u00f6vetkezt\u00e9ben fell\u00e9p\u0151 sejtk\u00e1ros\u00edt\u00f3 szabad gy\u00f6k\u00f6k hat\u00e1s\u00e1t\u00f3l.<\/p>\n<p><strong>Adagol\u00e1s \u00e9s felhaszn\u00e1l\u00e1si m\u00f3d<\/strong><br \/>\nNapi 1-3 kapszul\u00e1t vegyen be.<\/p>\n<p><b>Fogalmaz\u00e1s\u00a0<\/b><\/p>\n<div>1 kapszula tartalma:<\/div>\n<div>- 500 mg c\u00e1pam\u00e1jolaj<\/div>\n<div>- 100 mg alkilglicerin (c\u00e1pam\u00e1jolajb\u00f3l)<\/div>\n<div>3 kapszula tartalma:<\/div>\n<div>- 1500 mg c\u00e1pam\u00e1jolaj<\/div>\n<div>-300 mg alkilglicerin (c\u00e1pam\u00e1jolajb\u00f3l)<\/div>","protected":false},"featured_media":951,"template":"","meta":[],"product_brand":[],"product_cat":[77,84,85],"product_tag":[1999,179,1998],"class_list":{"0":"post-950","1":"product","2":"type-product","3":"status-publish","4":"has-post-thumbnail","6":"product_cat-imunitet","7":"product_cat-zdravlje-muskaraca","8":"product_cat-zdravlje-zena","9":"product_tag-alkilglicerola","10":"product_tag-imunitet","11":"product_tag-ulje-jetre-morskog-psa","12":"pa_brend-dietpharm","14":"first","15":"instock","16":"purchasable","17":"product-type-simple"},"ams_default_variation_id":0,"ams_product_points_reward":[],"ams_product_discount_percentage":0,"ams_price_to_display":495,"ams_acf":[],"jetpack_sharing_enabled":true,"_links":{"self":[{"href":"https:\/\/apotekar-online.rs\/hu\/wp-json\/wp\/v2\/product\/950","targetHints":{"allow":["GET"]}}],"collection":[{"href":"https:\/\/apotekar-online.rs\/hu\/wp-json\/wp\/v2\/product"}],"about":[{"href":"https:\/\/apotekar-online.rs\/hu\/wp-json\/wp\/v2\/types\/product"}],"wp:featuredmedia":[{"embeddable":true,"href":"https:\/\/apotekar-online.rs\/hu\/wp-json\/wp\/v2\/media\/951"}],"wp:attachment":[{"href":"https:\/\/apotekar-online.rs\/hu\/wp-json\/wp\/v2\/media?parent=950"}],"wp:term":[{"taxonomy":"product_brand","embeddable":true,"href":"https:\/\/apotekar-online.rs\/hu\/wp-json\/wp\/v2\/product_brand?post=950"},{"taxonomy":"product_cat","embeddable":true,"href":"https:\/\/apotekar-online.rs\/hu\/wp-json\/wp\/v2\/product_cat?post=950"},{"taxonomy":"product_tag","embeddable":true,"href":"https:\/\/apotekar-online.rs\/hu\/wp-json\/wp\/v2\/product_tag?post=950"}],"curies":[{"name":"wp","href":"https:\/\/api.w.org\/{rel}","templated":true}]}}