{"id":2416,"date":"2023-04-06T12:55:57","date_gmt":"2023-04-06T12:55:57","guid":{"rendered":"https:\/\/apotekar-online.rs\/?page_id=2416"},"modified":"2026-02-17T18:40:01","modified_gmt":"2026-02-17T20:40:01","slug":"mesecne-akcije","status":"publish","type":"page","link":"https:\/\/apotekar-online.rs\/ro\/mesecne-akcije\/","title":{"rendered":"Promo\u021bii lunare"},"content":{"rendered":"<div data-elementor-type=\"wp-page\" data-elementor-id=\"2416\" class=\"elementor elementor-2416\" data-elementor-post-type=\"page\">\n\t\t\t\t<div class=\"elementor-element elementor-element-2fbc84c e-flex e-con-boxed e-con e-parent\" data-id=\"2fbc84c\" data-element_type=\"container\" data-e-type=\"container\" data-settings=\"{&quot;background_background&quot;:&quot;classic&quot;,&quot;_ob_use_container_extras&quot;:&quot;no&quot;,&quot;_ob_column_hoveranimator&quot;:&quot;no&quot;,&quot;_ob_glider_is_slider&quot;:&quot;no&quot;,&quot;_ob_column_has_pseudo&quot;:&quot;no&quot;}\">\n\t\t\t\t\t<div class=\"e-con-inner\">\n\t\t\t\t<div class=\"elementor-element elementor-element-eabf1d9 ob-harakiri-inherit ob-has-background-overlay elementor-widget elementor-widget-heading\" data-id=\"eabf1d9\" data-element_type=\"widget\" data-e-type=\"widget\" data-settings=\"{&quot;_ob_use_harakiri&quot;:&quot;yes&quot;,&quot;_ob_harakiri_writing_mode&quot;:&quot;inherit&quot;,&quot;_ob_harakiri_text_clip&quot;:&quot;none&quot;,&quot;_ob_widget_stalker_use&quot;:&quot;no&quot;,&quot;_ob_poopart_use&quot;:&quot;yes&quot;,&quot;_ob_shadough_use&quot;:&quot;no&quot;,&quot;_ob_allow_hoveranimator&quot;:&quot;no&quot;}\" data-widget_type=\"heading.default\">\n\t\t\t\t<div class=\"elementor-widget-container\">\n\t\t\t\t\t<h1 class=\"elementor-heading-title elementor-size-default\">Promo\u021bii lunare<\/h1>\t\t\t\t<\/div>\n\t\t\t\t<\/div>\n\t\t\t\t<div class=\"elementor-element elementor-element-8736748 ob-harakiri-inherit ob-has-background-overlay elementor-widget elementor-widget-text-editor\" data-id=\"8736748\" data-element_type=\"widget\" data-e-type=\"widget\" data-settings=\"{&quot;_ob_use_harakiri&quot;:&quot;yes&quot;,&quot;_ob_harakiri_writing_mode&quot;:&quot;inherit&quot;,&quot;_ob_postman_use&quot;:&quot;no&quot;,&quot;_ob_widget_stalker_use&quot;:&quot;no&quot;,&quot;_ob_poopart_use&quot;:&quot;yes&quot;,&quot;_ob_shadough_use&quot;:&quot;no&quot;,&quot;_ob_allow_hoveranimator&quot;:&quot;no&quot;}\" data-widget_type=\"text-editor.default\">\n\t\t\t\t<div class=\"elementor-widget-container\">\n\t\t\t\t\t\t\t\t\t<p>Aktuelne mese\u010dne akcije u Apotekar Online \u2013 pa\u017eljivo odabrani proizvodi po sni\u017eenim cenama. Ponude se a\u017euriraju tokom meseca i va\u017ee do isteka zaliha.<\/p>\t\t\t\t\t\t\t\t<\/div>\n\t\t\t\t<\/div>\n\t\t\t\t\t<\/div>\n\t\t\t\t<\/div>\n\t\t<div class=\"elementor-element elementor-element-a6a39c3 e-flex e-con-boxed e-con e-parent\" data-id=\"a6a39c3\" data-element_type=\"container\" data-e-type=\"container\" data-settings=\"{&quot;background_background&quot;:&quot;classic&quot;,&quot;_ob_use_container_extras&quot;:&quot;no&quot;,&quot;_ob_column_hoveranimator&quot;:&quot;no&quot;,&quot;_ob_glider_is_slider&quot;:&quot;no&quot;,&quot;_ob_column_has_pseudo&quot;:&quot;no&quot;}\">\n\t\t\t\t\t<div class=\"e-con-inner\">\n\t\t<div class=\"elementor-element elementor-element-833e697 e-con-full e-flex e-con e-child\" data-id=\"833e697\" data-element_type=\"container\" data-e-type=\"container\" data-settings=\"{&quot;_ob_use_container_extras&quot;:&quot;no&quot;,&quot;_ob_column_hoveranimator&quot;:&quot;no&quot;,&quot;_ob_glider_is_slider&quot;:&quot;no&quot;,&quot;_ob_column_has_pseudo&quot;:&quot;no&quot;}\">\n\t\t\t\t<div class=\"elementor-element elementor-element-9d0ec37 elementor-product-loop-item--align-center elementor-grid-mobile-1 elementor-widget__width-inherit elementor-grid-4 elementor-grid-tablet-3 elementor-products-grid elementor-wc-products elementor-invisible ob-has-background-overlay elementor-widget elementor-widget-woocommerce-products\" data-id=\"9d0ec37\" data-element_type=\"widget\" data-e-type=\"widget\" data-settings=\"{&quot;_animation&quot;:&quot;fadeInUp&quot;,&quot;_ob_widget_stalker_use&quot;:&quot;no&quot;,&quot;_ob_poopart_use&quot;:&quot;yes&quot;,&quot;_ob_shadough_use&quot;:&quot;no&quot;,&quot;_ob_allow_hoveranimator&quot;:&quot;no&quot;}\" data-widget_type=\"woocommerce-products.default\">\n\t\t\t\t<div class=\"elementor-widget-container\">\n\t\t\t\t\t<div class=\"woocommerce columns-4\"><div class=\"woocommerce-notices-wrapper\"><\/div><ul class=\"products elementor-grid columns-4\">\n<li class=\"product type-product post-8720 status-publish first instock product_cat-akcija product_cat-imunitet product_cat-vitamini-i-minerali product_cat-zdravlje-muskaraca product_cat-zdravlje-zena product_tag-betty product_tag-cink product_tag-metabolizam has-post-thumbnail sale shipping-taxable purchasable product-type-simple vi-sctv-product\">\n\t<a href=\"https:\/\/apotekar-online.rs\/ro\/p\/bivits-activa-cink-25-mg-60-tableta\/\" class=\"woocommerce-LoopProduct-link woocommerce-loop-product__link\">\n\t<span class='onsale'>-<span class=\"woocommerce-Price-amount amount\"><bdi>447,00&nbsp;<span class=\"woocommerce-Price-currencySymbol\">RSD<\/span><\/bdi><\/span><\/span>\n\t<img fetchpriority=\"high\" decoding=\"async\" width=\"300\" height=\"300\" src=\"https:\/\/apotekar-online.rs\/wp-content\/uploads\/2026\/02\/cink-25-300x300.jpg\" class=\"attachment-woocommerce_thumbnail size-woocommerce_thumbnail\" alt=\"Bivits Activa Cink 25 mg 60 tableta\" srcset=\"https:\/\/apotekar-online.rs\/wp-content\/uploads\/2026\/02\/cink-25-300x300.jpg 300w, https:\/\/apotekar-online.rs\/wp-content\/uploads\/2026\/02\/cink-25-150x150.jpg 150w, https:\/\/apotekar-online.rs\/wp-content\/uploads\/2026\/02\/cink-25-768x768.jpg 768w, https:\/\/apotekar-online.rs\/wp-content\/uploads\/2026\/02\/cink-25-12x12.jpg 12w, https:\/\/apotekar-online.rs\/wp-content\/uploads\/2026\/02\/cink-25-600x600.jpg 600w, https:\/\/apotekar-online.rs\/wp-content\/uploads\/2026\/02\/cink-25-100x100.jpg 100w, https:\/\/apotekar-online.rs\/wp-content\/uploads\/2026\/02\/cink-25.jpg 800w\" sizes=\"(max-width: 300px) 100vw, 300px\" \/><h2 class=\"woocommerce-loop-product__title\">Bivits Activa Cink 25 mg 60 tableta<\/h2>\n\t<span class=\"price\"><span class=\"vi-sctv-price\"><del aria-hidden=\"true\"><span class=\"woocommerce-Price-amount amount\"><bdi>2.235,00&nbsp;<span class=\"woocommerce-Price-currencySymbol\">RSD<\/span><\/bdi><\/span><\/del> <span class=\"screen-reader-text\" data-no-translation=\"\" data-trp-gettext=\"\">Pre\u021bul original a fost: 2.235,00&nbsp;RSD.<\/span><ins aria-hidden=\"true\"><span class=\"woocommerce-Price-amount amount\"><bdi>1.788,00&nbsp;<span class=\"woocommerce-Price-currencySymbol\">RSD<\/span><\/bdi><\/span><\/ins><span class=\"screen-reader-text\" data-no-translation=\"\" data-trp-gettext=\"\">Pretul actual este: 1.788,00&nbsp;RSD.<\/span><\/span><\/span>\n<\/a><div class=\"woocommerce-loop-product__buttons\"><a href=\"\/ro\/wp-json\/wp\/v2\/pages\/2416?add-to-cart=8720\" aria-describedby=\"woocommerce_loop_add_to_cart_link_describedby_8720\" data-quantity=\"1\" class=\"button product_type_simple add_to_cart_button ajax_add_to_cart\" data-product_id=\"8720\" data-product_sku=\"\" aria-label=\"Adaug\u0103 \u00een co\u0219: \u201eBivits Activa Cink 25 mg 60 tableta\u201d\" rel=\"nofollow\" data-success_message=\"\u201eBivits Activa Cink 25 mg 60 tableta\u201d a fost ad\u0103ugat \u00een co\u0219\" role=\"button\" data-no-translation=\"\" data-trp-gettext=\"\" data-no-translation-aria-label=\"\" data-no-translation-data-success_message=\"\">Adaug\u0103 \u00een co\u0219<\/a><\/div>\t<span id=\"woocommerce_loop_add_to_cart_link_describedby_8720\" class=\"screen-reader-text\">\n\t\t\t<\/span>\n<\/li>\n<li class=\"product type-product post-3272 status-publish instock product_cat-prehlada-i-kasalj product_cat-akcija product_tag-betty product_tag-nega-za-odrasle product_tag-pantenol product_tag-prehlada-i-grip product_tag-sprej product_tag-zapusen-nos has-post-thumbnail sale shipping-taxable purchasable product-type-simple vi-sctv-product\">\n\t<a href=\"https:\/\/apotekar-online.rs\/ro\/p\/livsane-dexpanthenol-nasal-sprej-sa-pantenolom-za-nos-20-ml\/\" class=\"woocommerce-LoopProduct-link woocommerce-loop-product__link\">\n\t<span class='onsale'>-<span class=\"woocommerce-Price-amount amount\"><bdi>70,65&nbsp;<span class=\"woocommerce-Price-currencySymbol\">RSD<\/span><\/bdi><\/span><\/span>\n\t<img decoding=\"async\" width=\"240\" height=\"300\" src=\"https:\/\/apotekar-online.rs\/wp-content\/uploads\/2023\/06\/b731402c768d22a98d67f759569a79f91811b810_f_7793652.jpg\" class=\"attachment-woocommerce_thumbnail size-woocommerce_thumbnail\" alt=\"Spray nazal Livsane Dexpanthenol cu pantenol pentru nas 20 ml\" srcset=\"https:\/\/apotekar-online.rs\/wp-content\/uploads\/2023\/06\/b731402c768d22a98d67f759569a79f91811b810_f_7793652.jpg 240w, https:\/\/apotekar-online.rs\/wp-content\/uploads\/2023\/06\/b731402c768d22a98d67f759569a79f91811b810_f_7793652-10x12.jpg 10w\" sizes=\"(max-width: 240px) 100vw, 240px\" \/><h2 class=\"woocommerce-loop-product__title\">Spray nazal Livsane Dexpanthenol cu pantenol pentru nas 20 ml<\/h2>\n\t<span class=\"price\"><span class=\"vi-sctv-price\"><del aria-hidden=\"true\"><span class=\"woocommerce-Price-amount amount\"><bdi>471,00&nbsp;<span class=\"woocommerce-Price-currencySymbol\">RSD<\/span><\/bdi><\/span><\/del> <span class=\"screen-reader-text\" data-no-translation=\"\" data-trp-gettext=\"\">Pre\u021bul original a fost: 471,00&nbsp;RSD.<\/span><ins aria-hidden=\"true\"><span class=\"woocommerce-Price-amount amount\"><bdi>400,35&nbsp;<span class=\"woocommerce-Price-currencySymbol\">RSD<\/span><\/bdi><\/span><\/ins><span class=\"screen-reader-text\" data-no-translation=\"\" data-trp-gettext=\"\">Pretul actual este: 400,35&nbsp;RSD.<\/span><\/span><\/span>\n<\/a><div class=\"woocommerce-loop-product__buttons\"><a href=\"\/ro\/wp-json\/wp\/v2\/pages\/2416?add-to-cart=3272\" aria-describedby=\"woocommerce_loop_add_to_cart_link_describedby_3272\" data-quantity=\"1\" class=\"button product_type_simple add_to_cart_button ajax_add_to_cart\" data-product_id=\"3272\" data-product_sku=\"\" aria-label=\"Adaug\u0103 \u00een co\u0219: \u201eLivsane Dexpanthenol Nasal Sprej sa pantenolom za nos 20 ml\u201d\" rel=\"nofollow\" data-success_message=\"\u201eLivsane Dexpanthenol Nasal Sprej sa pantenolom za nos 20 ml\u201d a fost ad\u0103ugat \u00een co\u0219\" role=\"button\" data-no-translation=\"\" data-trp-gettext=\"\" data-no-translation-aria-label=\"\" data-no-translation-data-success_message=\"\">Adaug\u0103 \u00een co\u0219<\/a><\/div>\t<span id=\"woocommerce_loop_add_to_cart_link_describedby_3272\" class=\"screen-reader-text\">\n\t\t\t<\/span>\n<\/li>\n<li class=\"product type-product post-3162 status-publish instock product_cat-imunitet product_cat-akcija product_tag-centrum product_tag-muskarci product_tag-vitamini has-post-thumbnail sale shipping-taxable purchasable product-type-simple vi-sctv-product\">\n\t<a href=\"https:\/\/apotekar-online.rs\/ro\/p\/centrum-silver-50-men-30-tableta\/\" class=\"woocommerce-LoopProduct-link woocommerce-loop-product__link\">\n\t<span class='onsale'>-<span class=\"woocommerce-Price-amount amount\"><bdi>483,00&nbsp;<span class=\"woocommerce-Price-currencySymbol\">RSD<\/span><\/bdi><\/span><\/span>\n\t<img decoding=\"async\" width=\"300\" height=\"300\" src=\"https:\/\/apotekar-online.rs\/wp-content\/uploads\/2023\/06\/18354-300x300.jpg\" class=\"attachment-woocommerce_thumbnail size-woocommerce_thumbnail\" alt=\"Centrum Silver 50+ Men, 30 tablete\" srcset=\"https:\/\/apotekar-online.rs\/wp-content\/uploads\/2023\/06\/18354-300x300.jpg 300w, https:\/\/apotekar-online.rs\/wp-content\/uploads\/2023\/06\/18354-150x150.jpg 150w, https:\/\/apotekar-online.rs\/wp-content\/uploads\/2023\/06\/18354-100x100.jpg 100w, https:\/\/apotekar-online.rs\/wp-content\/uploads\/2023\/06\/18354.jpg 385w\" sizes=\"(max-width: 300px) 100vw, 300px\" \/><h2 class=\"woocommerce-loop-product__title\">Centrum Silver 50+ Men, 30 tablete<\/h2>\n\t<span class=\"price\"><span class=\"vi-sctv-price\"><del aria-hidden=\"true\"><span class=\"woocommerce-Price-amount amount\"><bdi>1.610,00&nbsp;<span class=\"woocommerce-Price-currencySymbol\">RSD<\/span><\/bdi><\/span><\/del> <span class=\"screen-reader-text\" data-no-translation=\"\" data-trp-gettext=\"\">Pre\u021bul original a fost: 1.610,00&nbsp;RSD.<\/span><ins aria-hidden=\"true\"><span class=\"woocommerce-Price-amount amount\"><bdi>1.127,00&nbsp;<span class=\"woocommerce-Price-currencySymbol\">RSD<\/span><\/bdi><\/span><\/ins><span class=\"screen-reader-text\" data-no-translation=\"\" data-trp-gettext=\"\">Pretul actual este: 1.127,00&nbsp;RSD.<\/span><\/span><\/span>\n<\/a><div class=\"woocommerce-loop-product__buttons\"><a href=\"\/ro\/wp-json\/wp\/v2\/pages\/2416?add-to-cart=3162\" aria-describedby=\"woocommerce_loop_add_to_cart_link_describedby_3162\" data-quantity=\"1\" class=\"button product_type_simple add_to_cart_button ajax_add_to_cart\" data-product_id=\"3162\" data-product_sku=\"\" aria-label=\"Adaug\u0103 \u00een co\u0219: \u201eCentrum Silver 50+ Men, 30 tableta\u201d\" rel=\"nofollow\" data-success_message=\"\u201eCentrum Silver 50+ Men, 30 tableta\u201d a fost ad\u0103ugat \u00een co\u0219\" role=\"button\" data-no-translation=\"\" data-trp-gettext=\"\" data-no-translation-aria-label=\"\" data-no-translation-data-success_message=\"\">Adaug\u0103 \u00een co\u0219<\/a><\/div>\t<span id=\"woocommerce_loop_add_to_cart_link_describedby_3162\" class=\"screen-reader-text\">\n\t\t\t<\/span>\n<\/li>\n<li class=\"product type-product post-609 status-publish last instock product_cat-akcija product_cat-imunitet product_cat-vitamini-i-minerali product_cat-zdravlje-muskaraca product_tag-centrum product_tag-multivitamin-kompleks product_tag-muskarci has-post-thumbnail sale purchasable product-type-simple vi-sctv-product\">\n\t<a href=\"https:\/\/apotekar-online.rs\/ro\/p\/centrum-men-30-tableta\/\" class=\"woocommerce-LoopProduct-link woocommerce-loop-product__link\">\n\t<span class='onsale'>-<span class=\"woocommerce-Price-amount amount\"><bdi>418,50&nbsp;<span class=\"woocommerce-Price-currencySymbol\">RSD<\/span><\/bdi><\/span><\/span>\n\t<img loading=\"lazy\" decoding=\"async\" width=\"300\" height=\"300\" src=\"https:\/\/apotekar-online.rs\/wp-content\/uploads\/2022\/07\/centrum-men-30-300x300.webp\" class=\"attachment-woocommerce_thumbnail size-woocommerce_thumbnail\" alt=\"Centrum Men 30 comprimate\" srcset=\"https:\/\/apotekar-online.rs\/wp-content\/uploads\/2022\/07\/centrum-men-30-300x300.webp 300w, https:\/\/apotekar-online.rs\/wp-content\/uploads\/2022\/07\/centrum-men-30-150x150.webp 150w, https:\/\/apotekar-online.rs\/wp-content\/uploads\/2022\/07\/centrum-men-30-12x12.webp 12w, https:\/\/apotekar-online.rs\/wp-content\/uploads\/2022\/07\/centrum-men-30-600x600.webp 600w, https:\/\/apotekar-online.rs\/wp-content\/uploads\/2022\/07\/centrum-men-30-100x100.webp 100w, https:\/\/apotekar-online.rs\/wp-content\/uploads\/2022\/07\/centrum-men-30.webp 640w\" sizes=\"(max-width: 300px) 100vw, 300px\" \/><h2 class=\"woocommerce-loop-product__title\">Centrum Men 30 comprimate<\/h2>\n\t<span class=\"price\"><span class=\"vi-sctv-price\"><del aria-hidden=\"true\"><span class=\"woocommerce-Price-amount amount\"><bdi>1.395,00&nbsp;<span class=\"woocommerce-Price-currencySymbol\">RSD<\/span><\/bdi><\/span><\/del> <span class=\"screen-reader-text\" data-no-translation=\"\" data-trp-gettext=\"\">Pre\u021bul original a fost: 1.395,00&nbsp;RSD.<\/span><ins aria-hidden=\"true\"><span class=\"woocommerce-Price-amount amount\"><bdi>976,50&nbsp;<span class=\"woocommerce-Price-currencySymbol\">RSD<\/span><\/bdi><\/span><\/ins><span class=\"screen-reader-text\" data-no-translation=\"\" data-trp-gettext=\"\">Pretul actual este: 976,50&nbsp;RSD.<\/span><\/span><\/span>\n<\/a><div class=\"woocommerce-loop-product__buttons\"><a href=\"\/ro\/wp-json\/wp\/v2\/pages\/2416?add-to-cart=609\" aria-describedby=\"woocommerce_loop_add_to_cart_link_describedby_609\" data-quantity=\"1\" class=\"button product_type_simple add_to_cart_button ajax_add_to_cart\" data-product_id=\"609\" data-product_sku=\"ca3a639a82c9\" aria-label=\"Adaug\u0103 \u00een co\u0219: \u201eCentrum Men 30 tableta\u201d\" rel=\"nofollow\" data-success_message=\"\u201eCentrum Men 30 tableta\u201d a fost ad\u0103ugat \u00een co\u0219\" role=\"button\" data-no-translation=\"\" data-trp-gettext=\"\" data-no-translation-aria-label=\"\" data-no-translation-data-success_message=\"\">Adaug\u0103 \u00een co\u0219<\/a><\/div>\t<span id=\"woocommerce_loop_add_to_cart_link_describedby_609\" class=\"screen-reader-text\">\n\t\t\t<\/span>\n<\/li>\n<li class=\"product type-product post-400 status-publish first instock product_cat-akcija product_cat-zdravlje-zena product_tag-bolna-menstruacija product_tag-ciste-na-jajnicima product_tag-miomi product_tag-poremecaj-menstrualnog-ciklusa has-post-thumbnail sale purchasable product-type-simple vi-sctv-product\">\n\t<a href=\"https:\/\/apotekar-online.rs\/ro\/p\/femisan-a-plus-zlatna-maka-60-kapsula\/\" class=\"woocommerce-LoopProduct-link woocommerce-loop-product__link\">\n\t<span class='onsale'>-<span class=\"woocommerce-Price-amount amount\"><bdi>363,00&nbsp;<span class=\"woocommerce-Price-currencySymbol\">RSD<\/span><\/bdi><\/span><\/span>\n\t<img loading=\"lazy\" decoding=\"async\" width=\"300\" height=\"300\" src=\"https:\/\/apotekar-online.rs\/wp-content\/uploads\/2022\/07\/femisan-a-1-300x300.jpg\" class=\"attachment-woocommerce_thumbnail size-woocommerce_thumbnail\" alt=\"Femisan A plus zlatna maka 60 kapsula\" srcset=\"https:\/\/apotekar-online.rs\/wp-content\/uploads\/2022\/07\/femisan-a-1-300x300.jpg 300w, https:\/\/apotekar-online.rs\/wp-content\/uploads\/2022\/07\/femisan-a-1-150x150.jpg 150w, https:\/\/apotekar-online.rs\/wp-content\/uploads\/2022\/07\/femisan-a-1-768x768.jpg 768w, https:\/\/apotekar-online.rs\/wp-content\/uploads\/2022\/07\/femisan-a-1-600x600.jpg 600w, https:\/\/apotekar-online.rs\/wp-content\/uploads\/2022\/07\/femisan-a-1-100x100.jpg 100w, https:\/\/apotekar-online.rs\/wp-content\/uploads\/2022\/07\/femisan-a-1.jpg 800w\" sizes=\"(max-width: 300px) 100vw, 300px\" \/><h2 class=\"woocommerce-loop-product__title\">Femisan A plus zlatna maka 60 kapsula<\/h2>\n\t<span class=\"price\"><span class=\"vi-sctv-price\"><del aria-hidden=\"true\"><span class=\"woocommerce-Price-amount amount\"><bdi>2.415,00&nbsp;<span class=\"woocommerce-Price-currencySymbol\">RSD<\/span><\/bdi><\/span><\/del> <span class=\"screen-reader-text\" data-no-translation=\"\" data-trp-gettext=\"\">Pre\u021bul original a fost: 2.415,00&nbsp;RSD.<\/span><ins aria-hidden=\"true\"><span class=\"woocommerce-Price-amount amount\"><bdi>2.052,00&nbsp;<span class=\"woocommerce-Price-currencySymbol\">RSD<\/span><\/bdi><\/span><\/ins><span class=\"screen-reader-text\" data-no-translation=\"\" data-trp-gettext=\"\">Pretul actual este: 2.052,00&nbsp;RSD.<\/span><\/span><\/span>\n<\/a><div class=\"woocommerce-loop-product__buttons\"><a href=\"\/ro\/wp-json\/wp\/v2\/pages\/2416?add-to-cart=400\" aria-describedby=\"woocommerce_loop_add_to_cart_link_describedby_400\" data-quantity=\"1\" class=\"button product_type_simple add_to_cart_button ajax_add_to_cart\" data-product_id=\"400\" data-product_sku=\"663133ea0753\" aria-label=\"Adaug\u0103 \u00een co\u0219: \u201eFemisan A plus zlatna maka 60 kapsula\u201d\" rel=\"nofollow\" data-success_message=\"\u201eFemisan A plus zlatna maka 60 kapsula\u201d a fost ad\u0103ugat \u00een co\u0219\" role=\"button\" data-no-translation=\"\" data-trp-gettext=\"\" data-no-translation-aria-label=\"\" data-no-translation-data-success_message=\"\">Adaug\u0103 \u00een co\u0219<\/a><\/div>\t<span id=\"woocommerce_loop_add_to_cart_link_describedby_400\" class=\"screen-reader-text\">\n\t\t\t<\/span>\n<\/li>\n<\/ul>\n<\/div>\t\t\t\t<\/div>\n\t\t\t\t<\/div>\n\t\t\t\t<\/div>\n\t\t\t\t\t<\/div>\n\t\t\t\t<\/div>\n\t\t<div class=\"elementor-element elementor-element-26e38c6 e-flex e-con-boxed e-con e-parent\" data-id=\"26e38c6\" data-element_type=\"container\" data-e-type=\"container\" data-settings=\"{&quot;_ob_use_container_extras&quot;:&quot;no&quot;,&quot;_ob_column_hoveranimator&quot;:&quot;no&quot;,&quot;_ob_glider_is_slider&quot;:&quot;no&quot;,&quot;_ob_column_has_pseudo&quot;:&quot;no&quot;}\">\n\t\t\t\t\t<div class=\"e-con-inner\">\n\t\t\t\t\t<\/div>\n\t\t\t\t<\/div>\n\t\t<div class=\"elementor-element elementor-element-723ba21 e-flex e-con-boxed e-con e-parent\" data-id=\"723ba21\" data-element_type=\"container\" data-e-type=\"container\" data-settings=\"{&quot;background_background&quot;:&quot;classic&quot;,&quot;_ob_use_container_extras&quot;:&quot;no&quot;,&quot;_ob_column_hoveranimator&quot;:&quot;no&quot;,&quot;_ob_glider_is_slider&quot;:&quot;no&quot;,&quot;_ob_column_has_pseudo&quot;:&quot;no&quot;}\">\n\t\t\t\t\t<div class=\"e-con-inner\">\n\t\t\t\t<div class=\"elementor-element elementor-element-0391c95 ob-harakiri-inherit ob-has-background-overlay elementor-widget elementor-widget-heading\" data-id=\"0391c95\" data-element_type=\"widget\" data-e-type=\"widget\" data-settings=\"{&quot;_ob_use_harakiri&quot;:&quot;yes&quot;,&quot;_ob_harakiri_writing_mode&quot;:&quot;inherit&quot;,&quot;_ob_harakiri_text_clip&quot;:&quot;none&quot;,&quot;_ob_widget_stalker_use&quot;:&quot;no&quot;,&quot;_ob_poopart_use&quot;:&quot;yes&quot;,&quot;_ob_shadough_use&quot;:&quot;no&quot;,&quot;_ob_allow_hoveranimator&quot;:&quot;no&quot;}\" data-widget_type=\"heading.default\">\n\t\t\t\t<div class=\"elementor-widget-container\">\n\t\t\t\t\t<h2 class=\"elementor-heading-title elementor-size-default\">Za\u0161to pratiti na\u0161e mese\u010dne akcije?\n<\/h2>\t\t\t\t<\/div>\n\t\t\t\t<\/div>\n\t\t\t\t\t<\/div>\n\t\t\t\t<\/div>\n\t\t<div class=\"elementor-element elementor-element-236143a e-flex e-con-boxed e-con e-parent\" data-id=\"236143a\" data-element_type=\"container\" data-e-type=\"container\" data-settings=\"{&quot;_ob_use_container_extras&quot;:&quot;no&quot;,&quot;_ob_column_hoveranimator&quot;:&quot;no&quot;,&quot;_ob_glider_is_slider&quot;:&quot;no&quot;,&quot;_ob_column_has_pseudo&quot;:&quot;no&quot;}\">\n\t\t\t\t\t<div class=\"e-con-inner\">\n\t\t\t\t\t<\/div>\n\t\t\t\t<\/div>\n\t\t<div class=\"elementor-element elementor-element-bda7a7b e-flex e-con-boxed e-con e-parent\" data-id=\"bda7a7b\" data-element_type=\"container\" data-e-type=\"container\" data-settings=\"{&quot;_ob_use_container_extras&quot;:&quot;no&quot;,&quot;_ob_column_hoveranimator&quot;:&quot;no&quot;,&quot;_ob_glider_is_slider&quot;:&quot;no&quot;,&quot;_ob_column_has_pseudo&quot;:&quot;no&quot;}\">\n\t\t\t\t\t<div class=\"e-con-inner\">\n\t\t\t\t<div class=\"elementor-element elementor-element-91a4260 ob-harakiri-inherit ob-has-background-overlay elementor-widget elementor-widget-heading\" data-id=\"91a4260\" data-element_type=\"widget\" data-e-type=\"widget\" data-settings=\"{&quot;_ob_use_harakiri&quot;:&quot;yes&quot;,&quot;_ob_harakiri_writing_mode&quot;:&quot;inherit&quot;,&quot;_ob_harakiri_text_clip&quot;:&quot;none&quot;,&quot;_ob_widget_stalker_use&quot;:&quot;no&quot;,&quot;_ob_poopart_use&quot;:&quot;yes&quot;,&quot;_ob_shadough_use&quot;:&quot;no&quot;,&quot;_ob_allow_hoveranimator&quot;:&quot;no&quot;}\" data-widget_type=\"heading.default\">\n\t\t\t\t<div class=\"elementor-widget-container\">\n\t\t\t\t\t<h2 class=\"elementor-heading-title elementor-size-default\">Pratiti na\u0161e mese\u010dne akcije zna\u010di kupovati pametnije i povoljnije. Svakog meseca u Apotekar Online izdvajamo pa\u017eljivo odabrane proizvode koji su najtra\u017eeniji u tom periodu \u2013 bilo da je re\u010d o <a href=\"\/ro\/vitamine-si-minerale\/\">vitaminima i mineralima<\/a>, <a href=\"\/ro\/probiotice\/\">probioticima<\/a>, preparatima za imunitet, dermokozmetici ili <a href=\"\/ro\/medicinski-aparati\/\">medicinskim aparatima<\/a>.\n\nNa\u0161e mese\u010dne akcije osmi\u0161ljene su tako da omogu\u0107e dostupnost kvalitetnih i proverenih proizvoda po sni\u017eenim cenama, uz stru\u010dnu podr\u0161ku farmaceuta. Posebnu pa\u017enju posve\u0107ujemo bezbednosti i pravilnoj upotrebi preparata, jer smatramo da je informisana kupovina najva\u017enija.\n\nKako funkcioni\u0161u mese\u010dne akcije?\n\nPonude se a\u017euriraju tokom meseca i va\u017ee do isteka zaliha, zato preporu\u010dujemo da redovno pratite stranicu Mese\u010dne akcije kako biste na vreme iskoristili najbolje popuste. Ukoliko imate dilemu oko izbora proizvoda, na\u0161 tim stoji vam na raspolaganju za savet i dodatne informacije.\n\nKupovina u online apoteci podrazumeva sigurnost, provereno poreklo proizvoda i jasno istaknute informacije o primeni. Upravo zato na\u0161e mese\u010dne akcije nisu samo sni\u017eenje cena, ve\u0107 kombinacija kvaliteta, stru\u010dnosti i dostupnosti.<\/h2>\t\t\t\t<\/div>\n\t\t\t\t<\/div>\n\t\t\t\t\t<\/div>\n\t\t\t\t<\/div>\n\t\t\t\t<\/div>","protected":false},"excerpt":{"rendered":"<p>Mese\u010dne akcije Aktuelne mese\u010dne akcije u Apotekar Online \u2013 pa\u017eljivo odabrani proizvodi po sni\u017eenim cenama. Ponude se a\u017euriraju tokom meseca i va\u017ee do isteka zaliha. Za\u0161to pratiti na\u0161e mese\u010dne akcije? Pratiti na\u0161e mese\u010dne akcije zna\u010di kupovati pametnije i povoljnije. Svakog meseca u Apotekar Online izdvajamo pa\u017eljivo odabrane proizvode koji su najtra\u017eeniji u tom periodu \u2013 [&hellip;]<\/p>\n","protected":false},"author":1,"featured_media":0,"parent":0,"menu_order":0,"comment_status":"closed","ping_status":"closed","template":"","meta":{"footnotes":""},"class_list":["post-2416","page","type-page","status-publish","hentry"],"ams_acf":[],"jetpack_sharing_enabled":true,"_links":{"self":[{"href":"https:\/\/apotekar-online.rs\/ro\/wp-json\/wp\/v2\/pages\/2416","targetHints":{"allow":["GET"]}}],"collection":[{"href":"https:\/\/apotekar-online.rs\/ro\/wp-json\/wp\/v2\/pages"}],"about":[{"href":"https:\/\/apotekar-online.rs\/ro\/wp-json\/wp\/v2\/types\/page"}],"author":[{"embeddable":true,"href":"https:\/\/apotekar-online.rs\/ro\/wp-json\/wp\/v2\/users\/1"}],"replies":[{"embeddable":true,"href":"https:\/\/apotekar-online.rs\/ro\/wp-json\/wp\/v2\/comments?post=2416"}],"version-history":[{"count":35,"href":"https:\/\/apotekar-online.rs\/ro\/wp-json\/wp\/v2\/pages\/2416\/revisions"}],"predecessor-version":[{"id":8622,"href":"https:\/\/apotekar-online.rs\/ro\/wp-json\/wp\/v2\/pages\/2416\/revisions\/8622"}],"wp:attachment":[{"href":"https:\/\/apotekar-online.rs\/ro\/wp-json\/wp\/v2\/media?parent=2416"}],"curies":[{"name":"wp","href":"https:\/\/api.w.org\/{rel}","templated":true}]}}