{"id":8829,"date":"2026-03-05T10:21:59","date_gmt":"2026-03-05T12:21:59","guid":{"rendered":"https:\/\/apotekar-online.rs\/?page_id=8829"},"modified":"2026-03-05T12:39:50","modified_gmt":"2026-03-05T14:39:50","slug":"kalkulator-za-doziranje-paracetamola","status":"publish","type":"page","link":"https:\/\/apotekar-online.rs\/ro\/kalkulator-za-doziranje-paracetamola\/","title":{"rendered":"Kalkulator za doziranje paracetamola"},"content":{"rendered":"\t\t<div data-elementor-type=\"wp-page\" data-elementor-id=\"8829\" class=\"elementor elementor-8829\" data-elementor-post-type=\"page\">\n\t\t\t\t<div class=\"elementor-element elementor-element-c04cebb e-flex e-con-boxed e-con e-parent\" data-id=\"c04cebb\" data-element_type=\"container\" data-e-type=\"container\" data-settings=\"{&quot;_ob_use_container_extras&quot;:&quot;no&quot;,&quot;_ob_column_hoveranimator&quot;:&quot;no&quot;,&quot;_ob_glider_is_slider&quot;:&quot;no&quot;,&quot;_ob_column_has_pseudo&quot;:&quot;no&quot;}\">\n\t\t\t\t\t<div class=\"e-con-inner\">\n\t\t\t\t<div class=\"elementor-element elementor-element-4c95eba ob-has-background-overlay elementor-widget elementor-widget-html\" data-id=\"4c95eba\" data-element_type=\"widget\" data-e-type=\"widget\" data-settings=\"{&quot;_ob_widget_stalker_use&quot;:&quot;no&quot;,&quot;_ob_poopart_use&quot;:&quot;yes&quot;,&quot;_ob_shadough_use&quot;:&quot;no&quot;,&quot;_ob_allow_hoveranimator&quot;:&quot;no&quot;}\" data-widget_type=\"html.default\">\n\t\t\t\t<div class=\"elementor-widget-container\">\n\t\t\t\t\t<!DOCTYPE html>\r\n<html lang=\"sr\">\r\n<head>\r\n    <meta charset=\"UTF-8\">\r\n    <meta name=\"viewport\" content=\"width=device-width, initial-scale=1.0\">\r\n    <title>Kalkulator doziranja paracetamola<\/title>\r\n    <link href=\"https:\/\/fonts.googleapis.com\/css2?family=Gilroy:wght@400;500;600;700&display=swap\" rel=\"stylesheet\">\r\n    <style>\r\n        * {\r\n            margin: 0;\r\n            padding: 0;\r\n            box-sizing: border-box;\r\n        }\r\n\r\n        body {\r\n            font-family: 'Gilroy', sans-serif;\r\n            background-color: #FFFFFF;\r\n            padding: 20px;\r\n        }\r\n\r\n        .container {\r\n            max-width: 900px;\r\n            margin: 0 auto;\r\n            background-color: #ECEEF2;\r\n            border-radius: 12px;\r\n            padding: 40px;\r\n            box-shadow: 0 2px 8px rgba(0, 0, 0, 0.1);\r\n        }\r\n\r\n        h1 {\r\n            color: #356ABA;\r\n            font-size: 28px;\r\n            margin-bottom: 15px;\r\n            font-weight: 700;\r\n        }\r\n\r\n        h2 {\r\n            color: #356ABA;\r\n            font-size: 18px;\r\n            margin-top: 25px;\r\n            margin-bottom: 15px;\r\n            font-weight: 600;\r\n        }\r\n\r\n        .description {\r\n            color: #333;\r\n            font-size: 14px;\r\n            line-height: 1.6;\r\n            margin-bottom: 25px;\r\n            background-color: #FFFFFF;\r\n            padding: 15px;\r\n            border-radius: 8px;\r\n            border-left: 4px solid #356ABA;\r\n        }\r\n\r\n        .warning {\r\n            background-color: #fff3cd;\r\n            border: 1px solid #ffc107;\r\n            color: #856404;\r\n            padding: 12px 15px;\r\n            border-radius: 6px;\r\n            margin-bottom: 25px;\r\n            font-size: 13px;\r\n            font-weight: 500;\r\n            line-height: 1.5;\r\n        }\r\n\r\n        .form-section {\r\n            background-color: #FFFFFF;\r\n            padding: 25px;\r\n            border-radius: 8px;\r\n            margin-bottom: 25px;\r\n        }\r\n\r\n        .form-group {\r\n            margin-bottom: 20px;\r\n        }\r\n\r\n        label {\r\n            display: block;\r\n            color: #356ABA;\r\n            font-weight: 600;\r\n            margin-bottom: 10px;\r\n            font-size: 14px;\r\n        }\r\n\r\n        .input-row {\r\n            display: flex;\r\n            gap: 15px;\r\n            flex-wrap: wrap;\r\n            align-items: flex-end;\r\n        }\r\n\r\n        input[type=\"number\"],\r\n        select {\r\n            padding: 10px 12px;\r\n            border: 2px solid #356ABA;\r\n            border-radius: 6px;\r\n            font-family: 'Gilroy', sans-serif;\r\n            font-size: 14px;\r\n            background-color: #FFFFFF;\r\n            color: #333;\r\n            cursor: pointer;\r\n            transition: border-color 0.3s;\r\n            flex: 1;\r\n            min-width: 100px;\r\n        }\r\n\r\n        input[type=\"number\"]:hover,\r\n        select:hover {\r\n            border-color: #2a4f8a;\r\n        }\r\n\r\n        input[type=\"number\"]:focus,\r\n        select:focus {\r\n            outline: none;\r\n            border-color: #2a4f8a;\r\n            box-shadow: 0 0 0 3px rgba(53, 106, 186, 0.1);\r\n        }\r\n\r\n        .info-text {\r\n            font-size: 12px;\r\n            color: #666;\r\n            margin-top: 5px;\r\n            font-style: italic;\r\n        }\r\n\r\n        button {\r\n            background-color: #356ABA;\r\n            color: #FFFFFF;\r\n            border: none;\r\n            padding: 12px 30px;\r\n            border-radius: 6px;\r\n            font-family: 'Gilroy', sans-serif;\r\n            font-size: 14px;\r\n            font-weight: 600;\r\n            cursor: pointer;\r\n            transition: background-color 0.3s;\r\n            margin-top: 10px;\r\n        }\r\n\r\n        button:hover {\r\n            background-color: #2a4f8a;\r\n        }\r\n\r\n        button:active {\r\n            background-color: #1f3a5f;\r\n        }\r\n\r\n        .results {\r\n            background-color: #FFFFFF;\r\n            padding: 25px;\r\n            border-radius: 8px;\r\n            margin-top: 25px;\r\n            display: none;\r\n        }\r\n\r\n        .results.show {\r\n            display: block;\r\n        }\r\n\r\n        .results-title {\r\n            color: #356ABA;\r\n            font-size: 16px;\r\n            font-weight: 600;\r\n            margin-bottom: 15px;\r\n        }\r\n\r\n        .result-item {\r\n            margin-bottom: 15px;\r\n            padding: 15px;\r\n            background-color: #ECEEF2;\r\n            border-radius: 6px;\r\n            font-size: 14px;\r\n            color: #333;\r\n            border-left: 4px solid #356ABA;\r\n        }\r\n\r\n        .result-label {\r\n            font-weight: 600;\r\n            color: #356ABA;\r\n            display: block;\r\n            margin-bottom: 5px;\r\n        }\r\n\r\n        .result-value {\r\n            font-size: 16px;\r\n            color: #333;\r\n            font-weight: 500;\r\n        }\r\n\r\n        .info-section {\r\n            background-color: #FFFFFF;\r\n            padding: 25px;\r\n            border-radius: 8px;\r\n            margin-bottom: 25px;\r\n        }\r\n\r\n        .info-title {\r\n            color: #356ABA;\r\n            font-size: 16px;\r\n            font-weight: 600;\r\n            margin-bottom: 15px;\r\n        }\r\n\r\n        .info-list {\r\n            list-style: none;\r\n            padding: 0;\r\n        }\r\n\r\n        .info-list li {\r\n            padding: 8px 0;\r\n            padding-left: 25px;\r\n            position: relative;\r\n            font-size: 14px;\r\n            color: #333;\r\n            line-height: 1.5;\r\n        }\r\n\r\n        .info-list li:before {\r\n            content: \"\u2713\";\r\n            position: absolute;\r\n            left: 0;\r\n            color: #356ABA;\r\n            font-weight: bold;\r\n        }\r\n\r\n        .dosage-table {\r\n            width: 100%;\r\n            border-collapse: collapse;\r\n            margin-top: 15px;\r\n            background-color: #FFFFFF;\r\n            border-radius: 6px;\r\n            overflow: hidden;\r\n        }\r\n\r\n        .dosage-table th {\r\n            background-color: #356ABA;\r\n            color: #FFFFFF;\r\n            padding: 12px;\r\n            text-align: left;\r\n            font-weight: 600;\r\n            font-size: 13px;\r\n        }\r\n\r\n        .dosage-table td {\r\n            padding: 12px;\r\n            border-bottom: 1px solid #ECEEF2;\r\n            font-size: 13px;\r\n            color: #333;\r\n        }\r\n\r\n        .dosage-table tr:hover {\r\n            background-color: #f9f9f9;\r\n        }\r\n\r\n        @media (max-width: 768px) {\r\n            .container {\r\n                padding: 20px;\r\n            }\r\n\r\n            h1 {\r\n                font-size: 24px;\r\n            }\r\n\r\n            .input-row {\r\n                flex-direction: column;\r\n            }\r\n\r\n            input[type=\"number\"],\r\n            select {\r\n                width: 100%;\r\n            }\r\n\r\n            button {\r\n                width: 100%;\r\n            }\r\n        }\r\n    <\/style>\r\n<\/head>\r\n<body>\r\n    <div class=\"container\">\r\n        <h1>Kalkulator doziranja paracetamola<\/h1>\r\n        \r\n        <div class=\"description\">\r\n            <strong>Pravilno doziranje paracetamola klju\u010dno je za efikasno i sigurno ubla\u017eavanje boli i sni\u017eavanje povi\u0161ene temperature<\/strong> kod decu i odraslih. Ovaj kalkulator poma\u017ee da odredite odgovaraju\u0107u dozu paracetamola prema telesnoj te\u017eini i godinama osobe.\r\n        <\/div>\r\n\r\n        <div class=\"warning\">\r\n            \u26a0\ufe0f <strong>Va\u017eno upozorenje:<\/strong> Ovaj kalkulator je samo informativni alat. Uvek se konsultujte sa lekarom ili farmaceutom pre primene paracetamola, posebno kod dece, trudnica i osoba sa zdravstvenim problemima. Paracetamol se ne preporu\u010duje deci mla\u0111oj od 2-3 meseca bez saveta lekara.\r\n        <\/div>\r\n\r\n        <div class=\"form-section\">\r\n            <div class=\"form-group\">\r\n                <label>Tip pacijenta:<\/label>\r\n                <div class=\"input-row\">\r\n                    <select id=\"patientType\" onchange=\"updateForm()\">\r\n                        <option value=\"child\">Dete<\/option>\r\n                        <option value=\"adult\">Odrasla osoba<\/option>\r\n                    <\/select>\r\n                <\/div>\r\n            <\/div>\r\n\r\n            <div id=\"childForm\" style=\"display: block;\">\r\n                <div class=\"form-group\">\r\n                    <label>Telesna te\u017eina deteta (kg):<\/label>\r\n                    <div class=\"input-row\">\r\n                        <input type=\"number\" id=\"childWeight\" min=\"3\" max=\"100\" step=\"0.5\" placeholder=\"Unesite te\u017einu\">\r\n                    <\/div>\r\n                    <div class=\"info-text\">Minimalna te\u017eina je 3 kg<\/div>\r\n                <\/div>\r\n\r\n                <div class=\"form-group\">\r\n                    <label>Oblik leka:<\/label>\r\n                    <div class=\"input-row\">\r\n                        <select id=\"medicineForm\">\r\n                            <option value=\"syrup\">Sirup (120 mg\/5 ml)<\/option>\r\n                            <option value=\"suppository\">\u010cepi\u0107i (120 mg ili 250 mg)<\/option>\r\n                            <option value=\"tablet\">Tablete (500 mg)<\/option>\r\n                        <\/select>\r\n                    <\/div>\r\n                <\/div>\r\n            <\/div>\r\n\r\n            <div id=\"adultForm\" style=\"display: none;\">\r\n                <div class=\"form-group\">\r\n                    <label>Telesna te\u017eina (kg):<\/label>\r\n                    <div class=\"input-row\">\r\n                        <input type=\"number\" id=\"adultWeight\" min=\"30\" max=\"200\" step=\"0.5\" placeholder=\"Unesite te\u017einu\">\r\n                    <\/div>\r\n                <\/div>\r\n\r\n                <div class=\"form-group\">\r\n                    <label>Oblik leka:<\/label>\r\n                    <div class=\"input-row\">\r\n                        <select id=\"adultMedicineForm\">\r\n                            <option value=\"tablet\">Tablete (500 mg)<\/option>\r\n                            <option value=\"syrup\">Sirup (120 mg\/5 ml)<\/option>\r\n                        <\/select>\r\n                    <\/div>\r\n                <\/div>\r\n            <\/div>\r\n\r\n            <button onclick=\"calculateDosage()\">Izra\u010dunaj dozu<\/button>\r\n        <\/div>\r\n\r\n        <div class=\"results\" id=\"results\">\r\n            <div class=\"results-title\">Rezultati doziranja:<\/div>\r\n            <div id=\"resultsContent\"><\/div>\r\n        <\/div>\r\n\r\n        <div class=\"info-section\">\r\n            <div class=\"info-title\">Va\u017ene informacije o paracetamolu:<\/div>\r\n            <ul class=\"info-list\">\r\n                <li>Paracetamol je lek za ubla\u017eavanje boli i sni\u017eavanje temperature<\/li>\r\n                <li>Za decu, doza se odre\u0111uje prema telesnoj te\u017eini: 10-15 mg\/kg po dozi<\/li>\r\n                <li>Maksimalna dnevna doza za decu je 60 mg\/kg u 24 sata<\/li>\r\n                <li>Minimalni razmak izme\u0111u doza je 4-6 sati<\/li>\r\n                <li>Ne preporu\u010duje se davati vi\u0161e od 4 doze u 24 sata bez konsultacije sa lekarom<\/li>\r\n                <li>Dozvoljeno trajanje primene bez saveta lekara je 3 dana za decu i 7 dana za odrasle<\/li>\r\n                <li>Uvek koristite originalni dozator koji dolazi sa lekom za precizno merenje<\/li>\r\n                <li>Ne me\u0161ajte razli\u010dite lekove koji sadr\u017ee paracetamol<\/li>\r\n            <\/ul>\r\n        <\/div>\r\n\r\n        <div class=\"info-section\">\r\n            <div class=\"info-title\">Tablica doziranja za decu - paracetamol sirup (120 mg\/5 ml):<\/div>\r\n            <table class=\"dosage-table\">\r\n                <thead>\r\n                    <tr>\r\n                        <th>Starost<\/th>\r\n                        <th>Telesna masa (kg)<\/th>\r\n                        <th>Pojedina\u010dna doza<\/th>\r\n                        <th>U\u010destalost<\/th>\r\n                    <\/tr>\r\n                <\/thead>\r\n                <tbody>\r\n                    <tr>\r\n                        <td>3-6 meseci<\/td>\r\n                        <td>5-8<\/td>\r\n                        <td>2,5 ml (60 mg)<\/td>\r\n                        <td>4 puta dnevno<\/td>\r\n                    <\/tr>\r\n                    <tr>\r\n                        <td>6-24 meseca<\/td>\r\n                        <td>8-12<\/td>\r\n                        <td>5 ml (120 mg)<\/td>\r\n                        <td>4 puta dnevno<\/td>\r\n                    <\/tr>\r\n                    <tr>\r\n                        <td>2-4 godine<\/td>\r\n                        <td>12-16<\/td>\r\n                        <td>7,5 ml (180 mg)<\/td>\r\n                        <td>4 puta dnevno<\/td>\r\n                    <\/tr>\r\n                    <tr>\r\n                        <td>4-8 godina<\/td>\r\n                        <td>16-25<\/td>\r\n                        <td>10 ml (240 mg)<\/td>\r\n                        <td>4 puta dnevno<\/td>\r\n                    <\/tr>\r\n                    <tr>\r\n                        <td>8-10 godina<\/td>\r\n                        <td>25-32<\/td>\r\n                        <td>15 ml (360 mg)<\/td>\r\n                        <td>4 puta dnevno<\/td>\r\n                    <\/tr>\r\n                    <tr>\r\n                        <td>10-12 godina<\/td>\r\n                        <td>32-43<\/td>\r\n                        <td>20 ml (480 mg)<\/td>\r\n                        <td>4 puta dnevno<\/td>\r\n                    <\/tr>\r\n                <\/tbody>\r\n            <\/table>\r\n        <\/div>\r\n    <\/div>\r\n\r\n    <script>\r\n        function updateForm() {\r\n            const patientType = document.getElementById('patientType').value;\r\n            document.getElementById('childForm').style.display = patientType === 'child' ? 'block' : 'none';\r\n            document.getElementById('adultForm').style.display = patientType === 'adult' ? 'block' : 'none';\r\n            document.getElementById('results').classList.remove('show');\r\n        }\r\n\r\n        function calculateDosage() {\r\n            const patientType = document.getElementById('patientType').value;\r\n\r\n            if (patientType === 'child') {\r\n                calculateChildDosage();\r\n            } else {\r\n                calculateAdultDosage();\r\n            }\r\n        }\r\n\r\n        function calculateChildDosage() {\r\n            const weight = parseFloat(document.getElementById('childWeight').value);\r\n            const medicineForm = document.getElementById('medicineForm').value;\r\n            const resultsDiv = document.getElementById('results');\r\n            const resultsContent = document.getElementById('resultsContent');\r\n\r\n            if (!weight || weight < 3) {\r\n                alert('Molimo unesite validnu telesnu te\u017einu (minimalno 3 kg)!');\r\n                return;\r\n            }\r\n\r\n            \/\/ Izra\u010dunaj dozu prema te\u017eini\r\n            const minDose = weight * 10;\r\n            const maxDose = weight * 15;\r\n            const maxDailyDose = weight * 60;\r\n            const recommendedDailyDose = weight * 40;\r\n\r\n            let dosageInfo = '';\r\n\r\n            if (medicineForm === 'syrup') {\r\n                \/\/ Sirup 120 mg\/5 ml\r\n                const minDoseInMl = (minDose \/ 120) * 5;\r\n                const maxDoseInMl = (maxDose \/ 120) * 5;\r\n                dosageInfo = `\r\n                    <div class=\"result-item\">\r\n                        <span class=\"result-label\">Pojedina\u010dna doza (sirup 120 mg\/5 ml):<\/span>\r\n                        <span class=\"result-value\">${minDoseInMl.toFixed(2)} - ${maxDoseInMl.toFixed(2)} ml (${minDose.toFixed(0)} - ${maxDose.toFixed(0)} mg)<\/span>\r\n                    <\/div>\r\n                    <div class=\"result-item\">\r\n                        <span class=\"result-label\">U\u010destalost primene:<\/span>\r\n                        <span class=\"result-value\">3-4 puta dnevno, razmak 4-6 sati<\/span>\r\n                    <\/div>\r\n                    <div class=\"result-item\">\r\n                        <span class=\"result-label\">Preporu\u010dena dnevna doza:<\/span>\r\n                        <span class=\"result-value\">${recommendedDailyDose.toFixed(0)} mg<\/span>\r\n                    <\/div>\r\n                    <div class=\"result-item\">\r\n                        <span class=\"result-label\">Maksimalna dnevna doza:<\/span>\r\n                        <span class=\"result-value\">${maxDailyDose.toFixed(0)} mg<\/span>\r\n                    <\/div>\r\n                `;\r\n            } else if (medicineForm === 'suppository') {\r\n                dosageInfo = `\r\n                    <div class=\"result-item\">\r\n                        <span class=\"result-label\">Pojedina\u010dna doza:<\/span>\r\n                        <span class=\"result-value\">${minDose.toFixed(0)} - ${maxDose.toFixed(0)} mg<\/span>\r\n                    <\/div>\r\n                    <div class=\"result-item\">\r\n                        <span class=\"result-label\">Preporu\u010deni \u010depi\u0107:<\/span>\r\n                        <span class=\"result-value\">${maxDose <= 120 ? '120 mg' : '250 mg'}<\/span>\r\n                    <\/div>\r\n                    <div class=\"result-item\">\r\n                        <span class=\"result-label\">U\u010destalost primene:<\/span>\r\n                        <span class=\"result-value\">3-4 puta dnevno, razmak 4-6 sati<\/span>\r\n                    <\/div>\r\n                    <div class=\"result-item\">\r\n                        <span class=\"result-label\">Maksimalna dnevna doza:<\/span>\r\n                        <span class=\"result-value\">${maxDailyDose.toFixed(0)} mg<\/span>\r\n                    <\/div>\r\n                `;\r\n            } else {\r\n                dosageInfo = `\r\n                    <div class=\"result-item\">\r\n                        <span class=\"result-label\">Pojedina\u010dna doza:<\/span>\r\n                        <span class=\"result-value\">${minDose.toFixed(0)} - ${maxDose.toFixed(0)} mg<\/span>\r\n                    <\/div>\r\n                    <div class=\"result-item\">\r\n                        <span class=\"result-label\">Broj tableta (500 mg):<\/span>\r\n                        <span class=\"result-value\">${(minDose \/ 500).toFixed(2)} - ${(maxDose \/ 500).toFixed(2)} tablete<\/span>\r\n                    <\/div>\r\n                    <div class=\"result-item\">\r\n                        <span class=\"result-label\">U\u010destalost primene:<\/span>\r\n                        <span class=\"result-value\">3-4 puta dnevno, razmak 4-6 sati<\/span>\r\n                    <\/div>\r\n                    <div class=\"result-item\">\r\n                        <span class=\"result-label\">Maksimalna dnevna doza:<\/span>\r\n                        <span class=\"result-value\">${maxDailyDose.toFixed(0)} mg<\/span>\r\n                    <\/div>\r\n                `;\r\n            }\r\n\r\n            resultsContent.innerHTML = dosageInfo;\r\n            document.getElementById('results').classList.add('show');\r\n        }\r\n\r\n        function calculateAdultDosage() {\r\n            const weight = parseFloat(document.getElementById('adultWeight').value);\r\n            const medicineForm = document.getElementById('adultMedicineForm').value;\r\n            const resultsDiv = document.getElementById('results');\r\n            const resultsContent = document.getElementById('resultsContent');\r\n\r\n            if (!weight || weight < 30) {\r\n                alert('Molimo unesite validnu telesnu te\u017einu!');\r\n                return;\r\n            }\r\n\r\n            let dosageInfo = '';\r\n\r\n            if (medicineForm === 'tablet') {\r\n                dosageInfo = `\r\n                    <div class=\"result-item\">\r\n                        <span class=\"result-label\">Pojedina\u010dna doza:<\/span>\r\n                        <span class=\"result-value\">1-2 tablete (500-1000 mg)<\/span>\r\n                    <\/div>\r\n                    <div class=\"result-item\">\r\n                        <span class=\"result-label\">U\u010destalost primene:<\/span>\r\n                        <span class=\"result-value\">Svakih 4-6 sati prema potrebi<\/span>\r\n                    <\/div>\r\n                    <div class=\"result-item\">\r\n                        <span class=\"result-label\">Maksimalan broj doza:<\/span>\r\n                        <span class=\"result-value\">4 doze u 24 sata<\/span>\r\n                    <\/div>\r\n                    <div class=\"result-item\">\r\n                        <span class=\"result-label\">Maksimalna dnevna doza:<\/span>\r\n                        <span class=\"result-value\">8 tableta (4000 mg)<\/span>\r\n                    <\/div>\r\n                    <div class=\"result-item\">\r\n                        <span class=\"result-label\">Dozvoljeno trajanje:<\/span>\r\n                        <span class=\"result-value\">Do 7 dana bez saveta lekara<\/span>\r\n                    <\/div>\r\n                `;\r\n            } else {\r\n                dosageInfo = `\r\n                    <div class=\"result-item\">\r\n                        <span class=\"result-label\">Pojedina\u010dna doza (sirup 120 mg\/5 ml):<\/span>\r\n                        <span class=\"result-value\">20-40 ml (480-960 mg)<\/span>\r\n                    <\/div>\r\n                    <div class=\"result-item\">\r\n                        <span class=\"result-label\">U\u010destalost primene:<\/span>\r\n                        <span class=\"result-value\">Svakih 4-6 sati prema potrebi<\/span>\r\n                    <\/div>\r\n                    <div class=\"result-item\">\r\n                        <span class=\"result-label\">Maksimalan broj doza:<\/span>\r\n                        <span class=\"result-value\">4 doze u 24 sata<\/span>\r\n                    <\/div>\r\n                    <div class=\"result-item\">\r\n                        <span class=\"result-label\">Maksimalna dnevna doza:<\/span>\r\n                        <span class=\"result-value\">160 ml (3840 mg)<\/span>\r\n                    <\/div>\r\n                    <div class=\"result-item\">\r\n                        <span class=\"result-label\">Dozvoljeno trajanje:<\/span>\r\n                        <span class=\"result-value\">Do 7 dana bez saveta lekara<\/span>\r\n                    <\/div>\r\n                `;\r\n            }\r\n\r\n            resultsContent.innerHTML = dosageInfo;\r\n            document.getElementById('results').classList.add('show');\r\n        }\r\n    <\/script>\r\n<\/body>\r\n<\/html>\t\t\t\t<\/div>\n\t\t\t\t<\/div>\n\t\t\t\t\t<\/div>\n\t\t\t\t<\/div>\n\t\t\t\t<\/div>\n\t\t","protected":false},"excerpt":{"rendered":"<p>&nbsp; &nbsp; Kalkulator doziranja paracetamola Pravilno doziranje paracetamola klju\u010dno je za efikasno i sigurno ubla\u017eavanje boli i sni\u017eavanje povi\u0161ene temperature kod decu i odraslih. Ovaj kalkulator poma\u017ee da odredite odgovaraju\u0107u dozu paracetamola prema telesnoj te\u017eini i godinama osobe. &#x26a0;&#xfe0f; Va\u017eno upozorenje: Ovaj kalkulator je samo informativni alat. Uvek se konsultujte sa lekarom ili farmaceutom pre [&hellip;]<\/p>\n","protected":false},"author":1,"featured_media":0,"parent":0,"menu_order":0,"comment_status":"closed","ping_status":"closed","template":"","meta":{"footnotes":""},"class_list":["post-8829","page","type-page","status-publish","hentry"],"ams_acf":[],"jetpack_sharing_enabled":true,"_links":{"self":[{"href":"https:\/\/apotekar-online.rs\/ro\/wp-json\/wp\/v2\/pages\/8829","targetHints":{"allow":["GET"]}}],"collection":[{"href":"https:\/\/apotekar-online.rs\/ro\/wp-json\/wp\/v2\/pages"}],"about":[{"href":"https:\/\/apotekar-online.rs\/ro\/wp-json\/wp\/v2\/types\/page"}],"author":[{"embeddable":true,"href":"https:\/\/apotekar-online.rs\/ro\/wp-json\/wp\/v2\/users\/1"}],"replies":[{"embeddable":true,"href":"https:\/\/apotekar-online.rs\/ro\/wp-json\/wp\/v2\/comments?post=8829"}],"version-history":[{"count":5,"href":"https:\/\/apotekar-online.rs\/ro\/wp-json\/wp\/v2\/pages\/8829\/revisions"}],"predecessor-version":[{"id":8844,"href":"https:\/\/apotekar-online.rs\/ro\/wp-json\/wp\/v2\/pages\/8829\/revisions\/8844"}],"wp:attachment":[{"href":"https:\/\/apotekar-online.rs\/ro\/wp-json\/wp\/v2\/media?parent=8829"}],"curies":[{"name":"wp","href":"https:\/\/api.w.org\/{rel}","templated":true}]}}