{"id":1155,"date":"2022-07-12T10:06:02","date_gmt":"2022-07-12T10:06:02","guid":{"rendered":"https:\/\/apotekar-online.rs\/product\/koenzim-q10-200-mgb1-30-kapsula\/"},"modified":"2026-04-01T00:00:10","modified_gmt":"2026-04-01T02:00:10","slug":"koenzim-q10-200-mgb1-30-kapsula","status":"publish","type":"product","link":"https:\/\/apotekar-online.rs\/ro\/p\/koenzim-q10-200-mgb1-30-kapsula\/","title":{"rendered":"Koenzim Q10 200 mg+B1 30 kapsula"},"content":{"rendered":"","protected":false},"excerpt":{"rendered":"<p>Dodatak ishrani na bazi koenzima Q10 i vitamina B1 (tiamina) koji se preporu\u010duje:<br \/>\nZa o\u010duvanje zdravlja srca<br \/>\nOsobama koje su na terapiji statinima<br \/>\nOsobama sa povi\u0161enim krvnim pritiskom<br \/>\nU stanjima stresa i pove\u0107anih psihi\u010dkih i fizi\u010dkih napora<br \/>\nPu\u0161a\u010dima<br \/>\nKoenzim Q10 je supstanca prirodno prisutna u mitohondrijama, delovima \u0107elija koji predstavljaju centre za proizvodnju energije i njeno kori\u0161\u0107enje u metaboli\u010dkim procesima. Razli\u010dita patolo\u0161ka stanja u organizmu i upotreba lekova (npr. ubetty<\/p>\n<p>terapiji sni\u017eavanja holesterola), zna\u010dajno pove\u0107avaju potrebe organizma za ovim mikronutrijentom.<br \/>\nVitamin B1 ili kako ga jo\u0161 nazivamo tiamin pripada kompleksu vitamina B. Kompleks vitamina B spada u klasu vitamina rastvorljivih u vodi.<br \/>\nNe preporu\u010duje se deci, trudnicama, dojiljama, kao ni osobama preosetljivim na bilo koji od sastojaka preparata.<\/p>\n<p><strong>Dozaj \u0219i mod de utilizare<\/strong><br \/>\nOdrasli: 1 kapsula dnevno uz obrok.<\/p>","protected":false},"featured_media":1156,"template":"","meta":[],"product_brand":[],"product_cat":[3054,79],"product_tag":[1709,307],"class_list":{"0":"post-1155","1":"product","2":"type-product","3":"status-publish","4":"has-post-thumbnail","6":"product_cat-akcija","7":"product_cat-srce-krvni-sudovi-i-holesterol","8":"product_tag-betty","9":"product_tag-vitamin-b1","10":"pa_brend-strong-nature","12":"first","13":"instock","14":"sale","15":"purchasable","16":"product-type-simple"},"ams_default_variation_id":0,"ams_product_points_reward":[],"ams_product_discount_percentage":15,"ams_price_to_display":1818.15,"ams_acf":[],"jetpack_sharing_enabled":true,"_links":{"self":[{"href":"https:\/\/apotekar-online.rs\/ro\/wp-json\/wp\/v2\/product\/1155","targetHints":{"allow":["GET"]}}],"collection":[{"href":"https:\/\/apotekar-online.rs\/ro\/wp-json\/wp\/v2\/product"}],"about":[{"href":"https:\/\/apotekar-online.rs\/ro\/wp-json\/wp\/v2\/types\/product"}],"wp:featuredmedia":[{"embeddable":true,"href":"https:\/\/apotekar-online.rs\/ro\/wp-json\/wp\/v2\/media\/1156"}],"wp:attachment":[{"href":"https:\/\/apotekar-online.rs\/ro\/wp-json\/wp\/v2\/media?parent=1155"}],"wp:term":[{"taxonomy":"product_brand","embeddable":true,"href":"https:\/\/apotekar-online.rs\/ro\/wp-json\/wp\/v2\/product_brand?post=1155"},{"taxonomy":"product_cat","embeddable":true,"href":"https:\/\/apotekar-online.rs\/ro\/wp-json\/wp\/v2\/product_cat?post=1155"},{"taxonomy":"product_tag","embeddable":true,"href":"https:\/\/apotekar-online.rs\/ro\/wp-json\/wp\/v2\/product_tag?post=1155"}],"curies":[{"name":"wp","href":"https:\/\/api.w.org\/{rel}","templated":true}]}}