{"id":1162,"date":"2022-07-12T10:06:10","date_gmt":"2022-07-12T10:06:10","guid":{"rendered":"https:\/\/apotekar-online.rs\/product\/strong-nature-aktivni-ugalj-problotik-1010-kapsula\/"},"modified":"2026-03-05T08:22:46","modified_gmt":"2026-03-05T10:22:46","slug":"strong-nature-carbune-activat-problotik-1010-capsule","status":"publish","type":"product","link":"https:\/\/apotekar-online.rs\/ro\/p\/strong-nature-aktivni-ugalj-problotik-1010-kapsula\/","title":{"rendered":"Strong Nature C\u0103rbune activat + Problotik 10+10 capsule"},"content":{"rendered":"","protected":false},"excerpt":{"rendered":"<p>Tot ce ai nevoie pentru probleme de stomac se gaseste acum intr-un singur produs: STRONG NATURE ACTIVATED CARBON + PROBIOTICE, 10+10 capsule.<br \/>\nC\u0103rbunele activat (medical) are capacitatea de a adsorbi un num\u0103r mare de substan\u021be de origine organic\u0103 \u0219i anorganic\u0103, precum \u0219i gaze.<br \/>\nProbioticele sunt microorganisme vii care au diverse efecte benefice asupra s\u0103n\u0103t\u0103\u021bii. Cele mai frecvent utilizate probiotice sunt diverse tulpini de Lactobacillus si Bifidobacterium, iar STRONG NATURE ACTIVATED CARBON + PROBIOTIC le contine exact.Ele prezinta efecte pozitive in prevenirea si tratamentul unor afectiuni gastrointestinale, inclusiv diareea cauzata de utilizarea antibioticelor sau infectiei virale, precum \u0219i flatulen\u021ba \u0219i crampele stomacale.<br \/>\nSupliment alimentar pe baz\u0103 de c\u0103rbune activ \u0219i probiotice cu efect benefic asupra s\u0103n\u0103t\u0103\u021bii sistemului digestiv.<br \/>\nCulturile probiotice contribuie la conservarea:<br \/>\nechilibrul microflorei intestinale, precum \u0219i<br \/>\ns\u0103n\u0103tatea \u0219i func\u021biile sistemului digestiv.<br \/>\nC\u0103rbunele activat prezint\u0103 un efect benefic asupra:<br \/>\nreglarea digestiei;<br \/>\ndetoxifierea organismului.<br \/>\nProdusul nu este recomandat copiilor sub 3 ani, precum \u0219i persoanelor care sunt hipersensibile la ingredientele produsului. C\u0103rbunele activat d\u0103 o decolorare neagr\u0103 a scaunului, care este temporar\u0103.<br \/>\nDeoarece c\u0103rbunele activat poate reduce absorb\u021bia multor nutrien\u021bi, suplimente alimentare \u0219i medicamente, acestea ar trebui administrate la cel pu\u021bin 2 ore una dintre ele.<br \/>\nFemeile \u00eens\u0103rcinate \u0219i care al\u0103pteaz\u0103 trebuie s\u0103-\u0219i consulte medicul \u00eenainte de a utiliza produsul.<\/p>\n<p><strong>Dozaj \u0219i mod de utilizare<\/strong><br \/>\nCopii peste 3 ani \u0219i adul\u021bi:<br \/>\nC\u0103rbune activat:<br \/>\nPentru probleme digestive: lua\u021bi 2-3 capsule, de 3-4 ori pe zi, la nevoie. Dac\u0103 este necesar, con\u021binutul capsulei poate fi amestecat \u00eentr-un pahar cu ap\u0103 \u0219i b\u0103ut.<br \/>\nPentru balonare dup\u0103 mas\u0103: lua\u021bi 1 g (4 capsule) cu 30 de minute \u00eenainte \u0219i 1 g (4 capsule) imediat dup\u0103 mas\u0103.<br \/>\nProbiotic: o capsul\u0103 pe zi, la cel pu\u021bin 2 ore \u00een afar\u0103 de c\u0103rbunele activat.<\/p>\n<p>&nbsp;<\/p>\n<p><strong>Not\u0103:<\/strong>\u00a0Ne str\u0103duim s\u0103 fim c\u00e2t mai precisi \u00een descrierea tuturor produselor, dar nu putem garanta c\u0103 toate descrierile sunt complete \u0219i f\u0103r\u0103 erori. Multumesc pentru intelegere.<br \/>\nToate articolele afi\u0219ate pe site fac parte din oferta noastr\u0103, dar nu \u00eenseamn\u0103 c\u0103 sunt disponibile \u00een orice moment.<\/p>","protected":false},"featured_media":1163,"template":"","meta":[],"product_brand":[],"product_cat":[105,81],"product_tag":[],"class_list":{"0":"post-1162","1":"product","2":"type-product","3":"status-publish","4":"has-post-thumbnail","6":"product_cat-dijareja-i-rehidratacija","7":"product_cat-probiotici-i-enzimi","9":"first","10":"instock","11":"product-type-simple"},"ams_default_variation_id":0,"ams_product_points_reward":[],"ams_product_discount_percentage":0,"ams_price_to_display":0,"ams_acf":[],"jetpack_sharing_enabled":true,"_links":{"self":[{"href":"https:\/\/apotekar-online.rs\/ro\/wp-json\/wp\/v2\/product\/1162","targetHints":{"allow":["GET"]}}],"collection":[{"href":"https:\/\/apotekar-online.rs\/ro\/wp-json\/wp\/v2\/product"}],"about":[{"href":"https:\/\/apotekar-online.rs\/ro\/wp-json\/wp\/v2\/types\/product"}],"wp:featuredmedia":[{"embeddable":true,"href":"https:\/\/apotekar-online.rs\/ro\/wp-json\/wp\/v2\/media\/1163"}],"wp:attachment":[{"href":"https:\/\/apotekar-online.rs\/ro\/wp-json\/wp\/v2\/media?parent=1162"}],"wp:term":[{"taxonomy":"product_brand","embeddable":true,"href":"https:\/\/apotekar-online.rs\/ro\/wp-json\/wp\/v2\/product_brand?post=1162"},{"taxonomy":"product_cat","embeddable":true,"href":"https:\/\/apotekar-online.rs\/ro\/wp-json\/wp\/v2\/product_cat?post=1162"},{"taxonomy":"product_tag","embeddable":true,"href":"https:\/\/apotekar-online.rs\/ro\/wp-json\/wp\/v2\/product_tag?post=1162"}],"curies":[{"name":"wp","href":"https:\/\/api.w.org\/{rel}","templated":true}]}}