{"id":1212,"date":"2022-07-12T10:07:08","date_gmt":"2022-07-12T10:07:08","guid":{"rendered":"https:\/\/apotekar-online.rs\/product\/babytol-d3-dha-omega-30-twist-off-kapsule\/"},"modified":"2026-03-05T08:22:44","modified_gmt":"2026-03-05T10:22:44","slug":"babytol-d3-dha-omega-30-capsule-twist-off","status":"publish","type":"product","link":"https:\/\/apotekar-online.rs\/ro\/p\/babytol-d3-dha-omega-30-twist-off-kapsule\/","title":{"rendered":"Babytol D3 + DHA Omega 30 capsule twist-off"},"content":{"rendered":"","protected":false},"excerpt":{"rendered":"<p>Microalgele sunt cultivate \u00een condi\u021bii strict controlate, deci nu exist\u0103 impurit\u0103\u021bi \u00een ulei. Acest ulei de microalge este cea mai sigur\u0103 surs\u0103 de DHA pentru sugari, dup\u0103 cum a confirmat Agen\u021bia European\u0103 pentru Siguran\u021ba Alimentar\u0103.DHA este important pentru dezvoltarea vederii, creierului, func\u021biilor cognitive \u0219i psihomotorii ale copilului dumneavoastr\u0103, \u00een special \u00een primul an de via\u021b\u0103. Vitamina D3 contribuie la absorb\u021bia normal\u0103 \u0219i \u00eembun\u0103t\u0103\u021be\u0219te utilizarea calciului \u0219i fosforului din tractul digestiv \u0219i are rol \u00een mineralizarea osoas\u0103 normal\u0103. Este necesar pentru dezvoltarea \u0219i cre\u0219terea corect\u0103 a din\u021bilor \u0219i oaselor.<br \/>\nLipsa acestei vitamine poate duce la dezvoltarea oaselor fragile, fragile \u0219i la o boal\u0103 numit\u0103 rahitism, a\u0219a c\u0103 se recomand\u0103 o aloca\u021bie obligatorie de 400 IJ pe zi \u00een primul an de via\u021b\u0103, iar mai t\u00e2rziu \u00een lunile de iarn\u0103 (din octombrie p\u00e2n\u0103 \u00een martie). ).<br \/>\nDaca bebelusul tau primeste Babytol D3 + K1 pentru tine! pana la sfarsitul celei de-a treia luni dupa nastere se recomanda administrarea Babytol DHA Omega impreuna cu Babytol D3+ K1! (DHA pur \u00een doz\u0103 de 100 mg pe zi). Dup\u0103 finalizarea aplic\u0103rii Babytol D3+K1, continu\u0103 cu aplicarea Babytol D3 + DHA Omega, deoarece Babytol D3 + DHA Omega con\u021bine DHA \u0219i vitamina D3 necesare bebelu\u0219ului t\u0103u p\u00e2n\u0103 la sf\u00e2r\u0219itul celui de-al treilea an.<br \/>\nDac\u0103 bebelu\u0219ul t\u0103u ia formule adaptate pentru sugari, acestea con\u021bin deja vitamina K1. \u00cen acest caz, folose\u0219te Babytol D3 + DHA Omega, deoarece con\u021bine DHA \u0219i vitamina D3 necesare bebelu\u0219ului t\u0103u p\u00e2n\u0103 la sf\u00e2r\u0219itul celui de-al treilea an de via\u021b\u0103.<\/p>\n<p><strong>Dozaj \u0219i mod de utilizare<\/strong><br \/>\n\u00centoarce\u021bi partea superioar\u0103 a capsulei, trage\u021bi \u0219i scoate\u021bi. Str\u00e2nge\u021bi con\u021binutul capsulei direct \u00een gura bebelu\u0219ului. Da\u021bi o capsul\u0103 pe zi.<\/p>\n<p><strong>Not\u0103:<\/strong>\u00a0Ne str\u0103duim s\u0103 fim c\u00e2t mai precisi \u00een descrierea tuturor produselor, dar nu putem garanta c\u0103 toate descrierile sunt complete \u0219i f\u0103r\u0103 erori. Multumesc pentru intelegere.<br \/>\nToate articolele afi\u0219ate pe site fac parte din oferta noastr\u0103, dar nu \u00eenseamn\u0103 c\u0103 sunt disponibile \u00een orice moment.<\/p>","protected":false},"featured_media":1213,"template":"","meta":[],"product_brand":[],"product_cat":[340],"product_tag":[],"class_list":{"0":"post-1212","1":"product","2":"type-product","3":"status-publish","4":"has-post-thumbnail","6":"product_cat-deciji-program","7":"pa_brend-4u-pharma","9":"first","10":"instock","11":"purchasable","12":"product-type-simple"},"ams_default_variation_id":0,"ams_product_points_reward":[],"ams_product_discount_percentage":0,"ams_price_to_display":1111.73,"ams_acf":[],"jetpack_sharing_enabled":true,"_links":{"self":[{"href":"https:\/\/apotekar-online.rs\/ro\/wp-json\/wp\/v2\/product\/1212","targetHints":{"allow":["GET"]}}],"collection":[{"href":"https:\/\/apotekar-online.rs\/ro\/wp-json\/wp\/v2\/product"}],"about":[{"href":"https:\/\/apotekar-online.rs\/ro\/wp-json\/wp\/v2\/types\/product"}],"wp:featuredmedia":[{"embeddable":true,"href":"https:\/\/apotekar-online.rs\/ro\/wp-json\/wp\/v2\/media\/1213"}],"wp:attachment":[{"href":"https:\/\/apotekar-online.rs\/ro\/wp-json\/wp\/v2\/media?parent=1212"}],"wp:term":[{"taxonomy":"product_brand","embeddable":true,"href":"https:\/\/apotekar-online.rs\/ro\/wp-json\/wp\/v2\/product_brand?post=1212"},{"taxonomy":"product_cat","embeddable":true,"href":"https:\/\/apotekar-online.rs\/ro\/wp-json\/wp\/v2\/product_cat?post=1212"},{"taxonomy":"product_tag","embeddable":true,"href":"https:\/\/apotekar-online.rs\/ro\/wp-json\/wp\/v2\/product_tag?post=1212"}],"curies":[{"name":"wp","href":"https:\/\/api.w.org\/{rel}","templated":true}]}}