{"id":1240,"date":"2022-07-12T10:07:49","date_gmt":"2022-07-12T12:07:49","guid":{"rendered":"https:\/\/apotekar-online.rs\/product\/herbiko-sirup-sa-medom-za-decu-125ml\/"},"modified":"2026-03-05T08:22:43","modified_gmt":"2026-03-05T10:22:43","slug":"sirop-de-ierburi-cu-miere-pentru-copii-125ml","status":"publish","type":"product","link":"https:\/\/apotekar-online.rs\/ro\/p\/herbiko-sirup-sa-medom-za-decu-125ml\/","title":{"rendered":"Sirop Herbiko cu miere pentru copii 125ml"},"content":{"rendered":"","protected":false},"excerpt":{"rendered":"<p>Siropurile HERBIKO\u00ae pentru copii sunt destinate copiilor cu simptome de raceala si gripa in care este prezenta tusea. Siropurile HERBIKO\u00ae pentru copii pot fi folosite pentru tusea uscat\u0103, iritant\u0103 pentru a-i calma, precum \u0219i pentru tusea cu secre\u021bii pentru a le sub\u021bire \u0219i a le face mai u\u0219or de expectorat. Con\u021bine o combina\u021bie atent selec\u021bionat\u0103 de ierburi \u0219i miere care sunt utilizate \u00een mod tradi\u021bional \u00een terapia simptomatic\u0103 a tusei.<\/p>\n<p><strong>Dozaj \u0219i mod de administrare<\/strong><br \/>\nDe 3 ori pe zi pentru 5 ml.<\/p>\n<p><strong>Not\u0103:<\/strong>\u00a0Ne str\u0103duim s\u0103 fim c\u00e2t mai precisi \u00een descrierea tuturor produselor, dar nu putem garanta c\u0103 toate descrierile sunt complete \u0219i f\u0103r\u0103 erori. Multumesc pentru intelegere.<br \/>\nToate articolele afi\u0219ate pe site fac parte din oferta noastr\u0103, dar nu \u00eenseamn\u0103 c\u0103 sunt disponibile \u00een orice moment.<\/p>","protected":false},"featured_media":1241,"template":"","meta":[],"product_brand":[3082],"product_cat":[340,148],"product_tag":[180,305],"class_list":{"0":"post-1240","1":"product","2":"type-product","3":"status-publish","4":"has-post-thumbnail","6":"product_brand-herbiko","7":"product_cat-deciji-program","8":"product_cat-preparati-za-prehladu-i-kasalj-kod-dece","9":"product_tag-deca","10":"product_tag-kasalj","11":"pa_brend-herbiko","13":"first","14":"instock","15":"purchasable","16":"product-type-simple"},"ams_default_variation_id":0,"ams_product_points_reward":[],"ams_product_discount_percentage":0,"ams_price_to_display":696,"ams_acf":[],"jetpack_sharing_enabled":true,"_links":{"self":[{"href":"https:\/\/apotekar-online.rs\/ro\/wp-json\/wp\/v2\/product\/1240","targetHints":{"allow":["GET"]}}],"collection":[{"href":"https:\/\/apotekar-online.rs\/ro\/wp-json\/wp\/v2\/product"}],"about":[{"href":"https:\/\/apotekar-online.rs\/ro\/wp-json\/wp\/v2\/types\/product"}],"wp:featuredmedia":[{"embeddable":true,"href":"https:\/\/apotekar-online.rs\/ro\/wp-json\/wp\/v2\/media\/1241"}],"wp:attachment":[{"href":"https:\/\/apotekar-online.rs\/ro\/wp-json\/wp\/v2\/media?parent=1240"}],"wp:term":[{"taxonomy":"product_brand","embeddable":true,"href":"https:\/\/apotekar-online.rs\/ro\/wp-json\/wp\/v2\/product_brand?post=1240"},{"taxonomy":"product_cat","embeddable":true,"href":"https:\/\/apotekar-online.rs\/ro\/wp-json\/wp\/v2\/product_cat?post=1240"},{"taxonomy":"product_tag","embeddable":true,"href":"https:\/\/apotekar-online.rs\/ro\/wp-json\/wp\/v2\/product_tag?post=1240"}],"curies":[{"name":"wp","href":"https:\/\/api.w.org\/{rel}","templated":true}]}}