{"id":1247,"date":"2022-07-12T10:08:01","date_gmt":"2022-07-12T10:08:01","guid":{"rendered":"https:\/\/apotekar-online.rs\/product\/herbiko-sirup-za-svaki-kasalj-250ml\/"},"modified":"2026-03-05T10:01:55","modified_gmt":"2026-03-05T12:01:55","slug":"sirop-de-ierburi-pentru-fiecare-tuse-250ml","status":"publish","type":"product","link":"https:\/\/apotekar-online.rs\/ro\/p\/herbiko-sirup-za-svaki-kasalj-250ml\/","title":{"rendered":"Sirop Herbiko pentru fiecare tuse 250ml"},"content":{"rendered":"","protected":false},"excerpt":{"rendered":"<p>&nbsp;<\/p>\n<p>Doprinosi\u00a0<b>smirivanju suvog ka\u0161lja<\/b>\u00a0\u0219i\u00a0<b>pospe\u0161uje iska\u0161ljavanje kod produktivnog ka\u0161lja.<\/b><\/p>\n<p>Ispoljava PETostruki EFEKAT- razre\u0111uje sekret, poma\u017ee izbacivanje istog, ubla\u017eava i spre\u010dava napade ka\u0161lja, otvara bronhije i olak\u0161ava disanje, obla\u017ee sluzoko\u017eu i umiruje upalu disajnih puteva.<\/p>\n<p><strong>Dozaj \u0219i mod de utilizare<\/strong><br \/>\nAdul\u021bi \u0219i copii peste 12 ani 3x 15 ml,<br \/>\nCopii 3-12. an-3x5ml.<\/p>\n<p><strong>Compozitie: <\/strong>Te\u010dni ekstrakt belog sleza, te\u010dni ekstrakt jagor\u010devine, te\u010dni ekstrakt cvasti kamilice, te\u010dni ekstrakt lista bosiljka, vitamin C, pre\u010di\u0161\u0107ena voda, sorbitol<\/p>\n<p><strong>Not\u0103:<\/strong>\u00a0Ne str\u0103duim s\u0103 fim c\u00e2t mai precisi \u00een descrierea tuturor produselor, dar nu putem garanta c\u0103 toate descrierile sunt complete \u0219i f\u0103r\u0103 erori. Multumesc pentru intelegere.<br \/>\nToate articolele afi\u0219ate pe site fac parte din oferta noastr\u0103, dar nu \u00eenseamn\u0103 c\u0103 sunt disponibile \u00een orice moment.<\/p>","protected":false},"featured_media":1248,"template":"","meta":[],"product_brand":[3082],"product_cat":[151],"product_tag":[1709,305,334],"class_list":{"0":"post-1247","1":"product","2":"type-product","3":"status-publish","4":"has-post-thumbnail","6":"product_brand-herbiko","7":"product_cat-prehlada-i-kasalj","8":"product_tag-betty","9":"product_tag-kasalj","10":"product_tag-sirup","11":"pa_brend-abela-pharm","13":"first","14":"instock","15":"purchasable","16":"product-type-simple"},"ams_default_variation_id":0,"ams_product_points_reward":[],"ams_product_discount_percentage":0,"ams_price_to_display":750,"ams_acf":[],"jetpack_sharing_enabled":true,"_links":{"self":[{"href":"https:\/\/apotekar-online.rs\/ro\/wp-json\/wp\/v2\/product\/1247","targetHints":{"allow":["GET"]}}],"collection":[{"href":"https:\/\/apotekar-online.rs\/ro\/wp-json\/wp\/v2\/product"}],"about":[{"href":"https:\/\/apotekar-online.rs\/ro\/wp-json\/wp\/v2\/types\/product"}],"wp:featuredmedia":[{"embeddable":true,"href":"https:\/\/apotekar-online.rs\/ro\/wp-json\/wp\/v2\/media\/1248"}],"wp:attachment":[{"href":"https:\/\/apotekar-online.rs\/ro\/wp-json\/wp\/v2\/media?parent=1247"}],"wp:term":[{"taxonomy":"product_brand","embeddable":true,"href":"https:\/\/apotekar-online.rs\/ro\/wp-json\/wp\/v2\/product_brand?post=1247"},{"taxonomy":"product_cat","embeddable":true,"href":"https:\/\/apotekar-online.rs\/ro\/wp-json\/wp\/v2\/product_cat?post=1247"},{"taxonomy":"product_tag","embeddable":true,"href":"https:\/\/apotekar-online.rs\/ro\/wp-json\/wp\/v2\/product_tag?post=1247"}],"curies":[{"name":"wp","href":"https:\/\/api.w.org\/{rel}","templated":true}]}}