{"id":1288,"date":"2022-07-12T10:09:05","date_gmt":"2022-07-12T12:09:05","guid":{"rendered":"https:\/\/apotekar-online.rs\/product\/propomint-sprej-za-decu-30ml\/"},"modified":"2026-03-05T08:22:42","modified_gmt":"2026-03-05T10:22:42","slug":"propomint-spray-pentru-copii-30ml","status":"publish","type":"product","link":"https:\/\/apotekar-online.rs\/ro\/p\/propomint-sprej-za-decu-30ml\/","title":{"rendered":"Propomint spray pentru copii 30ml"},"content":{"rendered":"","protected":false},"excerpt":{"rendered":"<p>Propomint spray pentru copii este formulat pe baza unui extract standardizat de propolis, lichen islandez \u0219i N-acetilcistein\u0103 \u0219i are rolul de a p\u0103stra s\u0103n\u0103tatea membranei mucoase a g\u00e2tului, a cavit\u0103\u021bii bucale \u0219i a gingiilor.<br \/>\nExtractul standardizat de propolis, con\u021binut \u00een produs, amelioreaz\u0103 simptomele asociate cu inflama\u021bia g\u00e2tului \u0219i amigdalelor, g\u00e2t iritat \u0219i r\u0103gu\u0219eal\u0103, tuse uscat\u0103, afec\u021biuni gingivale, afte etc. Este folosit pentru a ajuta la raceli si gripa, deoarece scurteaza durata bolii si intareste sistemul imunitar complet al organismului.<br \/>\nLichenul islandez acoper\u0103 membrana mucoas\u0103 inflamat\u0103 \u0219i iritat\u0103 a cavit\u0103\u021bii bucale \u0219i a faringelui, amelior\u00e2nd astfel tusea uscat\u0103, iritant\u0103 \u0219i poate ajuta, de asemenea, \u00een afec\u021biunile de r\u0103ceal\u0103 \u0219i grip\u0103, \u00eenso\u021bite de tuse \u0219i r\u0103gu\u0219eal\u0103.<br \/>\nN-acetilcisteina con\u021binut\u0103 \u00een produs reduce v\u00e2scozitatea mucusului acumulat \u0219i faciliteaz\u0103 excre\u021bia acestuia din organele respiratorii. Se folose\u0219te ca adjuvant \u00een terapia infec\u021biilor virale, sinuzitelor, bron\u0219itei \u0219i a altor boli ale tractului respirator.<br \/>\nPropomint spray pentru copii nu contine alcool, iar adaosul de miere si aroma de menta ii dau un gust foarte placut. Este sigur de utilizat din primul an de via\u021b\u0103.<\/p>\n<p><strong>Dozaj \u0219i mod de utilizare<\/strong><br \/>\nCopii de la 1 la 3 ani: de 3 ori pe zi cu consultarea prealabila a medicului<br \/>\nCopii mai mari de 3 ani: de 4 ori pe zi, stropite de 2 ori.<\/p>\n<p>&nbsp;<\/p>\n<p><strong>Not\u0103:<\/strong>\u00a0Ne str\u0103duim s\u0103 fim c\u00e2t mai precisi \u00een descrierea tuturor produselor, dar nu putem garanta c\u0103 toate descrierile sunt complete \u0219i f\u0103r\u0103 erori. Multumesc pentru intelegere.<br \/>\nToate articolele afi\u0219ate pe site fac parte din oferta noastr\u0103, dar nu \u00eenseamn\u0103 c\u0103 sunt disponibile \u00een orice moment.<\/p>","protected":false},"featured_media":1289,"template":"","meta":[],"product_brand":[],"product_cat":[340,106,148],"product_tag":[180,181,248],"class_list":{"0":"post-1288","1":"product","2":"type-product","3":"status-publish","4":"has-post-thumbnail","6":"product_cat-deciji-program","7":"product_cat-preparati-za-apetit-i-imunitet-kod-dece","8":"product_cat-preparati-za-prehladu-i-kasalj-kod-dece","9":"product_tag-deca","10":"product_tag-prehlada","11":"product_tag-propolis","13":"first","14":"instock","15":"purchasable","16":"product-type-simple"},"ams_default_variation_id":0,"ams_product_points_reward":[],"ams_product_discount_percentage":0,"ams_price_to_display":660,"ams_acf":[],"jetpack_sharing_enabled":true,"_links":{"self":[{"href":"https:\/\/apotekar-online.rs\/ro\/wp-json\/wp\/v2\/product\/1288","targetHints":{"allow":["GET"]}}],"collection":[{"href":"https:\/\/apotekar-online.rs\/ro\/wp-json\/wp\/v2\/product"}],"about":[{"href":"https:\/\/apotekar-online.rs\/ro\/wp-json\/wp\/v2\/types\/product"}],"wp:featuredmedia":[{"embeddable":true,"href":"https:\/\/apotekar-online.rs\/ro\/wp-json\/wp\/v2\/media\/1289"}],"wp:attachment":[{"href":"https:\/\/apotekar-online.rs\/ro\/wp-json\/wp\/v2\/media?parent=1288"}],"wp:term":[{"taxonomy":"product_brand","embeddable":true,"href":"https:\/\/apotekar-online.rs\/ro\/wp-json\/wp\/v2\/product_brand?post=1288"},{"taxonomy":"product_cat","embeddable":true,"href":"https:\/\/apotekar-online.rs\/ro\/wp-json\/wp\/v2\/product_cat?post=1288"},{"taxonomy":"product_tag","embeddable":true,"href":"https:\/\/apotekar-online.rs\/ro\/wp-json\/wp\/v2\/product_tag?post=1288"}],"curies":[{"name":"wp","href":"https:\/\/api.w.org\/{rel}","templated":true}]}}