{"id":1772,"date":"2022-09-19T20:36:36","date_gmt":"2022-09-19T20:36:36","guid":{"rendered":"https:\/\/apotekar-online.rs\/?post_type=product&#038;p=1772"},"modified":"2026-03-05T08:21:58","modified_gmt":"2026-03-05T10:21:58","slug":"sampon-mixa-mild-micelar-pentru-bebe-200-ml","status":"publish","type":"product","link":"https:\/\/apotekar-online.rs\/ro\/p\/mixa-blag-micelarni-sampon-za-bebe-200-ml\/","title":{"rendered":"Sampon micelar pentru bebelusi Mixa 250 ml"},"content":{"rendered":"","protected":false},"excerpt":{"rendered":"<p>Cel mai bun pentru bebelu\u0219i \u0219i mamele lor! \u0218amponul micelar bl\u00e2nd Mixa pentru bebelu\u0219i are o compozi\u021bie special\u0103 care con\u021bine particule micelare \u0219i \u00eendep\u0103rteaz\u0103 cu u\u0219urin\u021b\u0103 impurit\u0103\u021bile din p\u0103rul bebelu\u0219ului f\u0103r\u0103 frecare. Spuma bogat\u0103 se spal\u0103 u\u0219or. P\u0103rul nu se \u00eencurc\u0103, este moale \u0219i miroase bl\u00e2nd \u0219i curat.<\/p>\n<p>Nu irita ochii. Este at\u00e2t de bl\u00e2nd \u00eenc\u00e2t \u00eel po\u021bi folosi c\u00e2t vrei. Adaptat pentru utilizare frecvent\u0103 la adul\u021bi.<\/p>\n<p>Produsul nu este pentru consum. A nu se l\u0103sa la \u00eendem\u00e2na copiilor.<\/p>\n<p>\u00cen caz de contact cu ochii, cl\u0103ti\u021bi imediat.<\/p>\n<p><strong>Compozitie:<\/strong><\/p>\n<h6><strong>APA, SULFAT DE LAURETH DE SODIU, PEG-200 PALMAT DE GLICERIL HIDROGENAT, COCO-BETAINA, CLORURA DE SODIU, COCOAT DE GLICERIL PEG-7, CI 47005 \/ GALBEN ACID 3, CARAMEL, BENZOAT DE SODIU, ACIDUL ACIDIC DE SODIU, ACPRODIL ACIDUL DE SODIC ACID CITRIC, POLIZORBAT 20, HEXILEN GLICOL, POLICUATERNIU-10, PARFUM \/ PARFUM,<\/strong><\/h6>\n<p>&nbsp;<\/p>","protected":false},"featured_media":1773,"template":"","meta":[],"product_brand":[],"product_cat":[340,224],"product_tag":[180,225],"class_list":{"0":"post-1772","1":"product","2":"type-product","3":"status-publish","4":"has-post-thumbnail","6":"product_cat-deciji-program","7":"product_cat-kozmetika-za-decu","8":"product_tag-deca","9":"product_tag-nega","11":"first","12":"instock","13":"shipping-taxable","14":"purchasable","15":"product-type-simple"},"ams_default_variation_id":0,"ams_product_points_reward":[],"ams_product_discount_percentage":0,"ams_price_to_display":395,"ams_acf":[],"jetpack_sharing_enabled":true,"_links":{"self":[{"href":"https:\/\/apotekar-online.rs\/ro\/wp-json\/wp\/v2\/product\/1772","targetHints":{"allow":["GET"]}}],"collection":[{"href":"https:\/\/apotekar-online.rs\/ro\/wp-json\/wp\/v2\/product"}],"about":[{"href":"https:\/\/apotekar-online.rs\/ro\/wp-json\/wp\/v2\/types\/product"}],"wp:featuredmedia":[{"embeddable":true,"href":"https:\/\/apotekar-online.rs\/ro\/wp-json\/wp\/v2\/media\/1773"}],"wp:attachment":[{"href":"https:\/\/apotekar-online.rs\/ro\/wp-json\/wp\/v2\/media?parent=1772"}],"wp:term":[{"taxonomy":"product_brand","embeddable":true,"href":"https:\/\/apotekar-online.rs\/ro\/wp-json\/wp\/v2\/product_brand?post=1772"},{"taxonomy":"product_cat","embeddable":true,"href":"https:\/\/apotekar-online.rs\/ro\/wp-json\/wp\/v2\/product_cat?post=1772"},{"taxonomy":"product_tag","embeddable":true,"href":"https:\/\/apotekar-online.rs\/ro\/wp-json\/wp\/v2\/product_tag?post=1772"}],"curies":[{"name":"wp","href":"https:\/\/api.w.org\/{rel}","templated":true}]}}