{"id":1778,"date":"2022-09-20T18:54:15","date_gmt":"2022-09-20T18:54:15","guid":{"rendered":"https:\/\/apotekar-online.rs\/?post_type=product&#038;p=1778"},"modified":"2026-03-05T08:21:58","modified_gmt":"2026-03-05T10:21:58","slug":"mixa-baby-gel-pentru-baie-si-dus-imbogatita-cu-uleiuri-400-ml","status":"publish","type":"product","link":"https:\/\/apotekar-online.rs\/ro\/p\/mixa-baby-gel-za-kupanje-i-tusiranje-obogacen-uljima-400-ml\/","title":{"rendered":"Mixa Baby Gel de baie \u0219i du\u0219 \u00eembog\u0103\u021bit cu uleiuri 400 ml"},"content":{"rendered":"","protected":false},"excerpt":{"rendered":"<p>Gelul de baie \u0219i du\u0219 pentru bebelu\u0219i Mixa este \u00eembog\u0103\u021bit cu uleiuri \u0219i potrivit pentru pielea sensibil\u0103. Aceast\u0103 formul\u0103 spumoas\u0103 bl\u00e2nd\u0103, bogat\u0103 \u00een uleiuri hr\u0103nitoare \u0219i glicerin\u0103, cur\u0103\u021b\u0103, hr\u0103ne\u0219te \u0219i \u00eengrije\u0219te pielea. Ajut\u0103 la \u00eent\u0103rirea barierei de protec\u021bie a pielii \u0219i reduce senza\u021bia de m\u00e2nc\u0103rime care este frecvent\u0103 \u00een pielea foarte uscat\u0103. \u00cel recomand\u0103m pentru utilizare zilnic\u0103 pentru \u00eentreaga familie.<\/p>\n<p><strong>Utilizarea:<\/strong><\/p>\n<p>Recomand\u0103m aceast\u0103 formul\u0103 bl\u00e2nd\u0103 ca gel de du\u0219 \u0219i gel de sp\u0103lat pentru p\u0103r pentru \u00eentreaga familie. A nu se l\u0103sa la \u00eendem\u00e2na copiilor. \u00cen caz de contact cu ochii, cl\u0103ti\u021bi bine. Produsul nu este pentru consum.<\/p>\n<p><strong>Compozi\u0163ie:<\/strong><\/p>\n<h6><strong>AQUA \/ AP\u0102, GLICERIN\u0102, SULFAT DE LAURETH DE SODIU, PEG-200 PALMAT DE GLICERIL HIDROGENAT, COCO-BETAIN\u0102, PPG-5-CETETH-20, POLIZORBAT 20, COCOAT DE GLICERIL PEG-7, PEG-60 HIDROGENAT \/ HIDROXIDATOD 47041 ,CI 47005 \/ ACID GALBEN 3, COCAMIDE MEA, CETEARETH-60 MIRISTIL GLICOL, PARFUM \/ PARFUM, CLORUR\u0102 DE SODIU, BENZOAT DE SODIU, HIDROXID DE SODIU, ULEI DE PRUNUS AMYGDALUS DULCIS \/ ULEI ACID DE MIGDALE DULCI,,<\/strong><\/h6>","protected":false},"featured_media":1779,"template":"","meta":[],"product_brand":[],"product_cat":[224,177],"product_tag":[226,180,225,229],"class_list":{"0":"post-1778","1":"product","2":"type-product","3":"status-publish","4":"has-post-thumbnail","6":"product_cat-kozmetika-za-decu","7":"product_cat-nega-tela","8":"product_tag-atopijski-dermatitis","9":"product_tag-deca","10":"product_tag-nega","11":"product_tag-uljana-kupka","12":"pa_brend-mixa","14":"first","15":"instock","16":"shipping-taxable","17":"purchasable","18":"product-type-simple"},"ams_default_variation_id":0,"ams_product_points_reward":[],"ams_product_discount_percentage":0,"ams_price_to_display":610,"ams_acf":[],"jetpack_sharing_enabled":true,"_links":{"self":[{"href":"https:\/\/apotekar-online.rs\/ro\/wp-json\/wp\/v2\/product\/1778","targetHints":{"allow":["GET"]}}],"collection":[{"href":"https:\/\/apotekar-online.rs\/ro\/wp-json\/wp\/v2\/product"}],"about":[{"href":"https:\/\/apotekar-online.rs\/ro\/wp-json\/wp\/v2\/types\/product"}],"wp:featuredmedia":[{"embeddable":true,"href":"https:\/\/apotekar-online.rs\/ro\/wp-json\/wp\/v2\/media\/1779"}],"wp:attachment":[{"href":"https:\/\/apotekar-online.rs\/ro\/wp-json\/wp\/v2\/media?parent=1778"}],"wp:term":[{"taxonomy":"product_brand","embeddable":true,"href":"https:\/\/apotekar-online.rs\/ro\/wp-json\/wp\/v2\/product_brand?post=1778"},{"taxonomy":"product_cat","embeddable":true,"href":"https:\/\/apotekar-online.rs\/ro\/wp-json\/wp\/v2\/product_cat?post=1778"},{"taxonomy":"product_tag","embeddable":true,"href":"https:\/\/apotekar-online.rs\/ro\/wp-json\/wp\/v2\/product_tag?post=1778"}],"curies":[{"name":"wp","href":"https:\/\/api.w.org\/{rel}","templated":true}]}}