{"id":1895,"date":"2022-09-28T20:04:17","date_gmt":"2022-09-28T22:04:17","guid":{"rendered":"https:\/\/apotekar-online.rs\/?post_type=product&#038;p=1895"},"modified":"2026-03-05T08:21:57","modified_gmt":"2026-03-05T10:21:57","slug":"immunilflor-junior-sirop-200ml","status":"publish","type":"product","link":"https:\/\/apotekar-online.rs\/ro\/p\/immunilflor-junior-sirup-200ml\/","title":{"rendered":"Immunilflor Junior sirop 200 ml"},"content":{"rendered":"","protected":false},"excerpt":{"rendered":"<p>Supliment alimentar cu zinc, afine, extract de m\u0103ce\u0219, acerola \u0219i bacterii probiotice tindalizate. Extractele de m\u0103ce\u0219 \u0219i acerola sunt surse naturale de vitamina C \u0219i, \u00eempreun\u0103 cu zincul, au un efect benefic asupra \u00eent\u0103ririi rezisten\u021bei organismului. Sucul concentrat de afine con\u021bine compu\u0219i cu activitate antioxidant\u0103 care neutralizeaz\u0103 efectele nocive ale radicalilor liberi. Acest sirop mineral-vitaminic cu probiotice este recomandat copiilor pentru intarirea imunitatii.<\/p>\n<p><strong>Dozaj \u0219i mod de utilizare:<\/strong><\/p>\n<p>Copii de la 3-8 ani: 5 ml (1 lingur\u0103 mic\u0103) pe zi Adul\u021bi de la 8 ani: 10 ml (2 linguri mici) pe zi<\/p>\n<p><strong>Compozi\u0163ie:<\/strong><\/p>\n<p>Concentrat de suc de fructe de afine (Vaccinium myrtillus) \u2026\u2026.. 100 mg extract lichid de fructe de Acerola (Malpighia punicifolia) \u2026\u2026\u2026\u2026\u2026. 16,7 mg Extract uscat de fructe de m\u0103ce\u0219 (Rosa canina) \u2026\u2026\u2026\u2026\u2026\u2026. 10 mg Zinc (sulfat de zinc) \u2026\u2026\u2026\u2026\u2026\u2026\u2026.. 2 mg. Amestec de bacterii probiotice tindalizate (Lactobacillus casei, L. acidophilus, L. plantarum, Streptococcus thermophilus) \u2026. nu mai pu\u021bin de 350 de milioane<\/p>\n<p><strong>Not\u0103:<\/strong>\u00a0Ne str\u0103duim s\u0103 fim c\u00e2t mai precisi \u00een descrierea tuturor produselor, dar nu putem garanta c\u0103 toate descrierile sunt complete \u0219i f\u0103r\u0103 erori. Multumesc pentru intelegere.<br \/>\nToate articolele afi\u0219ate pe site fac parte din oferta noastr\u0103, dar nu \u00eenseamn\u0103 c\u0103 sunt disponibile \u00een orice moment.<\/p>","protected":false},"featured_media":1897,"template":"","meta":[],"product_brand":[],"product_cat":[340,106],"product_tag":[190,253,185,247,189,245],"class_list":{"0":"post-1895","1":"product","2":"type-product","3":"status-publish","4":"has-post-thumbnail","6":"product_cat-deciji-program","7":"product_cat-preparati-za-apetit-i-imunitet-kod-dece","8":"product_tag-acerola","9":"product_tag-borovnica","10":"product_tag-cink","11":"product_tag-probiotici","12":"product_tag-sipurak","13":"product_tag-vitamin-c","15":"first","16":"instock","17":"shipping-taxable","18":"purchasable","19":"product-type-simple"},"ams_default_variation_id":0,"ams_product_points_reward":[],"ams_product_discount_percentage":0,"ams_price_to_display":963.07,"ams_acf":[],"jetpack_sharing_enabled":true,"_links":{"self":[{"href":"https:\/\/apotekar-online.rs\/ro\/wp-json\/wp\/v2\/product\/1895","targetHints":{"allow":["GET"]}}],"collection":[{"href":"https:\/\/apotekar-online.rs\/ro\/wp-json\/wp\/v2\/product"}],"about":[{"href":"https:\/\/apotekar-online.rs\/ro\/wp-json\/wp\/v2\/types\/product"}],"wp:featuredmedia":[{"embeddable":true,"href":"https:\/\/apotekar-online.rs\/ro\/wp-json\/wp\/v2\/media\/1897"}],"wp:attachment":[{"href":"https:\/\/apotekar-online.rs\/ro\/wp-json\/wp\/v2\/media?parent=1895"}],"wp:term":[{"taxonomy":"product_brand","embeddable":true,"href":"https:\/\/apotekar-online.rs\/ro\/wp-json\/wp\/v2\/product_brand?post=1895"},{"taxonomy":"product_cat","embeddable":true,"href":"https:\/\/apotekar-online.rs\/ro\/wp-json\/wp\/v2\/product_cat?post=1895"},{"taxonomy":"product_tag","embeddable":true,"href":"https:\/\/apotekar-online.rs\/ro\/wp-json\/wp\/v2\/product_tag?post=1895"}],"curies":[{"name":"wp","href":"https:\/\/api.w.org\/{rel}","templated":true}]}}