{"id":1983,"date":"2023-03-04T16:35:23","date_gmt":"2023-03-04T16:35:23","guid":{"rendered":"https:\/\/apotekar-online.rs\/?post_type=product&#038;p=1983"},"modified":"2026-03-05T08:21:54","modified_gmt":"2026-03-05T10:21:54","slug":"pachet-lizzy-tusol-de-30-de-acadele","status":"publish","type":"product","link":"https:\/\/apotekar-online.rs\/ro\/p\/lizzy-tusol-pakovanje-sa-30-lizalica\/","title":{"rendered":"acadea LIZZY TUSOL"},"content":{"rendered":"","protected":false},"excerpt":{"rendered":"<p><strong>Acadea Lizzy Tusol<\/strong> este un supliment alimentar cu miere, marshmallow, salvie si vitamina C. Acadele Lizzy Tusol sunt recomandate pentru inflamatiile acute si cronice<br \/>\nc\u0103ile respiratorii superioare \u00eenso\u021bite de tuse.<\/p>\n<p><strong>Dozaj \u0219i mod de utilizare:<\/strong><\/p>\n<p>Copii cu v\u00e2rsta cuprins\u0103 \u00eentre 4 \u0219i 10 ani: 2 acadele pe zi<br \/>\nCopii peste 11 ani: 3 acadele pe zi.<\/p>\n<p><strong>Compozitie:<\/strong><\/p>\n<p>Ingredientele acadelelor Lizzy Tusol sunt recomandate pentru eficacitatea lor in inflamatia acuta si cronica a cailor respiratorii superioare insotita de tuse. 2 acadele con\u021bin:<br \/>\n- 200 mg miere<br \/>\n-120 mg de extract lichid de r\u0103d\u0103cin\u0103 de marshmallow<br \/>\n-60 mg extract lichid de frunze de salvie<br \/>\n-25 mg de vitamina C<br \/>\n3 acadele con\u021bin:<br \/>\n- 300 mg miere<br \/>\n-180 mg de extract lichid de r\u0103d\u0103cin\u0103 de marshmallow<br \/>\n-90 mg extract lichid de frunze de salvie<br \/>\n-37,5 mg de vitamina C.<\/p>\n<p><strong>Not\u0103:<\/strong>\u00a0Ne str\u0103duim s\u0103 fim c\u00e2t mai precisi \u00een descrierea tuturor produselor, dar nu putem garanta c\u0103 toate descrierile sunt complete \u0219i f\u0103r\u0103 erori. Multumesc pentru intelegere.<br \/>\nToate articolele afi\u0219ate pe site fac parte din oferta noastr\u0103, dar nu \u00eenseamn\u0103 c\u0103 sunt disponibile \u00een orice moment.<\/p>","protected":false},"featured_media":1984,"template":"","meta":[],"product_brand":[],"product_cat":[148,127],"product_tag":[180,305,245],"class_list":{"0":"post-1983","1":"product","2":"type-product","3":"status-publish","4":"has-post-thumbnail","6":"product_cat-preparati-za-prehladu-i-kasalj-kod-dece","7":"product_cat-vitamini-i-minerali-za-decu","8":"product_tag-deca","9":"product_tag-kasalj","10":"product_tag-vitamin-c","12":"first","13":"instock","14":"shipping-taxable","15":"purchasable","16":"product-type-simple"},"ams_default_variation_id":0,"ams_product_points_reward":[],"ams_product_discount_percentage":0,"ams_price_to_display":130,"ams_acf":[],"jetpack_sharing_enabled":true,"_links":{"self":[{"href":"https:\/\/apotekar-online.rs\/ro\/wp-json\/wp\/v2\/product\/1983","targetHints":{"allow":["GET"]}}],"collection":[{"href":"https:\/\/apotekar-online.rs\/ro\/wp-json\/wp\/v2\/product"}],"about":[{"href":"https:\/\/apotekar-online.rs\/ro\/wp-json\/wp\/v2\/types\/product"}],"wp:featuredmedia":[{"embeddable":true,"href":"https:\/\/apotekar-online.rs\/ro\/wp-json\/wp\/v2\/media\/1984"}],"wp:attachment":[{"href":"https:\/\/apotekar-online.rs\/ro\/wp-json\/wp\/v2\/media?parent=1983"}],"wp:term":[{"taxonomy":"product_brand","embeddable":true,"href":"https:\/\/apotekar-online.rs\/ro\/wp-json\/wp\/v2\/product_brand?post=1983"},{"taxonomy":"product_cat","embeddable":true,"href":"https:\/\/apotekar-online.rs\/ro\/wp-json\/wp\/v2\/product_cat?post=1983"},{"taxonomy":"product_tag","embeddable":true,"href":"https:\/\/apotekar-online.rs\/ro\/wp-json\/wp\/v2\/product_tag?post=1983"}],"curies":[{"name":"wp","href":"https:\/\/api.w.org\/{rel}","templated":true}]}}