{"id":1986,"date":"2023-03-04T17:01:26","date_gmt":"2023-03-04T17:01:26","guid":{"rendered":"https:\/\/apotekar-online.rs\/?post_type=product&#038;p=1986"},"modified":"2026-03-05T08:21:54","modified_gmt":"2026-03-05T10:21:54","slug":"dietpharm-makulin-vitreo-x30-tableta","status":"publish","type":"product","link":"https:\/\/apotekar-online.rs\/ro\/p\/dietpharm-makulin-vitreo-x30-tableta\/","title":{"rendered":"Dietpharm MAKULIN\u00ae VITREO, x30 comprimate"},"content":{"rendered":"","protected":false},"excerpt":{"rendered":"<p><strong>Makulin Vitreo\u00ae<\/strong> este un supliment alimentar pentru sanatatea ochilor cu acid hialuronic, extract din samburi de struguri, hesperidina, L-lizina, vitamine, B2, B6, C si E, si zinc si seleniu. Este destinat persoanelor \u00een v\u00e2rst\u0103 cu modific\u0103ri degenerative ale corpului vitros.<\/p>\n<p><strong>Dozaj \u0219i mod de utilizare:<\/strong><\/p>\n<p>1 tablet\u0103 pe zi, la mas\u0103.<\/p>\n<p><strong>Compozitie:<\/strong><\/p>\n<div><strong>1 tableta contine:<\/strong><\/div>\n<div>\u00a0\u2013 L-lizin\u0103 (clorhidrat de L-lizin\u0103) 164 mg<\/div>\n<div>\u00a0\u2013 Hesperidin\u0103 65 mg<\/div>\n<div>\u00a0\u2013 Extract uscat din semin\u021be de struguri (Vitis vinifera) standardizat la 95 proantocianidine % 29,5 mg<\/div>\n<div>\u00a0- Acid hialuronic (hialuronat de sodiu) 10 mg<\/div>\n<div>\u00a0\u2013 Vitamina C (acid L-ascorbic) 80 mg<\/div>\n<div>\u00a0\u2013 Vitamina E (DL-alfa-tocoferil acetat) 10 mg \u03b1-TE<\/div>\n<div>\u00a0- Riboflavin\u0103 (riboflavin\u0103) 1,4 mg<\/div>\n<div>\u00a0\u2013 Vitamina B6 (clorhidrat de piridoxina) 1,4 mg<\/div>\n<div>\u00a0\u2013 Zinc (citrat de zinc) 5 mg<\/div>\n<div>\u00a0\u2013 Seleniu (selenit de sodiu) 28 \u00b5g.<\/div>\n<div><strong>Not\u0103:<\/strong>\u00a0Ne str\u0103duim s\u0103 fim c\u00e2t mai precisi \u00een descrierea tuturor produselor, dar nu putem garanta c\u0103 toate descrierile sunt complete \u0219i f\u0103r\u0103 erori. Multumesc pentru intelegere.<br \/>\nToate articolele afi\u0219ate pe site fac parte din oferta noastr\u0103, dar nu \u00eenseamn\u0103 c\u0103 sunt disponibile \u00een orice moment.<\/div>","protected":false},"featured_media":1987,"template":"","meta":[],"product_brand":[],"product_cat":[139],"product_tag":[185,235,306,232,245,209],"class_list":{"0":"post-1986","1":"product","2":"type-product","3":"status-publish","4":"has-post-thumbnail","6":"product_cat-vitamini-za-oci-i-vestacke-suze","7":"product_tag-cink","8":"product_tag-selen","9":"product_tag-vitamin-b2","10":"product_tag-vitamin-b6","11":"product_tag-vitamin-c","12":"product_tag-vitamin-e","14":"first","15":"instock","16":"shipping-taxable","17":"purchasable","18":"product-type-simple"},"ams_default_variation_id":0,"ams_product_points_reward":[],"ams_product_discount_percentage":0,"ams_price_to_display":1320,"ams_acf":[],"jetpack_sharing_enabled":true,"_links":{"self":[{"href":"https:\/\/apotekar-online.rs\/ro\/wp-json\/wp\/v2\/product\/1986","targetHints":{"allow":["GET"]}}],"collection":[{"href":"https:\/\/apotekar-online.rs\/ro\/wp-json\/wp\/v2\/product"}],"about":[{"href":"https:\/\/apotekar-online.rs\/ro\/wp-json\/wp\/v2\/types\/product"}],"wp:featuredmedia":[{"embeddable":true,"href":"https:\/\/apotekar-online.rs\/ro\/wp-json\/wp\/v2\/media\/1987"}],"wp:attachment":[{"href":"https:\/\/apotekar-online.rs\/ro\/wp-json\/wp\/v2\/media?parent=1986"}],"wp:term":[{"taxonomy":"product_brand","embeddable":true,"href":"https:\/\/apotekar-online.rs\/ro\/wp-json\/wp\/v2\/product_brand?post=1986"},{"taxonomy":"product_cat","embeddable":true,"href":"https:\/\/apotekar-online.rs\/ro\/wp-json\/wp\/v2\/product_cat?post=1986"},{"taxonomy":"product_tag","embeddable":true,"href":"https:\/\/apotekar-online.rs\/ro\/wp-json\/wp\/v2\/product_tag?post=1986"}],"curies":[{"name":"wp","href":"https:\/\/api.w.org\/{rel}","templated":true}]}}