{"id":1990,"date":"2023-03-04T17:18:03","date_gmt":"2023-03-04T19:18:03","guid":{"rendered":"https:\/\/apotekar-online.rs\/?post_type=product&#038;p=1990"},"modified":"2026-03-05T08:21:54","modified_gmt":"2026-03-05T10:21:54","slug":"dietpharm-makulin-retino-30-capsule","status":"publish","type":"product","link":"https:\/\/apotekar-online.rs\/ro\/p\/dietpharm-makulin-retino-30-kapsula\/","title":{"rendered":"Dietpharm MAKULIN\u00ae RETINO, 30 capsule"},"content":{"rendered":"","protected":false},"excerpt":{"rendered":"<p><strong>Dietpharm MAKULIN\u00ae RETINO<\/strong> este un supliment nutritiv pentru s\u0103n\u0103tatea \u0219i protec\u021bia structurilor oculare, \u00een special a retinei.<\/p>\n<p><strong>Dozaj \u0219i mod de utilizare:<\/strong><\/p>\n<p>Adul\u021bii \u0219i copiii peste 14 ani iau 1 capsul\u0103 pe zi.<\/p>\n<p><strong>Compozitie:<\/strong><\/p>\n<div><strong>1 capsula contine:<\/strong><\/div>\n<div>\u00a0- Tiamina (clorhidrat de tiamina) - 1,1 mg<\/div>\n<div>\u00a0- Vitamina B6 (clorhidrat de piridoxina) - 1,4 mg<\/div>\n<div>\u00a0\u2013 Acid folic Quatrefolic\u00ae (acid (6S)-5-metiltetrahidrofolic, sare de glucozamin\u0103 (5-MTHF-glucozamin\u0103)) \u2013 200\u00b5g<\/div>\n<div>\u00a0\u2013 Vitamina B12 (cianocobalamina) \u2013 2,5 \u00b5g<\/div>\n<div>\u00a0- Zinc (citrat de zinc) - 10 mg<\/div>\n<div>\u00a0\u2013 Seleniu (L-selenometionin\u0103) \u2013 55\u00b5g<\/div>\n<div>\u00a0- Lutein\u0103 - 10 mg<\/div>\n<div>\u00a0- Zeaxantina - 0,5 mg<\/div>\n<div>\u00a0- Rutin\u0103 - 50 mg.<\/div>\n<div><strong>Not\u0103:<\/strong>\u00a0Ne str\u0103duim s\u0103 fim c\u00e2t mai precisi \u00een descrierea tuturor produselor, dar nu putem garanta c\u0103 toate descrierile sunt complete \u0219i f\u0103r\u0103 erori. Multumesc pentru intelegere.<br \/>\nToate articolele afi\u0219ate pe site fac parte din oferta noastr\u0103, dar nu \u00eenseamn\u0103 c\u0103 sunt disponibile \u00een orice moment.<\/div>","protected":false},"featured_media":1991,"template":"","meta":[],"product_brand":[],"product_cat":[139],"product_tag":[185,279,235,307,291,232,304],"class_list":{"0":"post-1990","1":"product","2":"type-product","3":"status-publish","4":"has-post-thumbnail","6":"product_cat-vitamini-za-oci-i-vestacke-suze","7":"product_tag-cink","8":"product_tag-folna-kiselina","9":"product_tag-selen","10":"product_tag-vitamin-b1","11":"product_tag-vitamin-b12","12":"product_tag-vitamin-b6","13":"product_tag-vitamini","15":"first","16":"instock","17":"shipping-taxable","18":"purchasable","19":"product-type-simple"},"ams_default_variation_id":0,"ams_product_points_reward":[],"ams_product_discount_percentage":0,"ams_price_to_display":1320,"ams_acf":[],"jetpack_sharing_enabled":true,"_links":{"self":[{"href":"https:\/\/apotekar-online.rs\/ro\/wp-json\/wp\/v2\/product\/1990","targetHints":{"allow":["GET"]}}],"collection":[{"href":"https:\/\/apotekar-online.rs\/ro\/wp-json\/wp\/v2\/product"}],"about":[{"href":"https:\/\/apotekar-online.rs\/ro\/wp-json\/wp\/v2\/types\/product"}],"wp:featuredmedia":[{"embeddable":true,"href":"https:\/\/apotekar-online.rs\/ro\/wp-json\/wp\/v2\/media\/1991"}],"wp:attachment":[{"href":"https:\/\/apotekar-online.rs\/ro\/wp-json\/wp\/v2\/media?parent=1990"}],"wp:term":[{"taxonomy":"product_brand","embeddable":true,"href":"https:\/\/apotekar-online.rs\/ro\/wp-json\/wp\/v2\/product_brand?post=1990"},{"taxonomy":"product_cat","embeddable":true,"href":"https:\/\/apotekar-online.rs\/ro\/wp-json\/wp\/v2\/product_cat?post=1990"},{"taxonomy":"product_tag","embeddable":true,"href":"https:\/\/apotekar-online.rs\/ro\/wp-json\/wp\/v2\/product_tag?post=1990"}],"curies":[{"name":"wp","href":"https:\/\/api.w.org\/{rel}","templated":true}]}}