{"id":2017,"date":"2023-03-05T14:37:44","date_gmt":"2023-03-05T16:37:44","guid":{"rendered":"https:\/\/apotekar-online.rs\/?post_type=product&#038;p=2017"},"modified":"2026-03-05T08:21:51","modified_gmt":"2026-03-05T10:21:51","slug":"dietpharm-magneziu-noc-10-capsula","status":"publish","type":"product","link":"https:\/\/apotekar-online.rs\/ro\/p\/dietpharm-magnezijum-noc-10-kapsula\/","title":{"rendered":"Dietpharm Magnesium Night, 10 capsule"},"content":{"rendered":"","protected":false},"excerpt":{"rendered":"<p><strong>Capsule de magneziu noapte<\/strong> sunt un supliment alimentar cu magneziu, vitamina B6, melatonin\u0103, extract de valerian\u0103 \u0219i hidrolizat de proteine din lapte destinat adormirii mai u\u0219oare. Magneziul \u0219i vitamina B6 contribuie la func\u021bionarea normal\u0103 a sistemului nervos, la func\u021biile psihologice normale \u0219i la reducerea oboselii \u0219i epuiz\u0103rii. Melatonina ajut\u0103 la scurtarea timpului necesar pentru a adormi \u0219i la atenuarea simptomelor de jet lag \u00een timpul c\u0103l\u0103toriilor cu avionul.<br \/>\nLactium\u00ae este un hidrolizat patentat de lapte care are un efect benefic asupra atenuarii diferitelor tipuri de stres, precum si asupra procesului de somn. Reduce timpul necesar pentru a adormi \u0219i num\u0103rul de treziri nocturne. Valeriana u\u0219ureaz\u0103 adormirea, ad\u00e2nce\u0219te \u0219i prelunge\u0219te somnul.<\/p>\n<p><strong>Dozaj \u0219i mod de utilizare:<\/strong><\/p>\n<p>Adul\u021bii pentru a adormi mai repede, bea 2 capsule \u00eenainte de a merge la culcare.<br \/>\nPentru a ameliora simptomele de jet lag, lua\u021bi 1 p\u00e2n\u0103 la 2 capsule pe zi \u00eenainte de a merge la culcare \u0219i continua\u021bi s\u0103 lua\u021bi c\u00e2teva zile dup\u0103 c\u0103l\u0103torie.<\/p>\n<p><strong>Compozitie:<\/strong><\/p>\n<p>1 capsula contine:<br \/>\n-150,0 mg magneziu (oxid de magneziu)<br \/>\n-0,5 mg melatonin\u0103<br \/>\n-25,0 mg extract uscat de r\u0103d\u0103cin\u0103 de valerian\u0103<br \/>\n-75,0 mg hidrolizat de proteine din lapte (Lactium\u00ae)<br \/>\n-1,4 mg de vitamina B6 (clorhidrat de piridoxina).<\/p>\n<p><strong>Not\u0103:<\/strong>\u00a0Ne str\u0103duim s\u0103 fim c\u00e2t mai precisi \u00een descrierea tuturor produselor, dar nu putem garanta c\u0103 toate descrierile sunt complete \u0219i f\u0103r\u0103 erori. Multumesc pentru intelegere.<br \/>\nToate articolele afi\u0219ate pe site fac parte din oferta noastr\u0103, dar nu \u00eenseamn\u0103 c\u0103 sunt disponibile \u00een orice moment.<\/p>","protected":false},"featured_media":2015,"template":"","meta":[],"product_brand":[],"product_cat":[136],"product_tag":[323,281,282,232],"class_list":{"0":"post-2017","1":"product","2":"type-product","3":"status-publish","4":"has-post-thumbnail","6":"product_cat-stres-depresija-i-miran-san","7":"product_tag-magnezijum","8":"product_tag-melatonin","9":"product_tag-nesanica","10":"product_tag-vitamin-b6","12":"first","13":"instock","14":"shipping-taxable","15":"purchasable","16":"product-type-simple"},"ams_default_variation_id":0,"ams_product_points_reward":[],"ams_product_discount_percentage":0,"ams_price_to_display":515,"ams_acf":[],"jetpack_sharing_enabled":true,"_links":{"self":[{"href":"https:\/\/apotekar-online.rs\/ro\/wp-json\/wp\/v2\/product\/2017","targetHints":{"allow":["GET"]}}],"collection":[{"href":"https:\/\/apotekar-online.rs\/ro\/wp-json\/wp\/v2\/product"}],"about":[{"href":"https:\/\/apotekar-online.rs\/ro\/wp-json\/wp\/v2\/types\/product"}],"wp:featuredmedia":[{"embeddable":true,"href":"https:\/\/apotekar-online.rs\/ro\/wp-json\/wp\/v2\/media\/2015"}],"wp:attachment":[{"href":"https:\/\/apotekar-online.rs\/ro\/wp-json\/wp\/v2\/media?parent=2017"}],"wp:term":[{"taxonomy":"product_brand","embeddable":true,"href":"https:\/\/apotekar-online.rs\/ro\/wp-json\/wp\/v2\/product_brand?post=2017"},{"taxonomy":"product_cat","embeddable":true,"href":"https:\/\/apotekar-online.rs\/ro\/wp-json\/wp\/v2\/product_cat?post=2017"},{"taxonomy":"product_tag","embeddable":true,"href":"https:\/\/apotekar-online.rs\/ro\/wp-json\/wp\/v2\/product_tag?post=2017"}],"curies":[{"name":"wp","href":"https:\/\/api.w.org\/{rel}","templated":true}]}}