{"id":2018,"date":"2023-03-05T14:56:46","date_gmt":"2023-03-05T16:56:46","guid":{"rendered":"https:\/\/apotekar-online.rs\/?post_type=product&#038;p=2018"},"modified":"2026-03-05T08:21:51","modified_gmt":"2026-03-05T10:21:51","slug":"dietpharm-b-complex-forte-60-comprimate","status":"publish","type":"product","link":"https:\/\/apotekar-online.rs\/ro\/p\/dietpharm-b-complex-forte-60-tableta\/","title":{"rendered":"Dietpharm B COMPLEX FORTE 60 comprimate"},"content":{"rendered":"","protected":false},"excerpt":{"rendered":"<p><strong>Dietpharm B Complex Forte<\/strong> este un supliment alimentar cu doze mari din toate cele 8 vitamine din grupa B. Vitaminele B1, B2, B3, B6, B7 \u0219i B12 contribuie la func\u021bionarea normal\u0103 a sistemului nervos. Vitamina B5 contribuie la abilit\u0103\u021bile mentale normale. Vitaminele B6, B9 \u0219i B12 contribuie la func\u021bionarea normal\u0103 a sistemului imunitar. Vitamina B7 contribuie la men\u021binerea s\u0103n\u0103t\u0103\u021bii pielii \u0219i p\u0103rului.<\/p>\n<p><strong>Dozaj \u0219i mod de utilizare:<\/strong><\/p>\n<p>Adul\u021bii iau 1 comprimat pe zi, dup\u0103 mas\u0103.<\/p>\n<p><strong>Compozitie:<\/strong><\/p>\n<p>Vitamina B1 \/ tiamina (mononitrat de tiamina) \u2013 23 mg<br \/>\nVitamina B2 \/ riboflavin\u0103 - 23 mg<br \/>\nVitamina B3 \/ niacina (nicotinamida) \u2013 33 mg<br \/>\nVitamina B5 \/ acid pantotenic \u2013 16 mg<br \/>\nVitamina B6\/clorhidrat de piridoxina \u2013 18 mg<br \/>\nVitamina B7 \/ biotin\u0103 (D-biotin\u0103) \u2013 145 \u00b5g<br \/>\nVitamina B9 \/ acid folic (L-metilfolat de calciu) - 450 \u00b5g<br \/>\nVitamina B12 \/ cianocobalamina \u2013 20 \u00b5g.<\/p>\n<p><strong>Not\u0103:<\/strong>\u00a0Ne str\u0103duim s\u0103 fim c\u00e2t mai precisi \u00een descrierea tuturor produselor, dar nu putem garanta c\u0103 toate descrierile sunt complete \u0219i f\u0103r\u0103 erori. Multumesc pentru intelegere.<br \/>\nToate articolele afi\u0219ate pe site fac parte din oferta noastr\u0103, dar nu \u00eenseamn\u0103 c\u0103 sunt disponibile \u00een orice moment.<\/p>","protected":false},"featured_media":2019,"template":"","meta":[],"product_brand":[],"product_cat":[77,136,78],"product_tag":[179,287,299,322,307,291,306,324,232],"class_list":{"0":"post-2018","1":"product","2":"type-product","3":"status-publish","4":"has-post-thumbnail","6":"product_cat-imunitet","7":"product_cat-stres-depresija-i-miran-san","8":"product_cat-vitamini-i-minerali","9":"product_tag-imunitet","10":"product_tag-kosa","11":"product_tag-nega-koze","12":"product_tag-nervni-sistem","13":"product_tag-vitamin-b1","14":"product_tag-vitamin-b12","15":"product_tag-vitamin-b2","16":"product_tag-vitamin-b3","17":"product_tag-vitamin-b6","19":"first","20":"instock","21":"shipping-taxable","22":"purchasable","23":"product-type-simple"},"ams_default_variation_id":0,"ams_product_points_reward":[],"ams_product_discount_percentage":0,"ams_price_to_display":525,"ams_acf":[],"jetpack_sharing_enabled":true,"_links":{"self":[{"href":"https:\/\/apotekar-online.rs\/ro\/wp-json\/wp\/v2\/product\/2018","targetHints":{"allow":["GET"]}}],"collection":[{"href":"https:\/\/apotekar-online.rs\/ro\/wp-json\/wp\/v2\/product"}],"about":[{"href":"https:\/\/apotekar-online.rs\/ro\/wp-json\/wp\/v2\/types\/product"}],"wp:featuredmedia":[{"embeddable":true,"href":"https:\/\/apotekar-online.rs\/ro\/wp-json\/wp\/v2\/media\/2019"}],"wp:attachment":[{"href":"https:\/\/apotekar-online.rs\/ro\/wp-json\/wp\/v2\/media?parent=2018"}],"wp:term":[{"taxonomy":"product_brand","embeddable":true,"href":"https:\/\/apotekar-online.rs\/ro\/wp-json\/wp\/v2\/product_brand?post=2018"},{"taxonomy":"product_cat","embeddable":true,"href":"https:\/\/apotekar-online.rs\/ro\/wp-json\/wp\/v2\/product_cat?post=2018"},{"taxonomy":"product_tag","embeddable":true,"href":"https:\/\/apotekar-online.rs\/ro\/wp-json\/wp\/v2\/product_tag?post=2018"}],"curies":[{"name":"wp","href":"https:\/\/api.w.org\/{rel}","templated":true}]}}