{"id":2020,"date":"2023-03-05T15:16:36","date_gmt":"2023-03-05T17:16:36","guid":{"rendered":"https:\/\/apotekar-online.rs\/?post_type=product&#038;p=2020"},"modified":"2026-03-05T08:21:51","modified_gmt":"2026-03-05T10:21:51","slug":"dietpharm-folic-active","status":"publish","type":"product","link":"https:\/\/apotekar-online.rs\/ro\/p\/dietpharm-folic-active\/","title":{"rendered":"Dietpharm Folic Active"},"content":{"rendered":"","protected":false},"excerpt":{"rendered":"<p><strong>Folic Active kapsule<\/strong> su dodatak ishrani s aktivnim folatom. Namenjene su \u017eenama u reproduktivnoj fazi. Pogodno i za vegetarijance. Koristan u\u010dinak posti\u017ee se dnevnim unosom od najmanje 400\u03bcg folne kiseline tokom najmanje jednog meseca pre i tri meseca nakon za\u010de\u0107a.<\/p>\n<p><strong>Dozaj \u0219i mod de utilizare:<\/strong><\/p>\n<p>Odrasli i deca iznad 14 godina: 1 kapsula dnevno.<\/p>\n<p><strong>Compozitie:<\/strong><\/p>\n<p>U jednoj kapsuli: 400mcg folne kiseline.<\/p>\n<p><strong>Not\u0103:<\/strong>\u00a0Ne str\u0103duim s\u0103 fim c\u00e2t mai precisi \u00een descrierea tuturor produselor, dar nu putem garanta c\u0103 toate descrierile sunt complete \u0219i f\u0103r\u0103 erori. Multumesc pentru intelegere.<br \/>\nToate articolele afi\u0219ate pe site fac parte din oferta noastr\u0103, dar nu \u00eenseamn\u0103 c\u0103 sunt disponibile \u00een orice moment.<\/p>","protected":false},"featured_media":2021,"template":"","meta":[],"product_brand":[],"product_cat":[89,85],"product_tag":[279,263,325],"class_list":{"0":"post-2020","1":"product","2":"type-product","3":"status-publish","4":"has-post-thumbnail","6":"product_cat-trudnoca-i-dojenje","7":"product_cat-zdravlje-zena","8":"product_tag-folna-kiselina","9":"product_tag-trudnoca","10":"product_tag-zdravlje-zena","12":"first","13":"outofstock","14":"shipping-taxable","15":"purchasable","16":"product-type-simple"},"ams_default_variation_id":0,"ams_product_points_reward":[],"ams_product_discount_percentage":0,"ams_price_to_display":510,"ams_acf":[],"jetpack_sharing_enabled":true,"_links":{"self":[{"href":"https:\/\/apotekar-online.rs\/ro\/wp-json\/wp\/v2\/product\/2020","targetHints":{"allow":["GET"]}}],"collection":[{"href":"https:\/\/apotekar-online.rs\/ro\/wp-json\/wp\/v2\/product"}],"about":[{"href":"https:\/\/apotekar-online.rs\/ro\/wp-json\/wp\/v2\/types\/product"}],"wp:featuredmedia":[{"embeddable":true,"href":"https:\/\/apotekar-online.rs\/ro\/wp-json\/wp\/v2\/media\/2021"}],"wp:attachment":[{"href":"https:\/\/apotekar-online.rs\/ro\/wp-json\/wp\/v2\/media?parent=2020"}],"wp:term":[{"taxonomy":"product_brand","embeddable":true,"href":"https:\/\/apotekar-online.rs\/ro\/wp-json\/wp\/v2\/product_brand?post=2020"},{"taxonomy":"product_cat","embeddable":true,"href":"https:\/\/apotekar-online.rs\/ro\/wp-json\/wp\/v2\/product_cat?post=2020"},{"taxonomy":"product_tag","embeddable":true,"href":"https:\/\/apotekar-online.rs\/ro\/wp-json\/wp\/v2\/product_tag?post=2020"}],"curies":[{"name":"wp","href":"https:\/\/api.w.org\/{rel}","templated":true}]}}