{"id":2029,"date":"2023-03-05T16:34:00","date_gmt":"2023-03-05T16:34:00","guid":{"rendered":"https:\/\/apotekar-online.rs\/?post_type=product&#038;p=2029"},"modified":"2026-03-05T08:21:51","modified_gmt":"2026-03-05T10:21:51","slug":"floradix-tonic-cu-fier-250-ml","status":"publish","type":"product","link":"https:\/\/apotekar-online.rs\/ro\/p\/floradix-tonik-sa-gvozdem-250-ml\/","title":{"rendered":"Floradix tonic cu fier 250 ml"},"content":{"rendered":"","protected":false},"excerpt":{"rendered":"<p><strong>Floradix<\/strong> este un supliment alimentar delicios bazat pe propriet\u0103\u021bile fiziologice ale vitaminelor selectate, fierului, precum \u0219i pe propriet\u0103\u021bile fiziologice ale principiilor active ale extractelor apoase din ierburi selectate \u0219i concentrate din fructe selectate. Fierul este un ingredient alimentar esen\u021bial care permite celulelor ro\u0219ii din s\u00e2nge s\u0103 transporte oxigen \u00een toate p\u0103r\u021bile corpului. Floradix con\u021bine fier foarte absorbabil sub form\u0103 de suplimente nutritive pe baz\u0103 de extract de drojdie. Acizii din fructe \u0219i extractele de plante au un efect digestiv u\u0219or \u0219i previn problemele digestive, care sunt frecvente la preparatele cu fier. Floradix este potrivit \u00een special femeilor (inclusiv femeilor \u00eens\u0103rcinate \u0219i mamelor), dar \u0219i b\u0103rba\u021bilor, copiilor \u00een cre\u0219tere \u0219i persoanelor a c\u0103ror diet\u0103 este s\u0103rac\u0103 \u00een fier natural \u0219i vitamine.<\/p>\n<p><strong>Dozaj \u0219i mod de utilizare:<\/strong><\/p>\n<p>Lua\u021bi 10 ml cu 30 de minute \u00eenainte de mas\u0103 de 2 ori pe zi. Nu lua\u021bi acest produs \u00eempreun\u0103 cu ceai negru, cafea sau produse lactate. \u00cen aceste cazuri, absorb\u021bia fierului va fi mai mic\u0103.<\/p>\n<p><strong>Compozitie:<\/strong><\/p>\n<p>Extract diluat (54%) din: morcov (Daucus carota), frunze de urzic\u0103 (Urtica dioica), spanac (Spinacia oleracea), r\u0103d\u0103cin\u0103 de rogoz (Agropyron repens), fenicul s\u0103lbatic (Foeniculum vulgare), alge marine (Marcrocystis pyrifera), flori de m\u0103ce\u0219 (Hibiscus). sabdariffa). Amestec concentrat de suc de fructe (29.4%): pere, struguri, suc de coacaze negre, apa, mure, cirese, portocale, rosie, ridichi, suc concentrat de lamaie, extract de roscove, suc concentrat de mere. Extract diluat de drojdie, miere, extract moale de m\u0103ce\u0219 diluat cu vitamina C 4%, gluconat de fier, extract din germeni de gr\u00e2u, vitamina C, arome naturale, vitamina B1 (clorhidrat de tiamin\u0103), vitamina B2 (riboflavin\u0103 fosfat de sodiu), vitamina B6 (clorhidrat de piridoxin\u0103) , vitamina B12 (cianocobalamina).<\/p>\n<p>&nbsp;<\/p>\n<p><strong>Not\u0103:<\/strong>\u00a0Ne str\u0103duim s\u0103 fim c\u00e2t mai precisi \u00een descrierea tuturor produselor, dar nu putem garanta c\u0103 toate descrierile sunt complete \u0219i f\u0103r\u0103 erori. Multumesc pentru intelegere.<br \/>\nToate articolele afi\u0219ate pe site fac parte din oferta noastr\u0103, dar nu \u00eenseamn\u0103 c\u0103 sunt disponibile \u00een orice moment.<\/p>\n<p>&nbsp;<\/p>","protected":false},"featured_media":2030,"template":"","meta":[],"product_brand":[],"product_cat":[77,83,126,89,78,84,85],"product_tag":[262,270,263,331,304],"class_list":{"0":"post-2029","1":"product","2":"type-product","3":"status-publish","4":"has-post-thumbnail","6":"product_cat-imunitet","7":"product_cat-preparati-za-anemiju","8":"product_cat-preparati-za-gorusicu-i-otezano-varenje","9":"product_cat-trudnoca-i-dojenje","10":"product_cat-vitamini-i-minerali","11":"product_cat-zdravlje-muskaraca","12":"product_cat-zdravlje-zena","13":"product_tag-gvozdje","14":"product_tag-minerali","15":"product_tag-trudnoca","16":"product_tag-varenje","17":"product_tag-vitamini","19":"first","20":"instock","21":"shipping-taxable","22":"purchasable","23":"product-type-simple"},"ams_default_variation_id":0,"ams_product_points_reward":[],"ams_product_discount_percentage":0,"ams_price_to_display":1440,"ams_acf":[],"jetpack_sharing_enabled":true,"_links":{"self":[{"href":"https:\/\/apotekar-online.rs\/ro\/wp-json\/wp\/v2\/product\/2029","targetHints":{"allow":["GET"]}}],"collection":[{"href":"https:\/\/apotekar-online.rs\/ro\/wp-json\/wp\/v2\/product"}],"about":[{"href":"https:\/\/apotekar-online.rs\/ro\/wp-json\/wp\/v2\/types\/product"}],"wp:featuredmedia":[{"embeddable":true,"href":"https:\/\/apotekar-online.rs\/ro\/wp-json\/wp\/v2\/media\/2030"}],"wp:attachment":[{"href":"https:\/\/apotekar-online.rs\/ro\/wp-json\/wp\/v2\/media?parent=2029"}],"wp:term":[{"taxonomy":"product_brand","embeddable":true,"href":"https:\/\/apotekar-online.rs\/ro\/wp-json\/wp\/v2\/product_brand?post=2029"},{"taxonomy":"product_cat","embeddable":true,"href":"https:\/\/apotekar-online.rs\/ro\/wp-json\/wp\/v2\/product_cat?post=2029"},{"taxonomy":"product_tag","embeddable":true,"href":"https:\/\/apotekar-online.rs\/ro\/wp-json\/wp\/v2\/product_tag?post=2029"}],"curies":[{"name":"wp","href":"https:\/\/api.w.org\/{rel}","templated":true}]}}