{"id":2031,"date":"2023-03-05T16:45:34","date_gmt":"2023-03-05T16:45:34","guid":{"rendered":"https:\/\/apotekar-online.rs\/?post_type=product&#038;p=2031"},"modified":"2026-03-05T08:38:29","modified_gmt":"2026-03-05T10:38:29","slug":"floradix-kindervital-250-ml","status":"publish","type":"product","link":"https:\/\/apotekar-online.rs\/ro\/p\/floradix-kindervital-250-ml\/","title":{"rendered":"Floradix Kindervital 250 ml"},"content":{"rendered":"","protected":false},"excerpt":{"rendered":"<p><strong>Floradix\u00ae KINDERVITAL<\/strong> pentru copii v\u0103 ajut\u0103 copiii s\u0103 creasc\u0103 puternici \u0219i s\u0103n\u0103to\u0219i. Tonic special formulat pentru cre\u0219tere \u0219i dezvoltare s\u0103n\u0103toas\u0103, acceptat de copii, gust deosebit. Kindervital pentru copii este un produs unic, echilibrat, care con\u021bine vitamine \u0219i minerale esen\u021biale necesare cre\u0219terii \u0219i dezvolt\u0103rii adecvate. Ofer\u0103 nu numai o absorb\u021bie maxim\u0103, ci \u0219i un gust deosebit. Kindervital este un instrument special formulat pentru dezvoltarea copiilor care satisface exact nevoile zilnice ale organismului. Nu contine ingrediente artificiale care incarca organismul copilului.Ofera cantitati optime zilnice de nutrienti necesari si are un gust excelent. Un companion excelent pentru anii de cre\u0219tere \u0219i consolidare.<\/p>\n<p><strong>Dozaj \u0219i mod de utilizare:<\/strong><\/p>\n<p>Kindervital este \u00eendulcit natural cu sucuri de fructe de cea mai bun\u0103 calitate. Poate fi folosit in diverse moduri: singur, amestecat cu alte suc, iaurt sau salata de fructe. Nici m\u0103car copiii foarte preten\u021bio\u0219i nu vor rezista Kindervital.<\/p>\n<p><strong>Compozitie:<\/strong><\/p>\n<p>Contine vitaminele A, B1, B2, B3, B6, B12, C, D precum si mineralele calciu si magneziu, toate in mediul extractelor de plante si sucurilor naturale de fructe.<\/p>\n<p><strong>Not\u0103:<\/strong>\u00a0Ne str\u0103duim s\u0103 fim c\u00e2t mai precisi \u00een descrierea tuturor produselor, dar nu putem garanta c\u0103 toate descrierile sunt complete \u0219i f\u0103r\u0103 erori. Multumesc pentru intelegere.<br \/>\nToate articolele afi\u0219ate pe site fac parte din oferta noastr\u0103, dar nu \u00eenseamn\u0103 c\u0103 sunt disponibile \u00een orice moment.<\/p>","protected":false},"featured_media":2032,"template":"","meta":[],"product_brand":[],"product_cat":[340,3054],"product_tag":[1709,180,333,323,270,332,304],"class_list":{"0":"post-2031","1":"product","2":"type-product","3":"status-publish","4":"has-post-thumbnail","6":"product_cat-deciji-program","7":"product_cat-akcija","8":"product_tag-betty","9":"product_tag-deca","10":"product_tag-kalcijum","11":"product_tag-magnezijum","12":"product_tag-minerali","13":"product_tag-rast-i-razvoj","14":"product_tag-vitamini","16":"first","17":"instock","18":"shipping-taxable","19":"purchasable","20":"product-type-simple"},"ams_default_variation_id":0,"ams_product_points_reward":[],"ams_product_discount_percentage":0,"ams_price_to_display":1872,"ams_acf":[],"jetpack_sharing_enabled":true,"_links":{"self":[{"href":"https:\/\/apotekar-online.rs\/ro\/wp-json\/wp\/v2\/product\/2031","targetHints":{"allow":["GET"]}}],"collection":[{"href":"https:\/\/apotekar-online.rs\/ro\/wp-json\/wp\/v2\/product"}],"about":[{"href":"https:\/\/apotekar-online.rs\/ro\/wp-json\/wp\/v2\/types\/product"}],"wp:featuredmedia":[{"embeddable":true,"href":"https:\/\/apotekar-online.rs\/ro\/wp-json\/wp\/v2\/media\/2032"}],"wp:attachment":[{"href":"https:\/\/apotekar-online.rs\/ro\/wp-json\/wp\/v2\/media?parent=2031"}],"wp:term":[{"taxonomy":"product_brand","embeddable":true,"href":"https:\/\/apotekar-online.rs\/ro\/wp-json\/wp\/v2\/product_brand?post=2031"},{"taxonomy":"product_cat","embeddable":true,"href":"https:\/\/apotekar-online.rs\/ro\/wp-json\/wp\/v2\/product_cat?post=2031"},{"taxonomy":"product_tag","embeddable":true,"href":"https:\/\/apotekar-online.rs\/ro\/wp-json\/wp\/v2\/product_tag?post=2031"}],"curies":[{"name":"wp","href":"https:\/\/api.w.org\/{rel}","templated":true}]}}