{"id":2038,"date":"2023-03-06T12:04:11","date_gmt":"2023-03-06T12:04:11","guid":{"rendered":"https:\/\/apotekar-online.rs\/?post_type=product&#038;p=2038"},"modified":"2026-03-05T08:21:50","modified_gmt":"2026-03-05T10:21:50","slug":"pharmas-floriotic-boulardii-capsule-x-10","status":"publish","type":"product","link":"https:\/\/apotekar-online.rs\/ro\/p\/pharmas-floriotic-boulardii-kapsule-x-10\/","title":{"rendered":"PharmaS FLORIOTIC\u00ae BOULARDII capsule x 10"},"content":{"rendered":"","protected":false},"excerpt":{"rendered":"<p><strong>PharmaS FLORIOTIC\u00ae BOULARDII<\/strong> este un produs alimentar probiotic destinat copiilor si adultilor, pentru un efect sinergic in refacerea microbiotei intestinale dezechilibrate. S Boulardii in FLORIOTIC BOULARDII este eficient in tratamentul diareei cauzate de utilizarea antibioticelor, diareei acute, diareei de calatorie si infectiilor recurente cauzate de bacteria Clostridium difficile, rezistenta la actiunea antibioticelor si rezistenta la mediul acid al stomacului.<\/p>\n<p><strong>Dozaj \u0219i mod de utilizare:<\/strong><\/p>\n<p>Doza recomandat\u0103 este de 1 capsul\u0103 pe zi<br \/>\n\u2013 1 capsul\u0103 pe zi, se bea cu o jum\u0103tate de pahar de lichid<br \/>\n-Capsulele PharmaS Floriotic Boulardii se iau independent de mese<br \/>\n- PharmaS Floriotic Boulardii este rezistent si il poti lua in acelasi timp cu antibioticele<br \/>\n- C\u00e2nd se utilizeaz\u0103 la copii, capsula poate fi deschis\u0103, iar con\u021binutul poate fi luat cu alimente sau lichide<br \/>\n\u2013 PharmaS Floriotic Boulardii este destinat\u0103 v\u00e2rstelor peste 6 ani.<\/p>\n<p><strong>Compozitie:<\/strong><\/p>\n<p>O capsul\u0103 con\u021bine:<br \/>\n5 miliarde de culturi vii de drojdii liofilizate Saccharomyces cerevisiae var boulardiiI-3799, si 1 miliard de culturi de bacterii lactice: Lactobacillus acidophilus LA3, Bifidobacterium animalis ssp.lactis BLC1, Lactobacillus casei BGP93.<\/p>\n<p><strong>Not\u0103:<\/strong>\u00a0Ne str\u0103duim s\u0103 fim c\u00e2t mai precisi \u00een descrierea tuturor produselor, dar nu putem garanta c\u0103 toate descrierile sunt complete \u0219i f\u0103r\u0103 erori. Multumesc pentru intelegere.<br \/>\nToate articolele afi\u0219ate pe site fac parte din oferta noastr\u0103, dar nu \u00eenseamn\u0103 c\u0103 sunt disponibile \u00een orice moment.<\/p>\n<p>&nbsp;<\/p>","protected":false},"featured_media":2039,"template":"","meta":[],"product_brand":[],"product_cat":[81,105],"product_tag":[296,179,337],"class_list":{"0":"post-2038","1":"product","2":"type-product","3":"status-publish","4":"has-post-thumbnail","6":"product_cat-probiotici-i-enzimi","7":"product_cat-dijareja-i-rehidratacija","8":"product_tag-enzimi","9":"product_tag-imunitet","10":"product_tag-probiotik","12":"first","13":"instock","14":"shipping-taxable","15":"purchasable","16":"product-type-simple"},"ams_default_variation_id":0,"ams_product_points_reward":[],"ams_product_discount_percentage":0,"ams_price_to_display":541.44,"ams_acf":[],"jetpack_sharing_enabled":true,"_links":{"self":[{"href":"https:\/\/apotekar-online.rs\/ro\/wp-json\/wp\/v2\/product\/2038","targetHints":{"allow":["GET"]}}],"collection":[{"href":"https:\/\/apotekar-online.rs\/ro\/wp-json\/wp\/v2\/product"}],"about":[{"href":"https:\/\/apotekar-online.rs\/ro\/wp-json\/wp\/v2\/types\/product"}],"wp:featuredmedia":[{"embeddable":true,"href":"https:\/\/apotekar-online.rs\/ro\/wp-json\/wp\/v2\/media\/2039"}],"wp:attachment":[{"href":"https:\/\/apotekar-online.rs\/ro\/wp-json\/wp\/v2\/media?parent=2038"}],"wp:term":[{"taxonomy":"product_brand","embeddable":true,"href":"https:\/\/apotekar-online.rs\/ro\/wp-json\/wp\/v2\/product_brand?post=2038"},{"taxonomy":"product_cat","embeddable":true,"href":"https:\/\/apotekar-online.rs\/ro\/wp-json\/wp\/v2\/product_cat?post=2038"},{"taxonomy":"product_tag","embeddable":true,"href":"https:\/\/apotekar-online.rs\/ro\/wp-json\/wp\/v2\/product_tag?post=2038"}],"curies":[{"name":"wp","href":"https:\/\/api.w.org\/{rel}","templated":true}]}}