{"id":2042,"date":"2023-03-06T12:39:36","date_gmt":"2023-03-06T12:39:36","guid":{"rendered":"https:\/\/apotekar-online.rs\/?post_type=product&#038;p=2042"},"modified":"2026-03-05T08:21:50","modified_gmt":"2026-03-05T10:21:50","slug":"harticol-plus-capsule-x-30","status":"publish","type":"product","link":"https:\/\/apotekar-online.rs\/ro\/p\/hartikol-plus-kapsule-x-30\/","title":{"rendered":"PharmaS Hartikol PLUS capsule x 30"},"content":{"rendered":"","protected":false},"excerpt":{"rendered":"<p><strong>Harticol Plus<\/strong> este un supliment alimentar pe baz\u0103 de orez ro\u0219u \u0219i anghinare care ajut\u0103 la reglarea nivelului de colesterol din s\u00e2nge, contribuie la func\u021bionarea normal\u0103 a inimii, la metabolismul normal al lipidelor \u0219i al homocisteinei.<\/p>\n<p><strong>Dozaj \u0219i mod de utilizare:<\/strong><\/p>\n<p>Lua\u021bi 1 capsul\u0103 pe zi dup\u0103 ultima mas\u0103 cu o jum\u0103tate de pahar de lichid.<\/p>\n<p><strong>Compozitie:<\/strong><\/p>\n<p>\u00centr-o capsul\u0103:<br id=\"&quot;c1-id-8&quot;\" \/>- extract uscat de orez ro\u0219u fermentat 85 mg, din care monacolin\u0103 2,9 mg<br id=\"&quot;c1-id-9&quot;\" \/>- colina 82,5 mg<br id=\"&quot;c1-id-10&quot;\" \/>-tiamina (vitamina B1) 1,1 mg<br id=\"&quot;c1-id-11&quot;\" \/>- extract uscat de frunze de anghinare standardizat la 5% cinarina 155 mg<br id=\"&quot;c1-id-12&quot;\" \/>- acid folic 200 \u00b5g.<\/p>\n<p>&nbsp;<\/p>\n<p>&nbsp;<\/p>","protected":false},"featured_media":2043,"template":"","meta":[],"product_brand":[3072],"product_cat":[79],"product_tag":[339,259,258],"class_list":{"0":"post-2042","1":"product","2":"type-product","3":"status-publish","4":"has-post-thumbnail","6":"product_brand-pharmas","7":"product_cat-srce-krvni-sudovi-i-holesterol","8":"product_tag-holesterol","9":"product_tag-krvni-sudovi","10":"product_tag-srce","12":"first","13":"instock","14":"shipping-taxable","15":"purchasable","16":"product-type-simple"},"ams_default_variation_id":0,"ams_product_points_reward":[],"ams_product_discount_percentage":0,"ams_price_to_display":1395,"ams_acf":[],"jetpack_sharing_enabled":true,"_links":{"self":[{"href":"https:\/\/apotekar-online.rs\/ro\/wp-json\/wp\/v2\/product\/2042","targetHints":{"allow":["GET"]}}],"collection":[{"href":"https:\/\/apotekar-online.rs\/ro\/wp-json\/wp\/v2\/product"}],"about":[{"href":"https:\/\/apotekar-online.rs\/ro\/wp-json\/wp\/v2\/types\/product"}],"wp:featuredmedia":[{"embeddable":true,"href":"https:\/\/apotekar-online.rs\/ro\/wp-json\/wp\/v2\/media\/2043"}],"wp:attachment":[{"href":"https:\/\/apotekar-online.rs\/ro\/wp-json\/wp\/v2\/media?parent=2042"}],"wp:term":[{"taxonomy":"product_brand","embeddable":true,"href":"https:\/\/apotekar-online.rs\/ro\/wp-json\/wp\/v2\/product_brand?post=2042"},{"taxonomy":"product_cat","embeddable":true,"href":"https:\/\/apotekar-online.rs\/ro\/wp-json\/wp\/v2\/product_cat?post=2042"},{"taxonomy":"product_tag","embeddable":true,"href":"https:\/\/apotekar-online.rs\/ro\/wp-json\/wp\/v2\/product_tag?post=2042"}],"curies":[{"name":"wp","href":"https:\/\/api.w.org\/{rel}","templated":true}]}}