{"id":2072,"date":"2023-03-28T10:50:35","date_gmt":"2023-03-28T10:50:35","guid":{"rendered":"https:\/\/apotekar-online.rs\/?post_type=product&#038;p=2072"},"modified":"2026-03-05T08:21:50","modified_gmt":"2026-03-05T10:21:50","slug":"refluxan-suspensie-oral-20pungi-de-15ml","status":"publish","type":"product","link":"https:\/\/apotekar-online.rs\/ro\/p\/refluxan-oralna-suspenzija-20kesica-po-15ml\/","title":{"rendered":"Refluxan suspensie oral\u0103 20 plicuri a 15 ml"},"content":{"rendered":"","protected":false},"excerpt":{"rendered":"<p>Suspensie Refluxan pentru tratamentul refluxului gastroesofagian cu mucopolizaharide HMW ca efect de barier\u0103, ac\u021bioneaz\u0103 mecanic pentru tratamentul refluxului gastroesofagian. Este indicat \u00een cazurile de piroz\u0103 gastric\u0103, esofagit\u0103, disfonie, tuse iritant\u0103 \u0219i regurgitare cauzat\u0103 de reflux gastric la adul\u021bi \u0219i copii cu v\u00e2rsta peste 12 ani.<\/p>\n<p><b>Reflux\u00a0<\/b>este\u00a0<b>aparat medical<\/b>. Dispozitivele medicale pot fi eliberate \u00een locurile care sunt determinate de avizul ministerului responsabil cu problemele de s\u0103n\u0103tate privind v\u00e2nz\u0103rile cu ridicata \u0219i cu am\u0103nuntul a dispozitivelor medicale, \u00een baza reglement\u0103rilor din domeniul dispozitivelor medicale \u0219i al \u00eengrijirii s\u0103n\u0103t\u0103\u021bii (\u00een farmacii \u0219i magazine specializate).\u00a0<b>Reflux\u00a0<\/b>il poti cauta in farmacia noastra.<\/p>\n<p>&nbsp;<\/p>\n<p>&nbsp;<\/p>","protected":false},"featured_media":2073,"template":"","meta":[],"product_brand":[],"product_cat":[126],"product_tag":[342,341,305],"class_list":{"0":"post-2072","1":"product","2":"type-product","3":"status-publish","4":"has-post-thumbnail","6":"product_cat-preparati-za-gorusicu-i-otezano-varenje","7":"product_tag-ezofagitis","8":"product_tag-gorusica","9":"product_tag-kasalj","10":"pa_brend-galenika","12":"first","13":"instock","14":"shipping-taxable","15":"purchasable","16":"product-type-simple"},"ams_default_variation_id":0,"ams_product_points_reward":[],"ams_product_discount_percentage":0,"ams_price_to_display":1530,"ams_acf":[],"jetpack_sharing_enabled":true,"_links":{"self":[{"href":"https:\/\/apotekar-online.rs\/ro\/wp-json\/wp\/v2\/product\/2072","targetHints":{"allow":["GET"]}}],"collection":[{"href":"https:\/\/apotekar-online.rs\/ro\/wp-json\/wp\/v2\/product"}],"about":[{"href":"https:\/\/apotekar-online.rs\/ro\/wp-json\/wp\/v2\/types\/product"}],"wp:featuredmedia":[{"embeddable":true,"href":"https:\/\/apotekar-online.rs\/ro\/wp-json\/wp\/v2\/media\/2073"}],"wp:attachment":[{"href":"https:\/\/apotekar-online.rs\/ro\/wp-json\/wp\/v2\/media?parent=2072"}],"wp:term":[{"taxonomy":"product_brand","embeddable":true,"href":"https:\/\/apotekar-online.rs\/ro\/wp-json\/wp\/v2\/product_brand?post=2072"},{"taxonomy":"product_cat","embeddable":true,"href":"https:\/\/apotekar-online.rs\/ro\/wp-json\/wp\/v2\/product_cat?post=2072"},{"taxonomy":"product_tag","embeddable":true,"href":"https:\/\/apotekar-online.rs\/ro\/wp-json\/wp\/v2\/product_tag?post=2072"}],"curies":[{"name":"wp","href":"https:\/\/api.w.org\/{rel}","templated":true}]}}