{"id":2090,"date":"2023-03-28T20:48:31","date_gmt":"2023-03-28T20:48:31","guid":{"rendered":"https:\/\/apotekar-online.rs\/?post_type=product&#038;p=2090"},"modified":"2026-04-30T00:00:02","modified_gmt":"2026-04-30T02:00:02","slug":"picatura-de-argint-sinalzan-20-ml","status":"publish","type":"product","link":"https:\/\/apotekar-online.rs\/ro\/p\/srebrna-kap-sinalzan-20-ml\/","title":{"rendered":"Pic\u0103tur\u0103 de argint Sinalzan 20 ml"},"content":{"rendered":"","protected":false},"excerpt":{"rendered":"<p><strong>Pic\u0103tur\u0103 de argint \u2013 Sinalzan<\/strong>\u00a0este o solu\u021bie foarte puternic\u0103 pentru nas sub form\u0103 de spray. Extrem de eficient ca tratament \u00eempotriva inflama\u021biei regiunilor sinusurilor, precum \u0219i a reac\u021biilor alergice la polen, ambrozie \u0219i al\u021bi alergeni din aer.<\/p>\n<p>Con\u021bine ioni de argint -\u00a0<strong>cel mai puternic antibiotic natural<\/strong>. Prin formula sa unic\u0103 \u0219i modern\u0103, argintul coloidal, \u00een combina\u021bie cu extract de ieder\u0103, precum \u0219i uleiurile esen\u021biale de ment\u0103, salvie \u0219i cimbru, ajut\u0103 rapid la desfundarea sinusurilor, la restabilirea umidit\u0103\u021bii naturale a mucoasei nazale, la cl\u0103tirea \u0219i cur\u0103\u021barea cavit\u0103\u021bii nazale. .<\/p>\n<p><strong>Dozaj \u0219i mod de utilizare:<\/strong><\/p>\n<p>Cu ajutorul unei pompe, pulveriza\u021bi preparatul pe locul dorit. Este de dorit s\u0103 repeta\u021bi procedura de mai multe ori pe zi. Pompa mecanic\u0103 permite dispersarea preparatului \u00een cele mai mici pic\u0103turi, ceea ce realizeaz\u0103 o acoperire optim\u0103 a mucoasei nazale.<\/p>\n<p>Nu exist\u0103 interac\u021biuni cu alte medicamente \u0219i nu exist\u0103 risc de supradozaj. Nu usuc\u0103 membrana mucoas\u0103, nu schimb\u0103 sim\u021bul gustului. \u00cen cazul nasului complet blocat sau c\u00e2nd apar primele semne de congestie (senza\u021bie de g\u00e2dilat \u00een nas), preparatul poate fi folosit de p\u00e2n\u0103 la 5x timp de maximum dou\u0103 zile, dup\u0103 care revine folosirea de 2x pe zi. Preparatul Sinalzan poate fi aplicat maxim dou\u0103 s\u0103pt\u0103m\u00e2ni, iar experien\u021bele utilizatorilor no\u0219tri spun c\u0103 \u0219apte zile sunt suficiente. Este destinat adul\u021bilor.<\/p>\n<p><strong>Compozi\u0163ie:<\/strong><\/p>\n<ul>\n<li>Argint coloidal<\/li>\n<li>Substante auxiliare - apa purificata, extract de iedera, uleiuri esentiale de menta, salvie si cimbru.<\/li>\n<\/ul>\n<p>&nbsp;<\/p>","protected":false},"featured_media":2091,"template":"","meta":[],"product_brand":[],"product_cat":[169,3054,77,151],"product_tag":[1709,2086,2289,350],"class_list":{"0":"post-2090","1":"product","2":"type-product","3":"status-publish","4":"has-post-thumbnail","6":"product_cat-higijena-nosa-i-ociju","7":"product_cat-akcija","8":"product_cat-imunitet","9":"product_cat-prehlada-i-kasalj","10":"product_tag-betty","11":"product_tag-koloidno-srebro","12":"product_tag-prirodni-antibiotik","13":"product_tag-srebro","14":"pa_brend-srebrnakap","16":"first","17":"instock","18":"shipping-taxable","19":"purchasable","20":"product-type-simple"},"ams_default_variation_id":0,"ams_product_points_reward":[],"ams_product_discount_percentage":0,"ams_price_to_display":731.4,"ams_acf":[],"jetpack_sharing_enabled":true,"_links":{"self":[{"href":"https:\/\/apotekar-online.rs\/ro\/wp-json\/wp\/v2\/product\/2090","targetHints":{"allow":["GET"]}}],"collection":[{"href":"https:\/\/apotekar-online.rs\/ro\/wp-json\/wp\/v2\/product"}],"about":[{"href":"https:\/\/apotekar-online.rs\/ro\/wp-json\/wp\/v2\/types\/product"}],"wp:featuredmedia":[{"embeddable":true,"href":"https:\/\/apotekar-online.rs\/ro\/wp-json\/wp\/v2\/media\/2091"}],"wp:attachment":[{"href":"https:\/\/apotekar-online.rs\/ro\/wp-json\/wp\/v2\/media?parent=2090"}],"wp:term":[{"taxonomy":"product_brand","embeddable":true,"href":"https:\/\/apotekar-online.rs\/ro\/wp-json\/wp\/v2\/product_brand?post=2090"},{"taxonomy":"product_cat","embeddable":true,"href":"https:\/\/apotekar-online.rs\/ro\/wp-json\/wp\/v2\/product_cat?post=2090"},{"taxonomy":"product_tag","embeddable":true,"href":"https:\/\/apotekar-online.rs\/ro\/wp-json\/wp\/v2\/product_tag?post=2090"}],"curies":[{"name":"wp","href":"https:\/\/api.w.org\/{rel}","templated":true}]}}