{"id":2098,"date":"2023-03-29T08:15:58","date_gmt":"2023-03-29T08:15:58","guid":{"rendered":"https:\/\/apotekar-online.rs\/?post_type=product&#038;p=2098"},"modified":"2026-03-05T08:21:49","modified_gmt":"2026-03-05T10:21:49","slug":"lorelli-sundjer-za-kupanje-beba-violet","status":"publish","type":"product","link":"https:\/\/apotekar-online.rs\/ro\/p\/lorelli-sundjer-za-kupanje-beba-violet\/","title":{"rendered":"Lorelli sundjer za kupanje beba-violet"},"content":{"rendered":"","protected":false},"excerpt":{"rendered":"<ul>\n<li>Burete de baie Lorelli baby p\u0103trat cu o c\u00e2rp\u0103 moale deasupra.<\/li>\n<li>\u00cenmuia\u021bi buretele \u00een ap\u0103 sau \u00eentr-o solu\u021bie bl\u00e2nd\u0103 de s\u0103pun sau \u0219ampon pentru a cur\u0103\u021ba u\u0219or pielea bebelu\u0219ului.<\/li>\n<li>O bucat\u0103 per pachet.<\/li>\n<\/ul>\n<p>&nbsp;<\/p>\n<p><strong>Not\u0103:<\/strong>\u00a0Ne str\u0103duim s\u0103 fim c\u00e2t mai precisi \u00een descrierea tuturor produselor, dar nu putem garanta c\u0103 toate descrierile sunt complete \u0219i f\u0103r\u0103 erori. Multumesc pentru intelegere.<br \/>\nToate articolele afi\u0219ate pe site fac parte din oferta noastr\u0103, dar nu \u00eenseamn\u0103 c\u0103 sunt disponibile \u00een orice moment.<\/p>","protected":false},"featured_media":2099,"template":"","meta":[],"product_brand":[],"product_cat":[340],"product_tag":[354],"class_list":{"0":"post-2098","1":"product","2":"type-product","3":"status-publish","4":"has-post-thumbnail","6":"product_cat-deciji-program","7":"product_tag-nega-deca","8":"pa_brend-lorelli","10":"first","11":"instock","12":"shipping-taxable","13":"purchasable","14":"product-type-simple"},"ams_default_variation_id":0,"ams_product_points_reward":[],"ams_product_discount_percentage":0,"ams_price_to_display":145,"ams_acf":[],"jetpack_sharing_enabled":true,"_links":{"self":[{"href":"https:\/\/apotekar-online.rs\/ro\/wp-json\/wp\/v2\/product\/2098","targetHints":{"allow":["GET"]}}],"collection":[{"href":"https:\/\/apotekar-online.rs\/ro\/wp-json\/wp\/v2\/product"}],"about":[{"href":"https:\/\/apotekar-online.rs\/ro\/wp-json\/wp\/v2\/types\/product"}],"wp:featuredmedia":[{"embeddable":true,"href":"https:\/\/apotekar-online.rs\/ro\/wp-json\/wp\/v2\/media\/2099"}],"wp:attachment":[{"href":"https:\/\/apotekar-online.rs\/ro\/wp-json\/wp\/v2\/media?parent=2098"}],"wp:term":[{"taxonomy":"product_brand","embeddable":true,"href":"https:\/\/apotekar-online.rs\/ro\/wp-json\/wp\/v2\/product_brand?post=2098"},{"taxonomy":"product_cat","embeddable":true,"href":"https:\/\/apotekar-online.rs\/ro\/wp-json\/wp\/v2\/product_cat?post=2098"},{"taxonomy":"product_tag","embeddable":true,"href":"https:\/\/apotekar-online.rs\/ro\/wp-json\/wp\/v2\/product_tag?post=2098"}],"curies":[{"name":"wp","href":"https:\/\/api.w.org\/{rel}","templated":true}]}}