{"id":2153,"date":"2023-03-29T14:05:44","date_gmt":"2023-03-29T14:05:44","guid":{"rendered":"https:\/\/apotekar-online.rs\/?post_type=product&#038;p=2153"},"modified":"2026-03-05T08:21:49","modified_gmt":"2026-03-05T10:21:49","slug":"lorelli-sportska-flasica-sa-slamcicom-325ml-animals-moonlight-blue","status":"publish","type":"product","link":"https:\/\/apotekar-online.rs\/ro\/p\/lorelli-sportska-flasica-sa-slamcicom-325ml-animals-moonlight-blue\/","title":{"rendered":"Sticla sport Lorelli cu paie 12+ animale albastru deschis lunii 325ml"},"content":{"rendered":"","protected":false},"excerpt":{"rendered":"<h4>Lorelli Bertoni mini sticla sport cu paie 12+ animale albastru deschis lunii.<\/h4>\n<p>&nbsp;<\/p>\n<p><strong>Not\u0103:<\/strong>\u00a0Ne str\u0103duim s\u0103 fim c\u00e2t mai precisi \u00een descrierea tuturor produselor, dar nu putem garanta c\u0103 toate descrierile sunt complete \u0219i f\u0103r\u0103 erori. Multumesc pentru intelegere.<br \/>\nToate articolele afi\u0219ate pe site fac parte din oferta noastr\u0103, dar nu \u00eenseamn\u0103 c\u0103 sunt disponibile \u00een orice moment.<\/p>","protected":false},"featured_media":2154,"template":"","meta":[],"product_brand":[],"product_cat":[340],"product_tag":[356],"class_list":{"0":"post-2153","1":"product","2":"type-product","3":"status-publish","4":"has-post-thumbnail","6":"product_cat-deciji-program","7":"product_tag-bpa-free","8":"pa_brend-lorelli","10":"first","11":"instock","12":"shipping-taxable","13":"purchasable","14":"product-type-simple"},"ams_default_variation_id":0,"ams_product_points_reward":[],"ams_product_discount_percentage":0,"ams_price_to_display":390,"ams_acf":[],"jetpack_sharing_enabled":true,"_links":{"self":[{"href":"https:\/\/apotekar-online.rs\/ro\/wp-json\/wp\/v2\/product\/2153","targetHints":{"allow":["GET"]}}],"collection":[{"href":"https:\/\/apotekar-online.rs\/ro\/wp-json\/wp\/v2\/product"}],"about":[{"href":"https:\/\/apotekar-online.rs\/ro\/wp-json\/wp\/v2\/types\/product"}],"wp:featuredmedia":[{"embeddable":true,"href":"https:\/\/apotekar-online.rs\/ro\/wp-json\/wp\/v2\/media\/2154"}],"wp:attachment":[{"href":"https:\/\/apotekar-online.rs\/ro\/wp-json\/wp\/v2\/media?parent=2153"}],"wp:term":[{"taxonomy":"product_brand","embeddable":true,"href":"https:\/\/apotekar-online.rs\/ro\/wp-json\/wp\/v2\/product_brand?post=2153"},{"taxonomy":"product_cat","embeddable":true,"href":"https:\/\/apotekar-online.rs\/ro\/wp-json\/wp\/v2\/product_cat?post=2153"},{"taxonomy":"product_tag","embeddable":true,"href":"https:\/\/apotekar-online.rs\/ro\/wp-json\/wp\/v2\/product_tag?post=2153"}],"curies":[{"name":"wp","href":"https:\/\/api.w.org\/{rel}","templated":true}]}}