{"id":2170,"date":"2023-03-30T09:12:57","date_gmt":"2023-03-30T09:12:57","guid":{"rendered":"https:\/\/apotekar-online.rs\/?post_type=product&#038;p=2170"},"modified":"2026-03-05T08:21:48","modified_gmt":"2026-03-05T10:21:48","slug":"canpol-kesice-za-cuvanje-mleka-20-kom","status":"publish","type":"product","link":"https:\/\/apotekar-online.rs\/ro\/p\/canpol-kesice-za-cuvanje-mleka-20-kom\/","title":{"rendered":"Saci de depozitare lapte Canpol 20 buc"},"content":{"rendered":"","protected":false},"excerpt":{"rendered":"<p><b>Canpol kesice za \u010duvanje mleka\u00a0<\/b>obezbe\u0111uju sigurno i bezbedno odlaganje mleka. U pakovanju se nalazi 20 kesica od 150ml. \u010cvrst dizajn ovih kesica omogu\u0107ava da same stoje na \u010dvrstoj podlozi. Mogu se koristiti u fri\u017eideru ili zamrziva\u010du. BPA Free.<\/p>\n<p>&nbsp;<\/p>\n<p><strong>Not\u0103:<\/strong>\u00a0Ne str\u0103duim s\u0103 fim c\u00e2t mai precisi \u00een descrierea tuturor produselor, dar nu putem garanta c\u0103 toate descrierile sunt complete \u0219i f\u0103r\u0103 erori. Multumesc pentru intelegere.<br \/>\nToate articolele afi\u0219ate pe site fac parte din oferta noastr\u0103, dar nu \u00eenseamn\u0103 c\u0103 sunt disponibile \u00een orice moment.<\/p>","protected":false},"featured_media":2171,"template":"","meta":[],"product_brand":[],"product_cat":[340],"product_tag":[],"class_list":{"0":"post-2170","1":"product","2":"type-product","3":"status-publish","4":"has-post-thumbnail","6":"product_cat-deciji-program","7":"pa_brend-canpol","9":"first","10":"instock","11":"shipping-taxable","12":"purchasable","13":"product-type-simple"},"ams_default_variation_id":0,"ams_product_points_reward":[],"ams_product_discount_percentage":0,"ams_price_to_display":616.19,"ams_acf":[],"jetpack_sharing_enabled":true,"_links":{"self":[{"href":"https:\/\/apotekar-online.rs\/ro\/wp-json\/wp\/v2\/product\/2170","targetHints":{"allow":["GET"]}}],"collection":[{"href":"https:\/\/apotekar-online.rs\/ro\/wp-json\/wp\/v2\/product"}],"about":[{"href":"https:\/\/apotekar-online.rs\/ro\/wp-json\/wp\/v2\/types\/product"}],"wp:featuredmedia":[{"embeddable":true,"href":"https:\/\/apotekar-online.rs\/ro\/wp-json\/wp\/v2\/media\/2171"}],"wp:attachment":[{"href":"https:\/\/apotekar-online.rs\/ro\/wp-json\/wp\/v2\/media?parent=2170"}],"wp:term":[{"taxonomy":"product_brand","embeddable":true,"href":"https:\/\/apotekar-online.rs\/ro\/wp-json\/wp\/v2\/product_brand?post=2170"},{"taxonomy":"product_cat","embeddable":true,"href":"https:\/\/apotekar-online.rs\/ro\/wp-json\/wp\/v2\/product_cat?post=2170"},{"taxonomy":"product_tag","embeddable":true,"href":"https:\/\/apotekar-online.rs\/ro\/wp-json\/wp\/v2\/product_tag?post=2170"}],"curies":[{"name":"wp","href":"https:\/\/api.w.org\/{rel}","templated":true}]}}