{"id":2290,"date":"2023-04-04T12:25:03","date_gmt":"2023-04-04T14:25:03","guid":{"rendered":"https:\/\/apotekar-online.rs\/?post_type=product&#038;p=2290"},"modified":"2026-03-05T08:21:15","modified_gmt":"2026-03-05T10:21:15","slug":"prisma-pa1-cu-stetoscop","status":"publish","type":"product","link":"https:\/\/apotekar-online.rs\/ro\/p\/prizma-pa1-sa-stetoskopom\/","title":{"rendered":"PRIZMA PA1 cu stetoscop"},"content":{"rendered":"","protected":false},"excerpt":{"rendered":"<h2 class=\"std\">PRIZMA PA1 cu stetoscop - Aparat aneroid pentru masurarea tensiunii arteriale.<\/h2>\n<p><strong>Dispozitivele medicale pot fi eliberate \u00een locurile care sunt determinate de avizul ministerului responsabil cu problemele de s\u0103n\u0103tate privind v\u00e2nz\u0103rile cu ridicata \u0219i cu am\u0103nuntul a dispozitivelor medicale, \u00een baza reglement\u0103rilor din domeniul dispozitivelor medicale \u0219i al \u00eengrijirii s\u0103n\u0103t\u0103\u021bii (\u00een farmacii \u0219i magazine specializate).<\/strong><\/p>\n<p>PRIZMA PA1 cu stetoscop - \u00eel pute\u021bi rezerva la farmacia Kalitea la num\u0103rul de telefon 023\/815-105 sau la kalitea.online@gmail.com<\/p>\n<ul>\n<li>100% mi\u0219care german\u0103. Fabricat in Serbia.<\/li>\n<li>Valorile m\u0103surate sunt citite pe scara general\u0103 a manometrului \u00een intervalul 0-300 mmHg.<strong><br \/>\n<\/strong><\/li>\n<li>Precizia dispozitivului +\/- 3 mmHg.<\/li>\n<li>Datorit\u0103 corpului rotativ (180\u2070), dispozitivul poate fi utilizat cu u\u0219urin\u021b\u0103 at\u00e2t de utilizatorii st\u00e2ngaci, c\u00e2t \u0219i de cei dreptaci.<\/li>\n<li>Man\u0219eta extrem de de \u00eenalt\u0103 calitate - f\u0103r\u0103 balon de cauciuc (man\u0219eta corespunde circumferin\u021bei bra\u021bului 27,5-36,5 cm).<\/li>\n<li>O supap\u0103 special conceput\u0103 permite controlul precis al dezumflarii.<\/li>\n<li>Sistemul cu un singur furtun ofer\u0103 confort maxim \u00een timpul utiliz\u0103rii.<\/li>\n<\/ul>\n<p><strong><br \/>\nCon\u021binut kit:<\/strong><br \/>\nAparat PA1 cu man\u0219et\u0103 (circumferin\u021ba bra\u021bului 27,5-36,5 cm), stetoscop CK-A603CP, carcas\u0103 \u0219i manual de instruc\u021biuni pentru aparat.<\/p>\n<p class=\"prizmaBlue\"><strong>Accesorii:<br \/>\n<\/strong>Man\u0219et\u0103 moale XXS pentru bebelu\u0219i (9-14,8 cm), Man\u0219et\u0103 moale XS pentru copii (13,8-21,5 cm), Man\u0219et\u0103 moale S (20,5-28,5 cm) \u0219i Man\u0219et\u0103 moale L Wide (35,5-46,0 cm).<\/p>\n<p class=\"prizmaBlue\"><strong>Not\u0103:<\/strong>\u00a0Ne str\u0103duim s\u0103 fim c\u00e2t mai precisi \u00een descrierea tuturor produselor, dar nu putem garanta c\u0103 toate descrierile sunt complete \u0219i f\u0103r\u0103 erori. Multumesc pentru intelegere.<br \/>\nToate articolele afi\u0219ate pe site fac parte din oferta noastr\u0103, dar nu \u00eenseamn\u0103 c\u0103 sunt disponibile \u00een orice moment.<\/p>\n<p class=\"prizmaBlue\"><strong>\u00a0<\/strong><\/p>\n<p>&nbsp;<\/p>\n<h2 class=\"std\"><\/h2>","protected":false},"featured_media":2298,"template":"","meta":[],"product_brand":[],"product_cat":[102],"product_tag":[365],"class_list":{"0":"post-2290","1":"product","2":"type-product","3":"status-publish","4":"has-post-thumbnail","6":"product_cat-medicinski-aparati","7":"product_tag-aparati-za-merenje-krvnog-pritiska","8":"pa_brend-prizma","10":"first","11":"instock","12":"shipping-taxable","13":"purchasable","14":"product-type-simple"},"ams_default_variation_id":0,"ams_product_points_reward":[],"ams_product_discount_percentage":0,"ams_price_to_display":8200,"ams_acf":[],"jetpack_sharing_enabled":true,"_links":{"self":[{"href":"https:\/\/apotekar-online.rs\/ro\/wp-json\/wp\/v2\/product\/2290","targetHints":{"allow":["GET"]}}],"collection":[{"href":"https:\/\/apotekar-online.rs\/ro\/wp-json\/wp\/v2\/product"}],"about":[{"href":"https:\/\/apotekar-online.rs\/ro\/wp-json\/wp\/v2\/types\/product"}],"wp:featuredmedia":[{"embeddable":true,"href":"https:\/\/apotekar-online.rs\/ro\/wp-json\/wp\/v2\/media\/2298"}],"wp:attachment":[{"href":"https:\/\/apotekar-online.rs\/ro\/wp-json\/wp\/v2\/media?parent=2290"}],"wp:term":[{"taxonomy":"product_brand","embeddable":true,"href":"https:\/\/apotekar-online.rs\/ro\/wp-json\/wp\/v2\/product_brand?post=2290"},{"taxonomy":"product_cat","embeddable":true,"href":"https:\/\/apotekar-online.rs\/ro\/wp-json\/wp\/v2\/product_cat?post=2290"},{"taxonomy":"product_tag","embeddable":true,"href":"https:\/\/apotekar-online.rs\/ro\/wp-json\/wp\/v2\/product_tag?post=2290"}],"curies":[{"name":"wp","href":"https:\/\/api.w.org\/{rel}","templated":true}]}}