{"id":2320,"date":"2023-04-04T13:34:50","date_gmt":"2023-04-04T13:34:50","guid":{"rendered":"https:\/\/apotekar-online.rs\/?post_type=product&#038;p=2320"},"modified":"2026-03-05T08:21:15","modified_gmt":"2026-03-05T10:21:15","slug":"hipp-2-organic-prelazno-mleko-za-odojcad-800g","status":"publish","type":"product","link":"https:\/\/apotekar-online.rs\/ro\/p\/hipp-2-organic-prelazno-mleko-za-odojcad-800g\/","title":{"rendered":"HiPP 2 Organic, prelazno mleko za odoj\u010dad 800g"},"content":{"rendered":"","protected":false},"excerpt":{"rendered":"<div class=\"col-xs-12 col-sm-12\">\n<div class=\"description\">\n<ul>\n<li>idealan za prehranu beba na me\u0161ovitoj ishrani<\/li>\n<li>prirodne omega 3 masne kiseline iz organske proizvodnje<\/li>\n<li>f\u0103r\u0103 gluten<\/li>\n<li>prirodni kalcijum<\/li>\n<li>Va\u017eni hranjivi sastojci za rast i razvoj<\/li>\n<li>Visoko kvalitetan protein iz organski proizvedenog mleka<\/li>\n<li>lako svarljivo i prilago\u0111eno uzrastu<\/li>\n<li>oboga\u0107en gvo\u017edjem<\/li>\n<\/ul>\n<\/div>\n<\/div>\n<div class=\"col-xs-12 col-sm-6\">\n<div class=\"single-product-table\">\n<table class=\"table table-attributes\">\n<tbody>\n<tr>\n<th>Con\u021bine<\/th>\n<td>800 g<\/td>\n<\/tr>\n<\/tbody>\n<\/table>\n<p><strong>Not\u0103:<\/strong>\u00a0Ne str\u0103duim s\u0103 fim c\u00e2t mai precisi \u00een descrierea tuturor produselor, dar nu putem garanta c\u0103 toate descrierile sunt complete \u0219i f\u0103r\u0103 erori. Multumesc pentru intelegere.<br \/>\nToate articolele afi\u0219ate pe site fac parte din oferta noastr\u0103, dar nu \u00eenseamn\u0103 c\u0103 sunt disponibile \u00een orice moment.<\/p>\n<\/div>\n<\/div>","protected":false},"featured_media":2322,"template":"","meta":[],"product_brand":[],"product_cat":[340,369],"product_tag":[],"class_list":{"0":"post-2320","1":"product","2":"type-product","3":"status-publish","4":"has-post-thumbnail","6":"product_cat-deciji-program","7":"product_cat-decija-hrana","8":"pa_brend-hipp","10":"first","11":"instock","12":"shipping-taxable","13":"purchasable","14":"product-type-simple"},"ams_default_variation_id":0,"ams_product_points_reward":[],"ams_product_discount_percentage":0,"ams_price_to_display":2070,"ams_acf":[],"jetpack_sharing_enabled":true,"_links":{"self":[{"href":"https:\/\/apotekar-online.rs\/ro\/wp-json\/wp\/v2\/product\/2320","targetHints":{"allow":["GET"]}}],"collection":[{"href":"https:\/\/apotekar-online.rs\/ro\/wp-json\/wp\/v2\/product"}],"about":[{"href":"https:\/\/apotekar-online.rs\/ro\/wp-json\/wp\/v2\/types\/product"}],"wp:featuredmedia":[{"embeddable":true,"href":"https:\/\/apotekar-online.rs\/ro\/wp-json\/wp\/v2\/media\/2322"}],"wp:attachment":[{"href":"https:\/\/apotekar-online.rs\/ro\/wp-json\/wp\/v2\/media?parent=2320"}],"wp:term":[{"taxonomy":"product_brand","embeddable":true,"href":"https:\/\/apotekar-online.rs\/ro\/wp-json\/wp\/v2\/product_brand?post=2320"},{"taxonomy":"product_cat","embeddable":true,"href":"https:\/\/apotekar-online.rs\/ro\/wp-json\/wp\/v2\/product_cat?post=2320"},{"taxonomy":"product_tag","embeddable":true,"href":"https:\/\/apotekar-online.rs\/ro\/wp-json\/wp\/v2\/product_tag?post=2320"}],"curies":[{"name":"wp","href":"https:\/\/api.w.org\/{rel}","templated":true}]}}