{"id":2334,"date":"2023-04-04T14:20:29","date_gmt":"2023-04-04T16:20:29","guid":{"rendered":"https:\/\/apotekar-online.rs\/?post_type=product&#038;p=2334"},"modified":"2026-03-05T08:21:14","modified_gmt":"2026-03-05T10:21:14","slug":"omron-nami-inhalator-pisica-cu-dus-nazal","status":"publish","type":"product","link":"https:\/\/apotekar-online.rs\/ro\/p\/omron-nami-cat-inhalator-sa-nazalnim-tusem\/","title":{"rendered":"Inhalator OMRON Nami Cat cu dus nazal"},"content":{"rendered":"","protected":false},"excerpt":{"rendered":"<h2 class=\"h1\">OMRON Nami Cat inhaler cu du\u0219 nazal \u2013 Inhalator compresor \u0219i du\u0219 nazal.<\/h2>\n<p><strong>Dispozitivele medicale pot fi eliberate \u00een locurile care sunt determinate de avizul ministerului responsabil cu problemele de s\u0103n\u0103tate privind v\u00e2nz\u0103rile cu ridicata \u0219i cu am\u0103nuntul a dispozitivelor medicale, \u00een baza reglement\u0103rilor din domeniul dispozitivelor medicale \u0219i al \u00eengrijirii s\u0103n\u0103t\u0103\u021bii (\u00een farmacii \u0219i magazine specializate).<\/strong><\/p>\n<p>Inhalator OMRON Nami Cat cu dus nazal - il puteti rezerva la farmacia Kalitea la numarul de telefon 023\/815-105 sau pe email la kalitea.online@gmail.com<\/p>\n<p>Nami este o pisic\u0103 de cas\u0103 prietenoas\u0103, cu puteri foarte speciale.<\/p>\n<ul>\n<li>Nami sprijin\u0103 copiii atunci c\u00e2nd sunt bolnavi.<\/li>\n<li>Este un adev\u0103rat prieten de familie, dar cu atitudine.<\/li>\n<\/ul>\n<p>Designul acestui inhalator ajut\u0103 at\u00e2t copiii, c\u00e2t \u0219i p\u0103rin\u021bii s\u0103 se obi\u0219nuiasc\u0103 cu inhalatorul \u0219i cu utilizarea acestuia - \u00een timp ce compresorul s\u0103u puternic permite un tratament eficient de inhalare.<\/p>\n<p><strong>Inhalator\u00a0<\/strong>ofer\u0103 terapii eficiente prin inhalare datorit\u0103 dimensiunii optime a particulelor de aerosoli pe care le produce. Medicamentul ajunge \u00een cele mai mici p\u0103r\u021bi ale tractului respirator, prin urmare inhalatorul Nami Cat (nebulizator) este o alegere bun\u0103 \u00een tratamentul astmului, bron\u0219itei, alergiilor \u0219i altor tulbur\u0103ri respiratorii. Inhalatorul poate fi folosit de adul\u021bi, copii \u0219i bebelu\u0219i.<br \/>\n<strong>Du\u0219 nazal<\/strong>\u00a0cur\u0103\u021b\u0103 eficient cavitatea nazal\u0103, ajut\u0103 la ameliorarea simptomelor r\u0103celii, rinitei alergice \u0219i sinuzitei. Dusul nazal poate fi folosit de adulti si copii care stiu sa-si sufle nasul.<\/p>\n<ul>\n<li>Inhalatorul are o masc\u0103 mic\u0103, mare \u0219i o pies\u0103 bucal\u0103 (piesa bucal\u0103).<\/li>\n<li>Volumul recipientului pentru medicamente: 2-12 ml.<\/li>\n<li>U\u0219or de transportat \u2013 Dimensiuni mici ale inhalatorului.<\/li>\n<li>Viteza de inhalare: 0,35 ml\/min.<\/li>\n<\/ul>\n<p><strong><br \/>\nCon\u021binut kit:<br \/>\n<\/strong>Carcasa inhalatorului Nami Cat, furtun de aer din PVC (lungime 100 cm), trusa de inhalare (recipient pentru medicamente), masca mica, masca mare, piesa bucala (piesa bucala), dusul nazal si manualul de utilizare.<\/p>\n<p><strong>Not\u0103:<\/strong>\u00a0Ne str\u0103duim s\u0103 fim c\u00e2t mai precisi \u00een descrierea tuturor produselor, dar nu putem garanta c\u0103 toate descrierile sunt complete \u0219i f\u0103r\u0103 erori. Multumesc pentru intelegere.<br \/>\nToate articolele afi\u0219ate pe site fac parte din oferta noastr\u0103, dar nu \u00eenseamn\u0103 c\u0103 sunt disponibile \u00een orice moment.<\/p>","protected":false},"featured_media":2337,"template":"","meta":[],"product_brand":[],"product_cat":[102,340],"product_tag":[180,366],"class_list":{"0":"post-2334","1":"product","2":"type-product","3":"status-publish","4":"has-post-thumbnail","6":"product_cat-medicinski-aparati","7":"product_cat-deciji-program","8":"product_tag-deca","9":"product_tag-kompresorski-inhalator","10":"pa_brend-prizma","12":"first","13":"instock","14":"shipping-taxable","15":"purchasable","16":"product-type-simple"},"ams_default_variation_id":0,"ams_product_points_reward":[],"ams_product_discount_percentage":0,"ams_price_to_display":10000,"ams_acf":[],"jetpack_sharing_enabled":true,"_links":{"self":[{"href":"https:\/\/apotekar-online.rs\/ro\/wp-json\/wp\/v2\/product\/2334","targetHints":{"allow":["GET"]}}],"collection":[{"href":"https:\/\/apotekar-online.rs\/ro\/wp-json\/wp\/v2\/product"}],"about":[{"href":"https:\/\/apotekar-online.rs\/ro\/wp-json\/wp\/v2\/types\/product"}],"wp:featuredmedia":[{"embeddable":true,"href":"https:\/\/apotekar-online.rs\/ro\/wp-json\/wp\/v2\/media\/2337"}],"wp:attachment":[{"href":"https:\/\/apotekar-online.rs\/ro\/wp-json\/wp\/v2\/media?parent=2334"}],"wp:term":[{"taxonomy":"product_brand","embeddable":true,"href":"https:\/\/apotekar-online.rs\/ro\/wp-json\/wp\/v2\/product_brand?post=2334"},{"taxonomy":"product_cat","embeddable":true,"href":"https:\/\/apotekar-online.rs\/ro\/wp-json\/wp\/v2\/product_cat?post=2334"},{"taxonomy":"product_tag","embeddable":true,"href":"https:\/\/apotekar-online.rs\/ro\/wp-json\/wp\/v2\/product_tag?post=2334"}],"curies":[{"name":"wp","href":"https:\/\/api.w.org\/{rel}","templated":true}]}}