{"id":2383,"date":"2023-04-06T10:46:06","date_gmt":"2023-04-06T10:46:06","guid":{"rendered":"https:\/\/apotekar-online.rs\/?post_type=product&#038;p=2383"},"modified":"2026-03-05T08:21:13","modified_gmt":"2026-03-05T10:21:13","slug":"alfa-lipoinska-kiselina-300","status":"publish","type":"product","link":"https:\/\/apotekar-online.rs\/ro\/p\/alfa-lipoinska-kiselina-300\/","title":{"rendered":"Acid alfa-lipoic 300"},"content":{"rendered":"","protected":false},"excerpt":{"rendered":"<h3>Rok Maj 2023.<\/h3>\n<div><\/div>\n<div class=\"trajanje\">1 bo\u010dica 60 kapsula<br \/>\nTrajanje:\u00a0<strong>2 meseca (60 dana)<\/strong><br \/>\nDoar 1 capsula pe zi<\/div>\n<p>Posebna formulacija koja obezbedjuje 300mg alfa lipoinske kiseline u jednoj kapsuli.<\/p>\n<p><strong>BiVits Alfa lipoinska kiselina 300\u00a0<\/strong>doprinosi:<\/p>\n<ul>\n<li>Antioksidativnoj za\u0161titi organizma<\/li>\n<li>\u00a0Regeneraciji drugih antioksidanasa poput vitamina C i E<\/li>\n<li>Doprinosi normalnom metabolizmu glukoze<\/li>\n<li>Proizvodnji energije<\/li>\n<li>Pravilnom starenju i sazrevanju \u0107elija<\/li>\n<li>Zdravlju nervnog sistema i kognitivnoj funkciji<\/li>\n<li>Zdravlju srca i krvnih sudova<\/li>\n<li>Za\u0161titi i regeneracija \u0107elija jetre<\/li>\n<\/ul>\n<p><strong>Not\u0103:<\/strong>\u00a0Ne str\u0103duim s\u0103 fim c\u00e2t mai precisi \u00een descrierea tuturor produselor, dar nu putem garanta c\u0103 toate descrierile sunt complete \u0219i f\u0103r\u0103 erori. Multumesc pentru intelegere.<br \/>\nToate articolele afi\u0219ate pe site fac parte din oferta noastr\u0103, dar nu \u00eenseamn\u0103 c\u0103 sunt disponibile \u00een orice moment.<\/p>","protected":false},"featured_media":2384,"template":"","meta":[],"product_brand":[],"product_cat":[87,77],"product_tag":[370],"class_list":{"0":"post-2383","1":"product","2":"type-product","3":"status-publish","4":"has-post-thumbnail","6":"product_cat-dijabetes-i-insulinska-rezistencija","7":"product_cat-imunitet","8":"product_tag-popust-kratak-rok-do-isteka-zaliha","10":"first","11":"instock","12":"shipping-taxable","13":"purchasable","14":"product-type-simple"},"ams_default_variation_id":0,"ams_product_points_reward":[],"ams_product_discount_percentage":0,"ams_price_to_display":1656,"ams_acf":[],"jetpack_sharing_enabled":true,"_links":{"self":[{"href":"https:\/\/apotekar-online.rs\/ro\/wp-json\/wp\/v2\/product\/2383","targetHints":{"allow":["GET"]}}],"collection":[{"href":"https:\/\/apotekar-online.rs\/ro\/wp-json\/wp\/v2\/product"}],"about":[{"href":"https:\/\/apotekar-online.rs\/ro\/wp-json\/wp\/v2\/types\/product"}],"wp:featuredmedia":[{"embeddable":true,"href":"https:\/\/apotekar-online.rs\/ro\/wp-json\/wp\/v2\/media\/2384"}],"wp:attachment":[{"href":"https:\/\/apotekar-online.rs\/ro\/wp-json\/wp\/v2\/media?parent=2383"}],"wp:term":[{"taxonomy":"product_brand","embeddable":true,"href":"https:\/\/apotekar-online.rs\/ro\/wp-json\/wp\/v2\/product_brand?post=2383"},{"taxonomy":"product_cat","embeddable":true,"href":"https:\/\/apotekar-online.rs\/ro\/wp-json\/wp\/v2\/product_cat?post=2383"},{"taxonomy":"product_tag","embeddable":true,"href":"https:\/\/apotekar-online.rs\/ro\/wp-json\/wp\/v2\/product_tag?post=2383"}],"curies":[{"name":"wp","href":"https:\/\/api.w.org\/{rel}","templated":true}]}}