{"id":2478,"date":"2023-04-07T18:25:14","date_gmt":"2023-04-07T20:25:14","guid":{"rendered":"https:\/\/apotekar-online.rs\/?post_type=product&#038;p=2478"},"modified":"2026-03-05T08:21:13","modified_gmt":"2026-03-05T10:21:13","slug":"intesta-60-capsule-2","status":"publish","type":"product","link":"https:\/\/apotekar-online.rs\/ro\/p\/intesta-60-kapsula-2\/","title":{"rendered":"Intesta 60 capsule"},"content":{"rendered":"<p>&nbsp;<\/p>\n<p>&nbsp;<\/p>","protected":false},"excerpt":{"rendered":"<p>Intesta este un produs alimentar care este utilizat pentru nevoi nutri\u021bionale la pacien\u021bii afla\u021bi \u00een terapie medicamentoas\u0103 standard sau ca tratament independent \u00een urm\u0103toarele cazuri:<\/p>\n<p>- Sindromul colonului iritabil (sindromul colonului iritabil)<br \/>\n- Boli inflamatorii ale mucoasei intestinale (inclusiv boli inflamatorii intestinale, diaree de diverse etiologii)<br \/>\n- Perturbarea florei intestinale<br \/>\n- Infec\u021bii intestinale \u0219i diaree (inclusiv diaree datorat\u0103 utiliz\u0103rii antibioticelor)<br \/>\n- Deficit de acizi gra\u0219i cu lan\u021b scurt<br \/>\n- Inflama\u021bie intestinal\u0103 \u00een stare canceroas\u0103 dup\u0103 radioterapie \u0219i chimioterapie<\/p>\n<p>Bolile inflamatorii intestinale sunt inflama\u021bii cronice idiopatice ale intestinelor. Grupul bolilor inflamatorii intestinale include: boala Crohn, colita ulceroas\u0103 \u0219i colita nedeterminat\u0103.<\/p>\n<p>Mecanism de actiune: Una dintre functiile principale ale bacteriilor colonice este fermentarea resturilor indigeste de fibre si carbohidrati, precum amidonul, pectinele, celuloza. Fermentarea conduce la formarea acizilor gra\u0219i cu caten\u0103 scurt\u0103 (SFCA), dintre care cei mai abunden\u021bi sunt acetatul, propionatul \u0219i butiratul.<\/p>\n<p><strong>Dozaj \u0219i mod de utilizare:<br \/>\n<\/strong><\/p>\n<p><em><strong>Adulti:<\/strong>\u00a01 capsula de doua ori pe zi, dimineata si seara la masa sau la recomandarea medicului. Se recomand\u0103 utilizarea produsului timp de cel pu\u021bin 3 luni.<\/em><\/p>\n<p><em><strong>Copii peste 7 ani:<\/strong>\u00a01 capsula pe zi, de preferat seara la masa.Se recomanda utilizarea produsului minim 6 saptamani. \u00cen func\u021bie de cerin\u021bele individuale, medicul poate recomanda o doz\u0103 diferit\u0103 a produsului.<\/em><\/p>\n<p>O capsul\u0103 din produs\u00a0<span class=\"intesta-boja\">Intestin<\/span>\u00a0con\u021bine 500 mg butirat de sodiu microgranulat \u0219i trigliceride vegetale, ceea ce este echivalent cu 150 mg butirat de sodiu. Compozi\u021bia microgranular\u0103 permite eliberarea controlat\u0103 a butiratului de sodiu.<\/p>\n<p>Produsul nu este potrivit pentru utilizare ca unica sursa de hrana, produsul trebuie utilizat sub supraveghere medicala, este destinat adultilor si copiilor peste 7 ani. A nu se lua daca exista hipersensibilitate\/alergie la vreo componenta a produsului, a nu se utiliza in timpul sarcinii si alaptarii, produsul nu trebuie utilizat daca nu exista o afectiune medicala pentru care este destinat.<\/p>\n<p>&nbsp;<\/p>\n<p><strong>Not\u0103:<\/strong>\u00a0Ne str\u0103duim s\u0103 fim c\u00e2t mai precisi \u00een descrierea tuturor produselor, dar nu putem garanta c\u0103 toate descrierile sunt complete \u0219i f\u0103r\u0103 erori. Multumesc pentru intelegere.<br \/>\nToate articolele afi\u0219ate pe site fac parte din oferta noastr\u0103, dar nu \u00eenseamn\u0103 c\u0103 sunt disponibile \u00een orice moment.<\/p>","protected":false},"featured_media":2479,"template":"","meta":[],"product_brand":[],"product_cat":[105,152],"product_tag":[377,376,264],"class_list":{"0":"post-2478","1":"product","2":"type-product","3":"status-publish","4":"has-post-thumbnail","6":"product_cat-dijareja-i-rehidratacija","7":"product_cat-preparati-za-praznjenje-creva","8":"product_tag-crevna-flora","9":"product_tag-gastrointestinalni-poremecaji","10":"product_tag-nadutost","11":"pa_brend-hemofarm","13":"first","14":"instock","15":"shipping-taxable","16":"purchasable","17":"product-type-simple"},"ams_default_variation_id":0,"ams_product_points_reward":[],"ams_product_discount_percentage":0,"ams_price_to_display":1440,"ams_acf":[],"jetpack_sharing_enabled":true,"_links":{"self":[{"href":"https:\/\/apotekar-online.rs\/ro\/wp-json\/wp\/v2\/product\/2478","targetHints":{"allow":["GET"]}}],"collection":[{"href":"https:\/\/apotekar-online.rs\/ro\/wp-json\/wp\/v2\/product"}],"about":[{"href":"https:\/\/apotekar-online.rs\/ro\/wp-json\/wp\/v2\/types\/product"}],"wp:featuredmedia":[{"embeddable":true,"href":"https:\/\/apotekar-online.rs\/ro\/wp-json\/wp\/v2\/media\/2479"}],"wp:attachment":[{"href":"https:\/\/apotekar-online.rs\/ro\/wp-json\/wp\/v2\/media?parent=2478"}],"wp:term":[{"taxonomy":"product_brand","embeddable":true,"href":"https:\/\/apotekar-online.rs\/ro\/wp-json\/wp\/v2\/product_brand?post=2478"},{"taxonomy":"product_cat","embeddable":true,"href":"https:\/\/apotekar-online.rs\/ro\/wp-json\/wp\/v2\/product_cat?post=2478"},{"taxonomy":"product_tag","embeddable":true,"href":"https:\/\/apotekar-online.rs\/ro\/wp-json\/wp\/v2\/product_tag?post=2478"}],"curies":[{"name":"wp","href":"https:\/\/api.w.org\/{rel}","templated":true}]}}