{"id":2480,"date":"2023-04-07T18:31:57","date_gmt":"2023-04-07T20:31:57","guid":{"rendered":"https:\/\/apotekar-online.rs\/?post_type=product&#038;p=2480"},"modified":"2026-03-31T00:00:08","modified_gmt":"2026-03-31T02:00:08","slug":"biostatine-forte-30-comprimate","status":"publish","type":"product","link":"https:\/\/apotekar-online.rs\/ro\/p\/biostatine-forte-30-tableta\/","title":{"rendered":"Biostatine Forte 30 comprimate"},"content":{"rendered":"","protected":false},"excerpt":{"rendered":"<p>\u00cembun\u0103t\u0103\u021be\u0219te starea lipidelor, protejeaz\u0103 inima \u0219i vasele de s\u00e2nge.<br \/>\nBiostatine forte este un supliment alimentar cu orez ro\u0219u fermentat, extract de frunze de anghinare \u0219i bioflavonoide din citrice, pentru men\u021binerea nivelului normal al lipidelor din s\u00e2nge.<br \/>\nExtractele din plante sunt de \u00eenalt\u0103 calitate, purificate \u0219i standardizate pentru substan\u021be active. Cu efectul lor comun, ele scad efectiv valorile colesterolului total, LDL \u0219i trigliceridelor.<br \/>\nMonacolina K din orezul rosu este o statina naturala (lovastatina) si contribuie la mentinerea nivelului normal de colesterol in sange. Un efect benefic se ob\u021bine cu un aport zilnic de 10 mg de monacolin\u0103 K.<br \/>\nExtractul de frunze de anghinare reduce absorb\u021bia colesterolului \u0219i sinteza acestuia. Reduce colesterolul total \u0219i LDL, cre\u0219te moderat colesterolul HDL. \u00cembun\u0103t\u0103\u021be\u0219te func\u021bia endoteliului vaselor de s\u00e2nge \u00een hipercolesterolemie.<br \/>\nFlavonoidele citrice au un efect semnificativ asupra p\u0103str\u0103rii elasticit\u0103\u021bii \u0219i func\u021biei vaselor de s\u00e2nge, precum \u0219i asupra opririi procesului de ateroscleroz\u0103 \u0219i a form\u0103rii de trombi \u00een vene.<br \/>\nComprimatele Biostatine forte sunt recomandate ca supliment alimentar pentru persoanele cu colesterol \u0219i trigliceride crescute \u00een s\u00e2nge, precum \u0219i pentru pacien\u021bii care au efecte secundare \u00een urma terapiei cu statine chimice.<\/p>\n<p><strong>Compozitie:<br \/>\n<\/strong>Formul\u0103ri originale, cu o compozi\u021bie complex\u0103 \u0219i care con\u021bin o combina\u021bie unic\u0103 de extracte de plante purificate, standardizate:<br \/>\n- orez rosu fermentat (Oriza sativa, Monascus purpureus de)<br \/>\n\u2013 Frunza de anghinare (Cynara scolymusd.e)<br \/>\n\u2013 Citroflavonoide (hesperidin 60%).<strong><br \/>\n<\/strong><\/p>\n<p><strong>Dozaj \u0219i mod de utilizare:<br \/>\n<\/strong>1 tablet\u0103 pe zi, \u00eenainte de pr\u00e2nz sau cin\u0103, cu mult\u0103 ap\u0103.<\/p>\n<p><strong>Not\u0103:<\/strong>\u00a0Ne str\u0103duim s\u0103 fim c\u00e2t mai precisi \u00een descrierea tuturor produselor, dar nu putem garanta c\u0103 toate descrierile sunt complete \u0219i f\u0103r\u0103 erori. Multumesc pentru intelegere.<br \/>\nToate articolele afi\u0219ate pe site fac parte din oferta noastr\u0103, dar nu \u00eenseamn\u0103 c\u0103 sunt disponibile \u00een orice moment.<\/p>","protected":false},"featured_media":2481,"template":"","meta":[],"product_brand":[],"product_cat":[79],"product_tag":[339,259,1907],"class_list":{"0":"post-2480","1":"product","2":"type-product","3":"status-publish","4":"has-post-thumbnail","6":"product_cat-srce-krvni-sudovi-i-holesterol","7":"product_tag-holesterol","8":"product_tag-krvni-sudovi","9":"product_tag-trigliceridi","10":"pa_brend-pharmalife","12":"first","13":"instock","14":"shipping-taxable","15":"purchasable","16":"product-type-simple"},"ams_default_variation_id":0,"ams_product_points_reward":[],"ams_product_discount_percentage":0,"ams_price_to_display":1269.6,"ams_acf":[],"jetpack_sharing_enabled":true,"_links":{"self":[{"href":"https:\/\/apotekar-online.rs\/ro\/wp-json\/wp\/v2\/product\/2480","targetHints":{"allow":["GET"]}}],"collection":[{"href":"https:\/\/apotekar-online.rs\/ro\/wp-json\/wp\/v2\/product"}],"about":[{"href":"https:\/\/apotekar-online.rs\/ro\/wp-json\/wp\/v2\/types\/product"}],"wp:featuredmedia":[{"embeddable":true,"href":"https:\/\/apotekar-online.rs\/ro\/wp-json\/wp\/v2\/media\/2481"}],"wp:attachment":[{"href":"https:\/\/apotekar-online.rs\/ro\/wp-json\/wp\/v2\/media?parent=2480"}],"wp:term":[{"taxonomy":"product_brand","embeddable":true,"href":"https:\/\/apotekar-online.rs\/ro\/wp-json\/wp\/v2\/product_brand?post=2480"},{"taxonomy":"product_cat","embeddable":true,"href":"https:\/\/apotekar-online.rs\/ro\/wp-json\/wp\/v2\/product_cat?post=2480"},{"taxonomy":"product_tag","embeddable":true,"href":"https:\/\/apotekar-online.rs\/ro\/wp-json\/wp\/v2\/product_tag?post=2480"}],"curies":[{"name":"wp","href":"https:\/\/api.w.org\/{rel}","templated":true}]}}