{"id":2487,"date":"2023-04-07T19:21:25","date_gmt":"2023-04-07T21:21:25","guid":{"rendered":"https:\/\/apotekar-online.rs\/?post_type=product&#038;p=2487"},"modified":"2026-03-05T08:21:13","modified_gmt":"2026-03-05T10:21:13","slug":"femibion-2-duopak","status":"publish","type":"product","link":"https:\/\/apotekar-online.rs\/ro\/p\/femibion-2-duopak\/","title":{"rendered":"Femibion 2 duopack"},"content":{"rendered":"","protected":false},"excerpt":{"rendered":"<p>Pentru femeile \u00eens\u0103rcinate \u00eencep\u00e2nd cu luna a 4-a de sarcin\u0103 \u0219i mamele care al\u0103pteaz\u0103.<br \/>\nFemibion 2 asigur\u0103 un aport optim de acid folic, acizi gra\u0219i omega-3 (DHA), vitamine \u0219i iod, necesar pentru desf\u0103\u0219urarea corect\u0103 a sarcinii, precum \u0219i pentru cre\u0219terea \u0219i dezvoltarea f\u0103tului \u0219i a bebelu\u0219ului.<\/p>\n<p>Contine:<br \/>\n\u2022 Acid folic<br \/>\n\u2022 Metafolin\u00ae (L-metilfolat), o form\u0103 activ\u0103 de folat, pe care organismul o poate folosi imediat<br \/>\n\u2022 Vitamina B12 este necesar\u0103 pentru ac\u021biunea optim\u0103 a folatului<br \/>\n\u2022 Vitaminele B1, B2, B6, C \u0219i E precum \u0219i iod care men\u021bin un curs s\u0103n\u0103tos al sarcinii \u0219i o dezvoltare adecvat\u0103 a f\u0103tului.<br \/>\n\u2022 DHA, forma activ\u0103 a acizilor gra\u0219i omega-3, important\u0103 pentru dezvoltarea corect\u0103 a creierului, vederii, abilit\u0103\u021bilor motorii \u0219i intelectuale ale f\u0103tului \u0219i bebelu\u0219ului.<\/p>\n<p><strong>Dozaj \u0219i mod de utilizare\u00a0<\/strong><\/p>\n<p>Lua\u021bi 1 comprimat \u0219i 1 capsul\u0103 pe zi cu ap\u0103. Se recomanda utilizarea din luna a 4-a de sarcina pana la sfarsitul perioadei de alaptare.<\/p>\n<p><strong>Not\u0103:<\/strong>\u00a0Ne str\u0103duim s\u0103 fim c\u00e2t mai precisi \u00een descrierea tuturor produselor, dar nu putem garanta c\u0103 toate descrierile sunt complete \u0219i f\u0103r\u0103 erori. Multumesc pentru intelegere.<br \/>\nToate articolele afi\u0219ate pe site fac parte din oferta noastr\u0103, dar nu \u00eenseamn\u0103 c\u0103 sunt disponibile \u00een orice moment.<\/p>","protected":false},"featured_media":2488,"template":"","meta":[],"product_brand":[],"product_cat":[340,89,78,85],"product_tag":[],"class_list":{"0":"post-2487","1":"product","2":"type-product","3":"status-publish","4":"has-post-thumbnail","6":"product_cat-deciji-program","7":"product_cat-trudnoca-i-dojenje","8":"product_cat-vitamini-i-minerali","9":"product_cat-zdravlje-zena","11":"first","12":"instock","13":"shipping-taxable","14":"purchasable","15":"product-type-simple"},"ams_default_variation_id":0,"ams_product_points_reward":[],"ams_product_discount_percentage":0,"ams_price_to_display":3960.11,"ams_acf":[],"jetpack_sharing_enabled":true,"_links":{"self":[{"href":"https:\/\/apotekar-online.rs\/ro\/wp-json\/wp\/v2\/product\/2487","targetHints":{"allow":["GET"]}}],"collection":[{"href":"https:\/\/apotekar-online.rs\/ro\/wp-json\/wp\/v2\/product"}],"about":[{"href":"https:\/\/apotekar-online.rs\/ro\/wp-json\/wp\/v2\/types\/product"}],"wp:featuredmedia":[{"embeddable":true,"href":"https:\/\/apotekar-online.rs\/ro\/wp-json\/wp\/v2\/media\/2488"}],"wp:attachment":[{"href":"https:\/\/apotekar-online.rs\/ro\/wp-json\/wp\/v2\/media?parent=2487"}],"wp:term":[{"taxonomy":"product_brand","embeddable":true,"href":"https:\/\/apotekar-online.rs\/ro\/wp-json\/wp\/v2\/product_brand?post=2487"},{"taxonomy":"product_cat","embeddable":true,"href":"https:\/\/apotekar-online.rs\/ro\/wp-json\/wp\/v2\/product_cat?post=2487"},{"taxonomy":"product_tag","embeddable":true,"href":"https:\/\/apotekar-online.rs\/ro\/wp-json\/wp\/v2\/product_tag?post=2487"}],"curies":[{"name":"wp","href":"https:\/\/api.w.org\/{rel}","templated":true}]}}