{"id":2509,"date":"2023-04-07T20:16:05","date_gmt":"2023-04-07T22:16:05","guid":{"rendered":"https:\/\/apotekar-online.rs\/?post_type=product&#038;p=2509"},"modified":"2026-03-05T08:21:12","modified_gmt":"2026-03-05T10:21:12","slug":"mamavit-plus-cps-a30","status":"publish","type":"product","link":"https:\/\/apotekar-online.rs\/ro\/p\/mamavit-plus-cps-a30\/","title":{"rendered":"Mamavit plus cps A30"},"content":{"rendered":"","protected":false},"excerpt":{"rendered":"<p><strong>MamaVit<\/strong>\u00a0<strong>plus<\/strong>\u00a0je biokompleks, sadr\u017ei vitamine i minerale neophodne \u017eenama koje planiraju trudno\u0107u, trudnicama i dojiljama.<\/p>\n<p>&nbsp;<\/p>\n<p><strong>MamaVit<\/strong><strong>\u00a0plus<\/strong>\u00a0je formulisan tako da zadovolji pove\u0107ane potrebe za vitaminima, mineralima i oligoelementima kod \u017eena, pre, tokom i posle trudno\u0107e.<br \/>\nU pomenutim periodima znatno su pove\u0107ane potrebe organizma \u017eena i deteta koje se razvija. Dodatni unos hranljivih materija se ne posti\u017ee jednostavnim pove\u0107anjem unosa hrane. Uz zdravu ishranu, preporu\u010duje se dodatno uzimanje vitamina i minerala.<\/p>\n<p><strong>MamaVit<\/strong>\u00a0tablete sadr\u017ee: beta-karoten, vitamine A,B,C,D, vitamine B kompleksa, folnu kiselinu, kao i minerale i oligoelemente (kalcijum, magnezijum, molibden, gvo\u017e\u0111e, hrom, jod, mangan, bakar, cink i selen).<\/p>\n<p>Osim toga, vitamini A,B,C,D, kao i cink, selen i mangan su antioksidansi i \u0161tite \u0107elije ljudskog organizma od \u0161tetenog dejstva slobodnih radikala, koji su posledica aerozaga\u0111enja, ultraljubi\u010dastog zra\u010denja, pu\u0161enja, konzumiranja alkohola i nepravilne ishrane.<\/p>\n<p>Mamavit plus sadr\u017ei omega-3 masne kiseline koje doprinose pravilnom razvoju mozga i vida fetusa i odoj\u010deta.<\/p>\n<p><b>Dozaj \u0219i mod de utilizare:<\/b><\/p>\n<p>koristi se 1 kapsula dnevno, najbolje tokom obroka.<\/p>\n<p>Mamavit plus ne treba da koriste osobe osetljive na bilo koji sastojak kapsula, kao ni osobe sa A i\/ili D hipervitaminozom, hiperkalcemijom, poreme\u0107ajem metabolizma gvo\u017e\u0111a, ozbiljnim o\u0161te\u0107enjem bubre\u017ene funkcije.<\/p>\n<p><strong>Not\u0103:<\/strong>\u00a0Ne str\u0103duim s\u0103 fim c\u00e2t mai precisi \u00een descrierea tuturor produselor, dar nu putem garanta c\u0103 toate descrierile sunt complete \u0219i f\u0103r\u0103 erori. Multumesc pentru intelegere.<br \/>\nToate articolele afi\u0219ate pe site fac parte din oferta noastr\u0103, dar nu \u00eenseamn\u0103 c\u0103 sunt disponibile \u00een orice moment.<\/p>","protected":false},"featured_media":2510,"template":"","meta":[],"product_brand":[],"product_cat":[340,89,85],"product_tag":[],"class_list":{"0":"post-2509","1":"product","2":"type-product","3":"status-publish","4":"has-post-thumbnail","6":"product_cat-deciji-program","7":"product_cat-trudnoca-i-dojenje","8":"product_cat-zdravlje-zena","9":"pa_brend-pharmaswiss","11":"first","12":"instock","13":"shipping-taxable","14":"purchasable","15":"product-type-simple"},"ams_default_variation_id":0,"ams_product_points_reward":[],"ams_product_discount_percentage":0,"ams_price_to_display":1782,"ams_acf":[],"jetpack_sharing_enabled":true,"_links":{"self":[{"href":"https:\/\/apotekar-online.rs\/ro\/wp-json\/wp\/v2\/product\/2509","targetHints":{"allow":["GET"]}}],"collection":[{"href":"https:\/\/apotekar-online.rs\/ro\/wp-json\/wp\/v2\/product"}],"about":[{"href":"https:\/\/apotekar-online.rs\/ro\/wp-json\/wp\/v2\/types\/product"}],"wp:featuredmedia":[{"embeddable":true,"href":"https:\/\/apotekar-online.rs\/ro\/wp-json\/wp\/v2\/media\/2510"}],"wp:attachment":[{"href":"https:\/\/apotekar-online.rs\/ro\/wp-json\/wp\/v2\/media?parent=2509"}],"wp:term":[{"taxonomy":"product_brand","embeddable":true,"href":"https:\/\/apotekar-online.rs\/ro\/wp-json\/wp\/v2\/product_brand?post=2509"},{"taxonomy":"product_cat","embeddable":true,"href":"https:\/\/apotekar-online.rs\/ro\/wp-json\/wp\/v2\/product_cat?post=2509"},{"taxonomy":"product_tag","embeddable":true,"href":"https:\/\/apotekar-online.rs\/ro\/wp-json\/wp\/v2\/product_tag?post=2509"}],"curies":[{"name":"wp","href":"https:\/\/api.w.org\/{rel}","templated":true}]}}