{"id":2516,"date":"2023-04-07T20:22:03","date_gmt":"2023-04-07T22:22:03","guid":{"rendered":"https:\/\/apotekar-online.rs\/?post_type=product&#038;p=2516"},"modified":"2026-03-05T08:21:11","modified_gmt":"2026-03-05T10:21:11","slug":"premama-duo-30-capsule-30-tablete-2","status":"publish","type":"product","link":"https:\/\/apotekar-online.rs\/ro\/p\/premama-duo-30-kapsula-30-tableta-2\/","title":{"rendered":"Premama Duo 30 capsule + 30 comprimate"},"content":{"rendered":"","protected":false},"excerpt":{"rendered":"<p>Premama Duo este un produs multivitaminic \u0219i multimineral cu acizi gra\u0219i omega-3. Femeile care inten\u021bioneaz\u0103 s\u0103 r\u0103m\u00e2n\u0103 \u00eens\u0103rcinate, femeile \u00eens\u0103rcinate \u0219i femeile care al\u0103pteaz\u0103 au nevoie de un aport mai mare de vitamine \u0219i minerale. Fiecare dintre ele are un rol important \u00een organismul viitoarelor mame. Aportul de folat contribuie la reducerea riscului de defecte ale tubului neural. Acizii gra\u0219i Omega-3 contribuie la dezvoltarea normal\u0103 a creierului \u0219i a ochilor fetu\u0219ilor \u0219i sugarilor. Vitamina D \u0219i calciul contribuie la s\u0103n\u0103tatea oaselor \u0219i a din\u021bilor. Fierul joac\u0103 un rol \u00een formarea globulelor ro\u0219ii \u0219i a hemoglobinei. Vitamina C contribuie la producerea normal\u0103 de colagen \u0219i la func\u021bionarea normal\u0103 a pielii. Zincul \u0219i seleniul contribuie la men\u021binerea p\u0103rului \u0219i a unghiilor s\u0103n\u0103toase.<\/p>\n<h5><strong>Dozaj \u0219i mod de utilizare:<\/strong><\/h5>\n<p>Femeile care inten\u021bioneaz\u0103 s\u0103 r\u0103m\u00e2n\u0103 \u00eens\u0103rcinate, femeile \u00eens\u0103rcinate \u0219i femeile care al\u0103pteaz\u0103 trebuie s\u0103 ia un comprimat \u0219i o capsul\u0103 pe zi, cu pu\u021bin lichid, dup\u0103 mas\u0103. Nu dep\u0103\u0219i\u021bi cantitatea sau doza zilnic\u0103 recomandat\u0103.<\/p>\n<h5><strong>Compozi\u0163ie<\/strong><\/h5>\n<p>Tablete: vitamina E, vitamina C, acid pantotenic, vitamina B1, vitamina B2, vitamina B6, acid folic, biotin\u0103, vitamina D, vitamina B12, calciu, magneziu, fier, zinc, mangan, cupru, crom, iod, seleniu, molibden.<\/p>\n<p>Capsule: ulei de pe\u0219te Omega-3 (DHA, EPA).<\/p>\n<p><strong>Not\u0103:<\/strong>\u00a0Ne str\u0103duim s\u0103 fim c\u00e2t mai precisi \u00een descrierea tuturor produselor, dar nu putem garanta c\u0103 toate descrierile sunt complete \u0219i f\u0103r\u0103 erori. Multumesc pentru intelegere.<br \/>\nToate articolele afi\u0219ate pe site fac parte din oferta noastr\u0103, dar nu \u00eenseamn\u0103 c\u0103 sunt disponibile \u00een orice moment.<\/p>","protected":false},"featured_media":2519,"template":"","meta":[],"product_brand":[],"product_cat":[340,89],"product_tag":[],"class_list":{"0":"post-2516","1":"product","2":"type-product","3":"status-publish","4":"has-post-thumbnail","6":"product_cat-deciji-program","7":"product_cat-trudnoca-i-dojenje","9":"first","10":"instock","11":"shipping-taxable","12":"purchasable","13":"product-type-simple"},"ams_default_variation_id":0,"ams_product_points_reward":[],"ams_product_discount_percentage":0,"ams_price_to_display":1670,"ams_acf":[],"jetpack_sharing_enabled":true,"_links":{"self":[{"href":"https:\/\/apotekar-online.rs\/ro\/wp-json\/wp\/v2\/product\/2516","targetHints":{"allow":["GET"]}}],"collection":[{"href":"https:\/\/apotekar-online.rs\/ro\/wp-json\/wp\/v2\/product"}],"about":[{"href":"https:\/\/apotekar-online.rs\/ro\/wp-json\/wp\/v2\/types\/product"}],"wp:featuredmedia":[{"embeddable":true,"href":"https:\/\/apotekar-online.rs\/ro\/wp-json\/wp\/v2\/media\/2519"}],"wp:attachment":[{"href":"https:\/\/apotekar-online.rs\/ro\/wp-json\/wp\/v2\/media?parent=2516"}],"wp:term":[{"taxonomy":"product_brand","embeddable":true,"href":"https:\/\/apotekar-online.rs\/ro\/wp-json\/wp\/v2\/product_brand?post=2516"},{"taxonomy":"product_cat","embeddable":true,"href":"https:\/\/apotekar-online.rs\/ro\/wp-json\/wp\/v2\/product_cat?post=2516"},{"taxonomy":"product_tag","embeddable":true,"href":"https:\/\/apotekar-online.rs\/ro\/wp-json\/wp\/v2\/product_tag?post=2516"}],"curies":[{"name":"wp","href":"https:\/\/api.w.org\/{rel}","templated":true}]}}