{"id":2539,"date":"2023-04-07T20:56:37","date_gmt":"2023-04-07T22:56:37","guid":{"rendered":"https:\/\/apotekar-online.rs\/?post_type=product&#038;p=2539"},"modified":"2026-03-05T08:21:11","modified_gmt":"2026-03-05T10:21:11","slug":"nuk-varalica-silik-box-minniemouse-0-6-meseci","status":"publish","type":"product","link":"https:\/\/apotekar-online.rs\/ro\/p\/nuk-varalica-silik-box-minniemouse-0-6-meseci\/","title":{"rendered":"Nuk varalica Silik Box Minnie Mouse 0-6 meseci"},"content":{"rendered":"","protected":false},"excerpt":{"rendered":"<p>Bordul de plastic al tri\u0219orului este conceput pentru a se adapta ideal la forma gurii \u0219i a maxilarului bebelu\u0219ului, pentru a nu deforma oasele maxilarului. Dou\u0103 g\u0103uri laterale de pe marginea de plastic asigur\u0103 alimentarea optim\u0103 a aerului. Piesa bucal\u0103 are un canal integrat pentru circula\u021bia aerului, care previne acumularea lichidului din gur\u0103. Acest lucru permite aerului s\u0103 circule, ceea ce previne ro\u0219ea\u021ba \u0219i irita\u021bia \u00een jurul gurii bebelu\u0219ului.<\/p>\n<p>&nbsp;<\/p>\n<p><strong>Not\u0103:<\/strong>\u00a0Ne str\u0103duim s\u0103 fim c\u00e2t mai precisi \u00een descrierea tuturor produselor, dar nu putem garanta c\u0103 toate descrierile sunt complete \u0219i f\u0103r\u0103 erori. Multumesc pentru intelegere.<br \/>\nToate articolele afi\u0219ate pe site fac parte din oferta noastr\u0103, dar nu \u00eenseamn\u0103 c\u0103 sunt disponibile \u00een orice moment.<\/p>","protected":false},"featured_media":2540,"template":"","meta":[],"product_brand":[],"product_cat":[385,340],"product_tag":[390,386,394],"class_list":{"0":"post-2539","1":"product","2":"type-product","3":"status-publish","4":"has-post-thumbnail","6":"product_cat-bebi-oprema","7":"product_cat-deciji-program","8":"product_tag-bebe","9":"product_tag-oprema","10":"product_tag-varalica","11":"pa_brend-nuk","13":"first","14":"instock","15":"shipping-taxable","16":"purchasable","17":"product-type-simple"},"ams_default_variation_id":0,"ams_product_points_reward":[],"ams_product_discount_percentage":0,"ams_price_to_display":540,"ams_acf":[],"jetpack_sharing_enabled":true,"_links":{"self":[{"href":"https:\/\/apotekar-online.rs\/ro\/wp-json\/wp\/v2\/product\/2539","targetHints":{"allow":["GET"]}}],"collection":[{"href":"https:\/\/apotekar-online.rs\/ro\/wp-json\/wp\/v2\/product"}],"about":[{"href":"https:\/\/apotekar-online.rs\/ro\/wp-json\/wp\/v2\/types\/product"}],"wp:featuredmedia":[{"embeddable":true,"href":"https:\/\/apotekar-online.rs\/ro\/wp-json\/wp\/v2\/media\/2540"}],"wp:attachment":[{"href":"https:\/\/apotekar-online.rs\/ro\/wp-json\/wp\/v2\/media?parent=2539"}],"wp:term":[{"taxonomy":"product_brand","embeddable":true,"href":"https:\/\/apotekar-online.rs\/ro\/wp-json\/wp\/v2\/product_brand?post=2539"},{"taxonomy":"product_cat","embeddable":true,"href":"https:\/\/apotekar-online.rs\/ro\/wp-json\/wp\/v2\/product_cat?post=2539"},{"taxonomy":"product_tag","embeddable":true,"href":"https:\/\/apotekar-online.rs\/ro\/wp-json\/wp\/v2\/product_tag?post=2539"}],"curies":[{"name":"wp","href":"https:\/\/api.w.org\/{rel}","templated":true}]}}