{"id":2542,"date":"2023-04-07T21:02:51","date_gmt":"2023-04-07T23:02:51","guid":{"rendered":"https:\/\/apotekar-online.rs\/?post_type=product&#038;p=2542"},"modified":"2026-03-05T08:21:10","modified_gmt":"2026-03-05T10:21:10","slug":"nuk-varalica-rose-blue-6-18m-silikon","status":"publish","type":"product","link":"https:\/\/apotekar-online.rs\/ro\/p\/nuk-varalica-rose-blue-6-18m-silikon\/","title":{"rendered":"Nuk varalica Rose Blue 6-18m silikon"},"content":{"rendered":"","protected":false},"excerpt":{"rendered":"<p>Ortodontski (anatomski) oblik varalice koji ne remeti potrebu beba da sisaju, dok dr\u017eanje varalice poma\u017ee ja\u010danju desni i mi\u0161i\u0107a vilice.<br \/>\nPlasti\u010dni obod cucle oblikovan je tako da se idealno prilago\u0111ava obliku bebinih usta i vilice kako ne bi do\u0161lo do deformacija vili\u010dnih kostiju.<br \/>\nDve bo\u010dne rupice na plasti\u010dnom obodu obezbe\u0111uju optimalan dovod vazduha, a sama varalica ima integrisan kanal za cirkulaciju vazduha koji spre\u010dava nakupljanje te\u010dnosti iz usta. Tako vazduh mo\u017ee da cirkuli\u0161e, \u010dime se spre\u010dava crvenilo i iritacija oko bebinih usta.<br \/>\nNuk Cheater este complet sigur deoarece nu con\u021bine bisfenol A.<\/p>\n<p>&nbsp;<\/p>\n<p><strong>Not\u0103:<\/strong>\u00a0Ne str\u0103duim s\u0103 fim c\u00e2t mai precisi \u00een descrierea tuturor produselor, dar nu putem garanta c\u0103 toate descrierile sunt complete \u0219i f\u0103r\u0103 erori. Multumesc pentru intelegere.<br \/>\nToate articolele afi\u0219ate pe site fac parte din oferta noastr\u0103, dar nu \u00eenseamn\u0103 c\u0103 sunt disponibile \u00een orice moment.<\/p>","protected":false},"featured_media":2548,"template":"","meta":[],"product_brand":[],"product_cat":[385,340],"product_tag":[390,386,394],"class_list":{"0":"post-2542","1":"product","2":"type-product","3":"status-publish","4":"has-post-thumbnail","6":"product_cat-bebi-oprema","7":"product_cat-deciji-program","8":"product_tag-bebe","9":"product_tag-oprema","10":"product_tag-varalica","11":"pa_brend-nuk","13":"first","14":"instock","15":"shipping-taxable","16":"purchasable","17":"product-type-simple"},"ams_default_variation_id":0,"ams_product_points_reward":[],"ams_product_discount_percentage":0,"ams_price_to_display":450,"ams_acf":[],"jetpack_sharing_enabled":true,"_links":{"self":[{"href":"https:\/\/apotekar-online.rs\/ro\/wp-json\/wp\/v2\/product\/2542","targetHints":{"allow":["GET"]}}],"collection":[{"href":"https:\/\/apotekar-online.rs\/ro\/wp-json\/wp\/v2\/product"}],"about":[{"href":"https:\/\/apotekar-online.rs\/ro\/wp-json\/wp\/v2\/types\/product"}],"wp:featuredmedia":[{"embeddable":true,"href":"https:\/\/apotekar-online.rs\/ro\/wp-json\/wp\/v2\/media\/2548"}],"wp:attachment":[{"href":"https:\/\/apotekar-online.rs\/ro\/wp-json\/wp\/v2\/media?parent=2542"}],"wp:term":[{"taxonomy":"product_brand","embeddable":true,"href":"https:\/\/apotekar-online.rs\/ro\/wp-json\/wp\/v2\/product_brand?post=2542"},{"taxonomy":"product_cat","embeddable":true,"href":"https:\/\/apotekar-online.rs\/ro\/wp-json\/wp\/v2\/product_cat?post=2542"},{"taxonomy":"product_tag","embeddable":true,"href":"https:\/\/apotekar-online.rs\/ro\/wp-json\/wp\/v2\/product_tag?post=2542"}],"curies":[{"name":"wp","href":"https:\/\/api.w.org\/{rel}","templated":true}]}}