{"id":2558,"date":"2023-04-07T21:22:38","date_gmt":"2023-04-07T23:22:38","guid":{"rendered":"https:\/\/apotekar-online.rs\/?post_type=product&#038;p=2558"},"modified":"2026-03-05T08:21:10","modified_gmt":"2026-03-05T10:21:10","slug":"chicco-wb-plasticna-flasica-150ml-silikon-plava","status":"publish","type":"product","link":"https:\/\/apotekar-online.rs\/ro\/p\/chicco-wb-plasticna-flasica-150ml-silikon-plava\/","title":{"rendered":"Chicco WB plasti\u010dna fla\u0161ica 150ml, silikon, plava"},"content":{"rendered":"","protected":false},"excerpt":{"rendered":"<p>Datorit\u0103 plasticului alimentar de \u00eenalt\u0103 calitate, biberonul Chicco faciliteaz\u0103 hr\u0103nirea bebelu\u0219ului dup\u0103 primele luni de via\u021b\u0103, datorit\u0103 fluxului rapid de supt. Biberonul con\u021bine o suzet\u0103 moale din silicon pentru o senza\u021bie pl\u0103cut\u0103 \u00een timpul hr\u0103nirii. F\u0103r\u0103 bisfenol A. Dimensiunea mililitrilor este de 150 ml. Culoarea este albastra. Sticla este disponibil\u0103 \u0219i \u00een alte modele \u0219i culori, precum \u0219i \u00een mililitri.<\/p>\n<p><strong>Not\u0103:<\/strong>\u00a0Ne str\u0103duim s\u0103 fim c\u00e2t mai precisi \u00een descrierea tuturor produselor, dar nu putem garanta c\u0103 toate descrierile sunt complete \u0219i f\u0103r\u0103 erori. Multumesc pentru intelegere.<br \/>\nToate articolele afi\u0219ate pe site fac parte din oferta noastr\u0103, dar nu \u00eenseamn\u0103 c\u0103 sunt disponibile \u00een orice moment.<\/p>","protected":false},"featured_media":2559,"template":"","meta":[],"product_brand":[],"product_cat":[385,340],"product_tag":[390,392,386],"class_list":{"0":"post-2558","1":"product","2":"type-product","3":"status-publish","4":"has-post-thumbnail","6":"product_cat-bebi-oprema","7":"product_cat-deciji-program","8":"product_tag-bebe","9":"product_tag-ishrana","10":"product_tag-oprema","11":"pa_brend-chicco","13":"first","14":"instock","15":"shipping-taxable","16":"purchasable","17":"product-type-simple"},"ams_default_variation_id":0,"ams_product_points_reward":[],"ams_product_discount_percentage":0,"ams_price_to_display":870,"ams_acf":[],"jetpack_sharing_enabled":true,"_links":{"self":[{"href":"https:\/\/apotekar-online.rs\/ro\/wp-json\/wp\/v2\/product\/2558","targetHints":{"allow":["GET"]}}],"collection":[{"href":"https:\/\/apotekar-online.rs\/ro\/wp-json\/wp\/v2\/product"}],"about":[{"href":"https:\/\/apotekar-online.rs\/ro\/wp-json\/wp\/v2\/types\/product"}],"wp:featuredmedia":[{"embeddable":true,"href":"https:\/\/apotekar-online.rs\/ro\/wp-json\/wp\/v2\/media\/2559"}],"wp:attachment":[{"href":"https:\/\/apotekar-online.rs\/ro\/wp-json\/wp\/v2\/media?parent=2558"}],"wp:term":[{"taxonomy":"product_brand","embeddable":true,"href":"https:\/\/apotekar-online.rs\/ro\/wp-json\/wp\/v2\/product_brand?post=2558"},{"taxonomy":"product_cat","embeddable":true,"href":"https:\/\/apotekar-online.rs\/ro\/wp-json\/wp\/v2\/product_cat?post=2558"},{"taxonomy":"product_tag","embeddable":true,"href":"https:\/\/apotekar-online.rs\/ro\/wp-json\/wp\/v2\/product_tag?post=2558"}],"curies":[{"name":"wp","href":"https:\/\/api.w.org\/{rel}","templated":true}]}}