{"id":2563,"date":"2023-04-07T21:32:09","date_gmt":"2023-04-07T23:32:09","guid":{"rendered":"https:\/\/apotekar-online.rs\/?post_type=product&#038;p=2563"},"modified":"2026-03-05T08:21:10","modified_gmt":"2026-03-05T10:21:10","slug":"chicco-laza-physio-soft-sil-plava-6-16m","status":"publish","type":"product","link":"https:\/\/apotekar-online.rs\/ro\/p\/chicco-laza-physio-soft-sil-plava-6-16m\/","title":{"rendered":"Chicco la\u017ea Physio Soft sil. plava, 6-16m"},"content":{"rendered":"","protected":false},"excerpt":{"rendered":"<p>Chicco je italijanski brend sa tradicijom dugom preko 60 godina. La\u017ea je od silikona, za uzrast 6-16 meseci. La\u017ea je ergonomskog oblika prianja bebinom licu pravilno, obezbe\u0111uju\u0107i dovoljno prostora izme\u0111u brade i nosi\u0107a. Zahvaljuju\u0107i nekoliko ventilacionih rupa koje obezbe\u0111uju cirkulaciju vazduha, spre\u010davaju\u0107i iritacije i omogu\u0107ava bebinoj osetljivoj ko\u017ei da di\u0161e. Bez Bisfenola A.<br \/>\nMaterial: silicon<br \/>\nUzrast: 6-16m<br \/>\nNumar de piese in pachet: 1buc.<\/p>\n<p><strong>Not\u0103:<\/strong>\u00a0Ne str\u0103duim s\u0103 fim c\u00e2t mai precisi \u00een descrierea tuturor produselor, dar nu putem garanta c\u0103 toate descrierile sunt complete \u0219i f\u0103r\u0103 erori. Multumesc pentru intelegere.<br \/>\nToate articolele afi\u0219ate pe site fac parte din oferta noastr\u0103, dar nu \u00eenseamn\u0103 c\u0103 sunt disponibile \u00een orice moment.<\/p>","protected":false},"featured_media":2564,"template":"","meta":[],"product_brand":[],"product_cat":[385,340],"product_tag":[390,400,386],"class_list":{"0":"post-2563","1":"product","2":"type-product","3":"status-publish","4":"has-post-thumbnail","6":"product_cat-bebi-oprema","7":"product_cat-deciji-program","8":"product_tag-bebe","9":"product_tag-laza","10":"product_tag-oprema","11":"pa_brend-chicco","13":"first","14":"instock","15":"shipping-taxable","16":"purchasable","17":"product-type-simple"},"ams_default_variation_id":0,"ams_product_points_reward":[],"ams_product_discount_percentage":0,"ams_price_to_display":580,"ams_acf":[],"jetpack_sharing_enabled":true,"_links":{"self":[{"href":"https:\/\/apotekar-online.rs\/ro\/wp-json\/wp\/v2\/product\/2563","targetHints":{"allow":["GET"]}}],"collection":[{"href":"https:\/\/apotekar-online.rs\/ro\/wp-json\/wp\/v2\/product"}],"about":[{"href":"https:\/\/apotekar-online.rs\/ro\/wp-json\/wp\/v2\/types\/product"}],"wp:featuredmedia":[{"embeddable":true,"href":"https:\/\/apotekar-online.rs\/ro\/wp-json\/wp\/v2\/media\/2564"}],"wp:attachment":[{"href":"https:\/\/apotekar-online.rs\/ro\/wp-json\/wp\/v2\/media?parent=2563"}],"wp:term":[{"taxonomy":"product_brand","embeddable":true,"href":"https:\/\/apotekar-online.rs\/ro\/wp-json\/wp\/v2\/product_brand?post=2563"},{"taxonomy":"product_cat","embeddable":true,"href":"https:\/\/apotekar-online.rs\/ro\/wp-json\/wp\/v2\/product_cat?post=2563"},{"taxonomy":"product_tag","embeddable":true,"href":"https:\/\/apotekar-online.rs\/ro\/wp-json\/wp\/v2\/product_tag?post=2563"}],"curies":[{"name":"wp","href":"https:\/\/api.w.org\/{rel}","templated":true}]}}