{"id":2565,"date":"2023-04-07T21:35:18","date_gmt":"2023-04-07T23:35:18","guid":{"rendered":"https:\/\/apotekar-online.rs\/?post_type=product&#038;p=2565"},"modified":"2026-03-05T08:21:10","modified_gmt":"2026-03-05T10:21:10","slug":"chicco-laza-physio-air-sil-plava-6-16m-2kom","status":"publish","type":"product","link":"https:\/\/apotekar-online.rs\/ro\/p\/chicco-laza-physio-air-sil-plava-6-16m-2kom\/","title":{"rendered":"Chicco la\u017ea Physio Air sil. plava 6-16m, 2kom"},"content":{"rendered":"","protected":false},"excerpt":{"rendered":"<p>Chicco este un brand italian cu peste 60 de ani de tradi\u021bie. Chicco este unul dintre m\u0103rcile de top de pe pia\u021ba mondial\u0103 de produse pentru bebelu\u0219i \u0219i copii \u0219i este unul dintre cele mai bine v\u00e2ndute zece m\u0103rci italiene din lume. Puterea brandului Chicco se bazeaz\u0103 pe faptul c\u0103 acesta este singurul brand din lume care r\u0103spunde nevoilor copiilor de la na\u0219tere p\u00e2n\u0103 la trei ani.<\/p>\n<p><strong>Not\u0103:<\/strong>\u00a0Ne str\u0103duim s\u0103 fim c\u00e2t mai precisi \u00een descrierea tuturor produselor, dar nu putem garanta c\u0103 toate descrierile sunt complete \u0219i f\u0103r\u0103 erori. Multumesc pentru intelegere.<br \/>\nToate articolele afi\u0219ate pe site fac parte din oferta noastr\u0103, dar nu \u00eenseamn\u0103 c\u0103 sunt disponibile \u00een orice moment.<\/p>","protected":false},"featured_media":2568,"template":"","meta":[],"product_brand":[],"product_cat":[385,340],"product_tag":[390,386],"class_list":{"0":"post-2565","1":"product","2":"type-product","3":"status-publish","4":"has-post-thumbnail","6":"product_cat-bebi-oprema","7":"product_cat-deciji-program","8":"product_tag-bebe","9":"product_tag-oprema","10":"pa_brend-chicco","12":"first","13":"instock","14":"shipping-taxable","15":"purchasable","16":"product-type-simple"},"ams_default_variation_id":0,"ams_product_points_reward":[],"ams_product_discount_percentage":0,"ams_price_to_display":860,"ams_acf":[],"jetpack_sharing_enabled":true,"_links":{"self":[{"href":"https:\/\/apotekar-online.rs\/ro\/wp-json\/wp\/v2\/product\/2565","targetHints":{"allow":["GET"]}}],"collection":[{"href":"https:\/\/apotekar-online.rs\/ro\/wp-json\/wp\/v2\/product"}],"about":[{"href":"https:\/\/apotekar-online.rs\/ro\/wp-json\/wp\/v2\/types\/product"}],"wp:featuredmedia":[{"embeddable":true,"href":"https:\/\/apotekar-online.rs\/ro\/wp-json\/wp\/v2\/media\/2568"}],"wp:attachment":[{"href":"https:\/\/apotekar-online.rs\/ro\/wp-json\/wp\/v2\/media?parent=2565"}],"wp:term":[{"taxonomy":"product_brand","embeddable":true,"href":"https:\/\/apotekar-online.rs\/ro\/wp-json\/wp\/v2\/product_brand?post=2565"},{"taxonomy":"product_cat","embeddable":true,"href":"https:\/\/apotekar-online.rs\/ro\/wp-json\/wp\/v2\/product_cat?post=2565"},{"taxonomy":"product_tag","embeddable":true,"href":"https:\/\/apotekar-online.rs\/ro\/wp-json\/wp\/v2\/product_tag?post=2565"}],"curies":[{"name":"wp","href":"https:\/\/api.w.org\/{rel}","templated":true}]}}