{"id":2591,"date":"2023-04-08T12:12:35","date_gmt":"2023-04-08T14:12:35","guid":{"rendered":"https:\/\/apotekar-online.rs\/?post_type=product&#038;p=2591"},"modified":"2026-03-05T08:21:09","modified_gmt":"2026-03-05T10:21:09","slug":"nip-pp-flas-sa-sir-otvorom-0m-150ml-pink","status":"publish","type":"product","link":"https:\/\/apotekar-online.rs\/ro\/p\/nip-pp-flas-sa-sir-otvorom-0m-150ml-pink\/","title":{"rendered":"Nip pp fla\u0161 sa \u0161ir otvorom 0m+ 150ml-pink"},"content":{"rendered":"","protected":false},"excerpt":{"rendered":"<p>Nip este un brand german cu o tradi\u021bie de 80 de ani. Toate produsele sunt dezvoltate \u0219i fabricate \u00een Germania cu ideea de a oferi mamelor \u0219i bebelu\u0219ilor doar produse de cea mai \u00eenalt\u0103 calitate. Flaconul are un volum de 120 ml \u0219i este fabricat din sticl\u0103 borosilicat\u0103 de \u00eenalt\u0103 calitate, cu gura larg\u0103. Biberonul este destinat bebelusilor inca de la nastere (0m+) si vine insotit de suzeta din silicon.<br \/>\nG\u00e2tul larg al sticlei faciliteaz\u0103 umplerea \u0219i sp\u0103larea sticlei. Suzeta care vine cu biberon are un sistem ACTIFLEX care previne tragerea suzetei \u00een timpul hr\u0103nirii, precum \u0219i o valv\u0103 Anticolic care reduce apari\u021bia colicilor. Sticla este de culoare albastr\u0103, cu un design interesant care atrage copiii.<br \/>\nMaterial: sticla<br \/>\nVolum: 120 ml<br \/>\nMaterial suzeta: silicon<br \/>\nVideo: \/<br \/>\nSterilizare: \u00een cuptorul cu microunde sau sterilizator electric<\/p>\n<p><strong>Not\u0103:<\/strong>\u00a0Ne str\u0103duim s\u0103 fim c\u00e2t mai precisi \u00een descrierea tuturor produselor, dar nu putem garanta c\u0103 toate descrierile sunt complete \u0219i f\u0103r\u0103 erori. Multumesc pentru intelegere.<br \/>\nToate articolele afi\u0219ate pe site fac parte din oferta noastr\u0103, dar nu \u00eenseamn\u0103 c\u0103 sunt disponibile \u00een orice moment.<\/p>","protected":false},"featured_media":2592,"template":"","meta":[],"product_brand":[],"product_cat":[340,385],"product_tag":[],"class_list":{"0":"post-2591","1":"product","2":"type-product","3":"status-publish","4":"has-post-thumbnail","6":"product_cat-deciji-program","7":"product_cat-bebi-oprema","8":"pa_brend-nip","10":"first","11":"instock","12":"shipping-taxable","13":"purchasable","14":"product-type-simple"},"ams_default_variation_id":0,"ams_product_points_reward":[],"ams_product_discount_percentage":0,"ams_price_to_display":625,"ams_acf":[],"jetpack_sharing_enabled":true,"_links":{"self":[{"href":"https:\/\/apotekar-online.rs\/ro\/wp-json\/wp\/v2\/product\/2591","targetHints":{"allow":["GET"]}}],"collection":[{"href":"https:\/\/apotekar-online.rs\/ro\/wp-json\/wp\/v2\/product"}],"about":[{"href":"https:\/\/apotekar-online.rs\/ro\/wp-json\/wp\/v2\/types\/product"}],"wp:featuredmedia":[{"embeddable":true,"href":"https:\/\/apotekar-online.rs\/ro\/wp-json\/wp\/v2\/media\/2592"}],"wp:attachment":[{"href":"https:\/\/apotekar-online.rs\/ro\/wp-json\/wp\/v2\/media?parent=2591"}],"wp:term":[{"taxonomy":"product_brand","embeddable":true,"href":"https:\/\/apotekar-online.rs\/ro\/wp-json\/wp\/v2\/product_brand?post=2591"},{"taxonomy":"product_cat","embeddable":true,"href":"https:\/\/apotekar-online.rs\/ro\/wp-json\/wp\/v2\/product_cat?post=2591"},{"taxonomy":"product_tag","embeddable":true,"href":"https:\/\/apotekar-online.rs\/ro\/wp-json\/wp\/v2\/product_tag?post=2591"}],"curies":[{"name":"wp","href":"https:\/\/api.w.org\/{rel}","templated":true}]}}