{"id":2610,"date":"2023-04-08T17:31:43","date_gmt":"2023-04-08T19:31:43","guid":{"rendered":"https:\/\/apotekar-online.rs\/?post_type=product&#038;p=2610"},"modified":"2026-03-05T08:21:08","modified_gmt":"2026-03-05T10:21:08","slug":"nip-training-flask-dec-ruc-150ml-sil-pisak-6m","status":"publish","type":"product","link":"https:\/\/apotekar-online.rs\/ro\/p\/nip-trening-flasica-dec-ruc-150ml-sil-pisak-6m\/","title":{"rendered":"Nip training bottle boy. Masa de pranz 150ml sil.pisak 6m+"},"content":{"rendered":"","protected":false},"excerpt":{"rendered":"<p>Nip este un brand german cu o tradi\u021bie de 80 de ani. Toate produsele sunt dezvoltate \u0219i fabricate \u00een Germania cu ideea de a oferi mamelor \u0219i bebelu\u0219ilor doar produse de cea mai \u00eenalt\u0103 calitate. Biberonul de antrenament pentru nip are mamelon \u0219i m\u00e2nere din silicon \u0219i este destinat bebelu\u0219ilor de la \u0219ase luni (6m+). Are un volum de 150 ml si nu contine Bisfenol A.<br \/>\nDeschiderea larga a sticlei permite o umplere mai usoara a sticlei, precum si o spalare mai usoara. Sistemul ACTIFLE X previne \u00eenfundarea mameloanului \u0219i permite un flux uniform de lichid. Forma ergonomic\u0103 \u0219i m\u00e2nerele faciliteaz\u0103 pentru bebelu\u0219 s\u0103 \u021bin\u0103 biberonul. Sticla are un design interesant, colorat, \u00een culoarea albastr\u0103.<br \/>\nMaterial: PP<br \/>\nVolum: 150 ml<br \/>\nMaterial suzeta: mamelon din silicon<br \/>\nVideo: \/<br \/>\nSterilizare: \u00een cuptorul cu microunde sau sterilizator electric<\/p>\n<p><strong>Not\u0103:<\/strong>\u00a0Ne str\u0103duim s\u0103 fim c\u00e2t mai precisi \u00een descrierea tuturor produselor, dar nu putem garanta c\u0103 toate descrierile sunt complete \u0219i f\u0103r\u0103 erori. Multumesc pentru intelegere.<br \/>\nToate articolele afi\u0219ate pe site fac parte din oferta noastr\u0103, dar nu \u00eenseamn\u0103 c\u0103 sunt disponibile \u00een orice moment.<\/p>","protected":false},"featured_media":2611,"template":"","meta":[],"product_brand":[],"product_cat":[385,340],"product_tag":[],"class_list":{"0":"post-2610","1":"product","2":"type-product","3":"status-publish","4":"has-post-thumbnail","6":"product_cat-bebi-oprema","7":"product_cat-deciji-program","8":"pa_brend-nip","10":"first","11":"instock","12":"shipping-taxable","13":"purchasable","14":"product-type-simple"},"ams_default_variation_id":0,"ams_product_points_reward":[],"ams_product_discount_percentage":0,"ams_price_to_display":780,"ams_acf":[],"jetpack_sharing_enabled":true,"_links":{"self":[{"href":"https:\/\/apotekar-online.rs\/ro\/wp-json\/wp\/v2\/product\/2610","targetHints":{"allow":["GET"]}}],"collection":[{"href":"https:\/\/apotekar-online.rs\/ro\/wp-json\/wp\/v2\/product"}],"about":[{"href":"https:\/\/apotekar-online.rs\/ro\/wp-json\/wp\/v2\/types\/product"}],"wp:featuredmedia":[{"embeddable":true,"href":"https:\/\/apotekar-online.rs\/ro\/wp-json\/wp\/v2\/media\/2611"}],"wp:attachment":[{"href":"https:\/\/apotekar-online.rs\/ro\/wp-json\/wp\/v2\/media?parent=2610"}],"wp:term":[{"taxonomy":"product_brand","embeddable":true,"href":"https:\/\/apotekar-online.rs\/ro\/wp-json\/wp\/v2\/product_brand?post=2610"},{"taxonomy":"product_cat","embeddable":true,"href":"https:\/\/apotekar-online.rs\/ro\/wp-json\/wp\/v2\/product_cat?post=2610"},{"taxonomy":"product_tag","embeddable":true,"href":"https:\/\/apotekar-online.rs\/ro\/wp-json\/wp\/v2\/product_tag?post=2610"}],"curies":[{"name":"wp","href":"https:\/\/api.w.org\/{rel}","templated":true}]}}