{"id":2621,"date":"2023-04-08T17:53:49","date_gmt":"2023-04-08T19:53:49","guid":{"rendered":"https:\/\/apotekar-online.rs\/?post_type=product&#038;p=2621"},"modified":"2026-03-05T08:20:31","modified_gmt":"2026-03-05T10:20:31","slug":"nip-nou-nascut-silicon-laza-pentru-baieti-0-2-luni-2-bucati","status":"publish","type":"product","link":"https:\/\/apotekar-online.rs\/ro\/p\/nip-newborn-silikonska-laza-za-decake-0-2-meseca-2-komada\/","title":{"rendered":"Minciuna din silicon Nip Newborn pentru baieti 0-2 luni - 2 bucati"},"content":{"rendered":"","protected":false},"excerpt":{"rendered":"<p>Nip este un brand german cu o tradi\u021bie de 80 de ani. Toate produsele sunt dezvoltate \u0219i fabricate \u00een Germania cu ideea de a oferi mamelor \u0219i bebelu\u0219ilor doar produse de cea mai \u00eenalt\u0103 calitate.<br \/>\nO minciun\u0103 foarte mic\u0103 din silicon, pentru v\u00e2rsta de 0-2 luni. Scutul de minciun\u0103 este rotund \u0219i moale, realizat din plastic PP. Exist\u0103 orificii mari de ventila\u021bie pe scut care permit pielii sensibile a bebelu\u0219ului s\u0103 respire. Design dragut si atractiv, potrivit atat pentru baieti cat si pentru fete. Fara bisfenol A.<br \/>\nMaterial: silicon<br \/>\nVarsta: 0-2m<br \/>\nNumar de bucati in pachet: 2 bucati<br \/>\nVideo:<br \/>\nSterilizare: \u00een cuptorul cu microunde sau sterilizator electric<\/p>\n<p><strong>Not\u0103:<\/strong>\u00a0Ne str\u0103duim s\u0103 fim c\u00e2t mai precisi \u00een descrierea tuturor produselor, dar nu putem garanta c\u0103 toate descrierile sunt complete \u0219i f\u0103r\u0103 erori. Multumesc pentru intelegere.<br \/>\nToate articolele afi\u0219ate pe site fac parte din oferta noastr\u0103, dar nu \u00eenseamn\u0103 c\u0103 sunt disponibile \u00een orice moment.<\/p>","protected":false},"featured_media":2622,"template":"","meta":[],"product_brand":[],"product_cat":[385,340],"product_tag":[],"class_list":{"0":"post-2621","1":"product","2":"type-product","3":"status-publish","4":"has-post-thumbnail","6":"product_cat-bebi-oprema","7":"product_cat-deciji-program","8":"pa_brend-nip","10":"first","11":"instock","12":"shipping-taxable","13":"purchasable","14":"product-type-simple"},"ams_default_variation_id":0,"ams_product_points_reward":[],"ams_product_discount_percentage":0,"ams_price_to_display":490,"ams_acf":[],"jetpack_sharing_enabled":true,"_links":{"self":[{"href":"https:\/\/apotekar-online.rs\/ro\/wp-json\/wp\/v2\/product\/2621","targetHints":{"allow":["GET"]}}],"collection":[{"href":"https:\/\/apotekar-online.rs\/ro\/wp-json\/wp\/v2\/product"}],"about":[{"href":"https:\/\/apotekar-online.rs\/ro\/wp-json\/wp\/v2\/types\/product"}],"wp:featuredmedia":[{"embeddable":true,"href":"https:\/\/apotekar-online.rs\/ro\/wp-json\/wp\/v2\/media\/2622"}],"wp:attachment":[{"href":"https:\/\/apotekar-online.rs\/ro\/wp-json\/wp\/v2\/media?parent=2621"}],"wp:term":[{"taxonomy":"product_brand","embeddable":true,"href":"https:\/\/apotekar-online.rs\/ro\/wp-json\/wp\/v2\/product_brand?post=2621"},{"taxonomy":"product_cat","embeddable":true,"href":"https:\/\/apotekar-online.rs\/ro\/wp-json\/wp\/v2\/product_cat?post=2621"},{"taxonomy":"product_tag","embeddable":true,"href":"https:\/\/apotekar-online.rs\/ro\/wp-json\/wp\/v2\/product_tag?post=2621"}],"curies":[{"name":"wp","href":"https:\/\/api.w.org\/{rel}","templated":true}]}}